{"id":999,"date":"2022-10-24T06:45:11","date_gmt":"2022-10-24T06:45:11","guid":{"rendered":"http:\/\/sammarco.vn\/?post_type=product&#038;p=999"},"modified":"2023-05-22T14:11:28","modified_gmt":"2023-05-22T14:11:28","slug":"la-passione","status":"publish","type":"product","link":"https:\/\/sammarco.vn\/?product=la-passione","title":{"rendered":"La Passione"},"content":{"rendered":"<p>Xu\u1ea5t x\u1ee9: Salento &#8211; Italy<br \/>\nNh\u00e0 l\u00e0m vang: feudi Salentini<br \/>\nPh\u00e2n h\u1ea1ng: I.G.P<br \/>\nTh\u1eddi gian \u1ee7: 9 th\u00e1ng trong th\u00f9ng g\u1ed7 s\u1ed3i<br \/>\nQuy c\u00e1ch: Th\u00f9ng 6 chai * 750ml<br \/>\nNhi\u1ec7t \u0111\u1ed9 u\u1ed1ng th\u00edch h\u1ee3p: 16-18 \u0111\u1ed9 C<br \/>\nM\u00e0u s\u1eafc: M\u00e0u \u0111\u1ecf Ruby \u0111\u1eadm \u00e1nh t\u00edm<\/p>\n<p><img decoding=\"async\" loading=\"lazy\" class=\"size-medium wp-image-1000 aligncenter\" src=\"http:\/\/sammarco.vn\/wp-content\/uploads\/2022\/10\/La-Passione-317x400.jpg\" alt=\"\" width=\"317\" height=\"400\" srcset=\"https:\/\/sammarco.vn\/wp-content\/uploads\/2022\/10\/La-Passione-317x400.jpg 317w, https:\/\/sammarco.vn\/wp-content\/uploads\/2022\/10\/La-Passione.jpg 480w\" sizes=\"(max-width: 317px) 100vw, 317px\" \/><br \/>\nH\u01b0\u01a1ng v\u1ecb: La Passione l\u00e0 s\u1ea3n ph\u1ea9m k\u1ef7 ni\u1ec7m ng\u00e0y th\u00e0nh l\u1eadp c\u1ee7a Frudi Salentini v\u1edbi s\u1ed1 l\u01b0\u1ee3ng c\u00f3 h\u1ea1n. La Passione \u0111\u01b0\u1ee3c l\u00e0m t\u1eeb gi\u1ed1ng nho Primitivo h\u00e1i t\u1eeb nh\u1eefng c\u00e2y nho c\u00f3 tu\u1ed5i th\u1ecd cao c\u1ee7a c\u00e1c v\u01b0\u1eddn nho v\u00f9ng Salento, sau \u0111\u00f3 \u00e9p v\u00e0 \u0111\u01b0\u1ee3c \u1ee7 9 th\u00e1ng trong th\u00f9ng g\u1ed7 s\u1ed3i c\u1ee7a Ph\u00e1p. R\u01b0\u1ee3u c\u00f3 m\u00e0u ruby \u0111\u1eadm \u00e1nh t\u00edm v\u1edbi h\u01b0\u01a1ng th\u01a1m quy\u1ebfn r\u0169 c\u1ee7a tr\u00e1i m\u1ead, d\u00e2u r\u1eebng, tr\u00e1i c\u00e2y \u0111\u1ecf, m\u1ee9t d\u00e2u, m\u00f9i b\u00e1nh cake, m\u00f9i da thu\u1ed9c. R\u01b0\u1ee3u c\u00f3 v\u1ecb ch\u00e1t v\u1eeba, v\u1ecb ng\u1ecdt d\u1ecbu h\u00f2a quy\u1ec7n v\u1edbi nhau t\u1ea1o cho r\u01b0\u1ee3u c\u00f3 1 h\u1eadu v\u1ecb d\u1ec5 ch\u1ecbu, k\u00e9o d\u00e0i<br \/>\nM\u00f3n \u0103n k\u1ebft h\u1ee3p: Th\u00edch h\u1ee3p v\u1edbi c\u00e1c mon \u0103n t\u1eeb th\u1ecbt \u0111\u1ecf n\u01b0\u1edbng, th\u1ecbt b\u00f2 s\u1ed1t ti\u00eau, s\u1ed1t n\u1ea5m v\u00e0 ph\u00f4 mai<\/p>\n<p>&nbsp;<\/p>\n","protected":false},"excerpt":{"rendered":"<p>Xu\u1ea5t x\u1ee9: Salento &#8211; Italy<br \/>\nNh\u00e0 l\u00e0m vang: feudi Salentini<br \/>\nPh\u00e2n h\u1ea1ng: I.G.P<br \/>\nTh\u1eddi gian \u1ee7: 9 th\u00e1ng trong th\u00f9ng g\u1ed7 s\u1ed3i<br \/>\nQuy c\u00e1ch: Th\u00f9ng 6 chai * 750ml<br \/>\nNhi\u1ec7t \u0111\u1ed9 u\u1ed1ng th\u00edch h\u1ee3p: 16-18 \u0111\u1ed9 C<br \/>\nM\u00e0u s\u1eafc: M\u00e0u \u0111\u1ecf Ruby \u0111\u1eadm \u00e1nh t\u00edm<\/p>\n","protected":false},"featured_media":1000,"comment_status":"open","ping_status":"closed","template":"","meta":[],"_links":{"self":[{"href":"https:\/\/sammarco.vn\/index.php?rest_route=\/wp\/v2\/product\/999"}],"collection":[{"href":"https:\/\/sammarco.vn\/index.php?rest_route=\/wp\/v2\/product"}],"about":[{"href":"https:\/\/sammarco.vn\/index.php?rest_route=\/wp\/v2\/types\/product"}],"replies":[{"embeddable":true,"href":"https:\/\/sammarco.vn\/index.php?rest_route=%2Fwp%2Fv2%2Fcomments&post=999"}],"wp:featuredmedia":[{"embeddable":true,"href":"https:\/\/sammarco.vn\/index.php?rest_route=\/wp\/v2\/media\/1000"}],"wp:attachment":[{"href":"https:\/\/sammarco.vn\/index.php?rest_route=%2Fwp%2Fv2%2Fmedia&parent=999"}],"curies":[{"name":"wp","href":"https:\/\/api.w.org\/{rel}","templated":true}]}}