{"id":960,"date":"2021-11-04T06:37:38","date_gmt":"2021-11-04T06:37:38","guid":{"rendered":"http:\/\/sammarco.vn\/?post_type=product&#038;p=960"},"modified":"2022-07-22T04:37:54","modified_gmt":"2022-07-22T04:37:54","slug":"ruou-vang-phap-d-de-dauzac","status":"publish","type":"product","link":"https:\/\/sammarco.vn\/?product=ruou-vang-phap-d-de-dauzac","title":{"rendered":"R\u01b0\u1ee3u Vang Ph\u00e1p D De Dauzac"},"content":{"rendered":"<p>\u25ba\u00a0<strong>Xu\u1ea5t s\u1ee9:\u00a0<\/strong>Ph\u00e1p<\/p>\n<p><strong>\u25ba V\u00f9ng L\u00e0m Vang:<\/strong>\u00a0Bordeaux<\/p>\n<p>\u25ba\u00a0<strong>Lo\u1ea1i vang:<\/strong>\u00a0R\u01b0\u1ee3u Vang \u0110\u1ecf<\/p>\n<p>\u25ba\u00a0<strong>Gi\u1ed1ng nho:<\/strong>\u00a0Cabernet Sauvignon,\u00a0Merlot<\/p>\n<p>\u25ba\u00a0<strong>N\u1ed3ng \u0111\u1ed9:<\/strong>\u00a013%<\/p>\n<p><strong>\u25ba Dung T\u00edch:<\/strong>\u00a0750 ML<\/p>\n<p>\u25ba\u00a0<strong>M\u00f3n \u0103n k\u1ebft h\u1ee3p:\u00a0<\/strong>D\u00f9ng v\u1edbi th\u1ecbt v\u1ecbt, th\u1ecbt b\u00f2 cay, pate, th\u1ecbt th\u1ecf, th\u1ecbt quay, pho m\u00e1t c\u1ee9ng, pho m\u00e1t xanh,\u2026<\/p>\n<p>\u25ba\u00a0<strong>Nhi\u1ec7t \u0111\u1ed9 ph\u1ee5c v\u1ee5:<\/strong>\u00a015 \u2013 18 \u0111\u1ed9 C<\/p>\n<p>\u25ba\u00a0<strong>Quy c\u00e1ch:<\/strong>\u00a06 chai\/th\u00f9ng<\/p>\n<p>Lo\u1ea1i vang n\u00e0y \u0111\u01b0\u1ee3c s\u1ea3n xu\u1ea5t t\u1eeb 2 lo\u1ea1i nho Cabernet Sauvignon v\u00e0 nho Merlot c\u1ee7a v\u00f9ng Bordeaux. K\u1ef9 thu\u1eadt ch\u0103m s\u00f3c t\u1ea1i trang tr\u1ea1i nho n\u00e0y \u0111\u1ea3m b\u1ea3o c\u00e1c ti\u00eau chu\u1ea9n cao c\u1ea5p. Vang \u0111\u1ecf n\u00e0y \u0111\u01b0\u1ee3c l\u00ean men v\u00e0 nu\u00f4i \u1ee7 qua 2 giai \u0111o\u1ea1n: 1 n\u0103m trong th\u00f9ng th\u00e9p ch\u1ed1ng g\u1ec9 v\u00e0 1 n\u0103m trong th\u00f9ng g\u1ed7 s\u1ed3i.<\/p>\n<p>V\u1ebb ngo\u00e0i b\u1eaft m\u1eaft c\u1ee7a chai r\u01b0\u1ee3u ch\u1eafc ch\u1eafn s\u1ebd khi\u1ebfn b\u1ea1n \u201cph\u1ea3i l\u00f2ng\u201d ngay t\u1eeb c\u00e1i nh\u00ecn \u0111\u1ea7u ti\u00ean. M\u00e0u \u0111en sang tr\u1ecdng c\u1ee7a v\u1ecf chai \u0111\u01b0\u1ee3c nh\u1ea5n nh\u00e1 th\u00eam vi\u1ec1n v\u00e0ng \u1edf ph\u1ea7n n\u1eafp chai th\u1eadt s\u1ef1 r\u1ea5t \u0111\u1eb9p v\u00e0 tinh t\u1ebf. Ph\u1ea7n nh\u00e3n d\u00e1n m\u00e0u tr\u1eafng v\u1edbi bi\u1ec3u t\u01b0\u1ee3ng ch\u1eef D v\u00e0ng in ch\u00ecm c\u1ee7a h\u00e3ng r\u1ea5t thanh l\u1ecbch v\u00e0 tinh t\u1ebf.<\/p>\n<p>M\u00e0u \u0111\u1ecf \u00e1nh ng\u1ecdc c\u1ee7a lo\u1ea1i vang n\u00e0y r\u1ea5t k\u00edch th\u00edch th\u1ecb gi\u00e1c. Ch\u1eafc ch\u1eafn khi m\u1edf chai r\u01b0\u1ee3u ra b\u1ea1n s\u1ebd mu\u1ed1n n\u1ebfm th\u1eed ngay. H\u01b0\u01a1ng v\u1ecb \u0111\u1eb7c tr\u01b0ng c\u1ee7a lo\u1ea1i vang \u0111\u1ecf n\u00e0y l\u00e0 v\u1ecb th\u01a1m, cay nh\u1eb9<strong>.\u00a0<\/strong>Tanin xu\u1ea5t hi\u1ec7n m\u1ec1m m\u1ea1i \u0111\u1ea7y tinh t\u1ebf ch\u00ednh l\u00e0 bi\u1ec3u hi\u1ec7n \u0111\u1eb7c tr\u01b0ng c\u1ee7a d\u00f2ng r\u01b0\u1ee3u vang Bordeaux n\u00e0y v\u1edbi h\u1eadu v\u1ecb ngon mi\u1ec7ng.<\/p>\n<p>R\u01b0\u1ee3u vang D de Dauzac th\u01b0\u1eddng \u0111\u01b0\u1ee3c s\u1eed d\u1ee5ng trong c\u00e1c b\u1eefa ti\u1ec7c gia \u0111\u00ecnh \u0111em l\u1ea1i kh\u00f4ng kh\u00ed \u1ea5m c\u0169ng. N\u00f3 c\u0169ng d\u00f9ng trong c\u00e1c \u0111\u1ea1i ti\u1ec7c nh\u01b0 ti\u1ec7c c\u01b0\u1edbi g\u00f3p ph\u1ea7n k\u1ebft n\u1ed1i m\u1ecdi ng\u01b0\u1eddi v\u1edbi kh\u00f4ng kh\u00ed h\u00e2n hoan, vui v\u1ebb. H\u00e3y th\u01b0\u1edfng th\u1ee9c r\u01b0\u1ee3u vang v\u1edbi c\u00e1c m\u00f3n th\u1ecbt v\u1ecbt, th\u1ecbt b\u00f2 cay, pate, th\u1ecbt th\u1ecf, th\u1ecbt quay, pho m\u00e1t c\u1ee9ng, pho m\u00e1t xanh,\u2026 s\u1ebd r\u1ea5t th\u00fa v\u1ecb v\u00e0 h\u1ea5p d\u1eabn. Ch\u1eafc ch\u1eafn n\u00f3 s\u1ebd l\u00e0m h\u00e0i l\u00f2ng c\u1ea3 nh\u1eefng kh\u00e1ch h\u00e0ng kh\u00f3 t\u00ednh nh\u1ea5t.<\/p>\n","protected":false},"excerpt":{"rendered":"<p>\u25ba\u00a0<strong>Xu\u1ea5t s\u1ee9:\u00a0<\/strong>Ph\u00e1p<\/p>\n<p><strong>\u25ba V\u00f9ng L\u00e0m Vang:<\/strong>\u00a0Bordeaux<\/p>\n<p>\u25ba\u00a0<strong>Lo\u1ea1i vang:<\/strong>\u00a0R\u01b0\u1ee3u Vang \u0110\u1ecf<\/p>\n<p>\u25ba\u00a0<strong>Gi\u1ed1ng nho:<\/strong>\u00a0Cabernet Sauvignon,\u00a0Merlot<\/p>\n<p>\u25ba\u00a0<strong>N\u1ed3ng \u0111\u1ed9:<\/strong>\u00a013%<\/p>\n<p><strong>\u25ba Dung T\u00edch:<\/strong>\u00a0750 ML<\/p>\n<p>\u25ba\u00a0<strong>M\u00f3n \u0103n k\u1ebft h\u1ee3p:\u00a0<\/strong>D\u00f9ng v\u1edbi th\u1ecbt v\u1ecbt, th\u1ecbt b\u00f2 cay, pate, th\u1ecbt th\u1ecf, th\u1ecbt quay, pho m\u00e1t c\u1ee9ng, pho m\u00e1t xanh,\u2026<\/p>\n<p>\u25ba\u00a0<strong>Nhi\u1ec7t \u0111\u1ed9 ph\u1ee5c v\u1ee5:<\/strong>\u00a015 \u2013 18 \u0111\u1ed9 C<\/p>\n<p>\u25ba\u00a0<strong>Quy c\u00e1ch:<\/strong>\u00a06 chai\/th\u00f9ng<\/p>\n","protected":false},"featured_media":961,"comment_status":"open","ping_status":"closed","template":"","meta":[],"_links":{"self":[{"href":"https:\/\/sammarco.vn\/index.php?rest_route=\/wp\/v2\/product\/960"}],"collection":[{"href":"https:\/\/sammarco.vn\/index.php?rest_route=\/wp\/v2\/product"}],"about":[{"href":"https:\/\/sammarco.vn\/index.php?rest_route=\/wp\/v2\/types\/product"}],"replies":[{"embeddable":true,"href":"https:\/\/sammarco.vn\/index.php?rest_route=%2Fwp%2Fv2%2Fcomments&post=960"}],"wp:featuredmedia":[{"embeddable":true,"href":"https:\/\/sammarco.vn\/index.php?rest_route=\/wp\/v2\/media\/961"}],"wp:attachment":[{"href":"https:\/\/sammarco.vn\/index.php?rest_route=%2Fwp%2Fv2%2Fmedia&parent=960"}],"curies":[{"name":"wp","href":"https:\/\/api.w.org\/{rel}","templated":true}]}}