{"id":954,"date":"2021-10-19T09:09:20","date_gmt":"2021-10-19T09:09:20","guid":{"rendered":"http:\/\/sammarco.vn\/?post_type=product&#038;p=954"},"modified":"2022-07-22T04:37:54","modified_gmt":"2022-07-22T04:37:54","slug":"ruou-vang-y-apollo-primitivo","status":"publish","type":"product","link":"https:\/\/sammarco.vn\/?product=ruou-vang-y-apollo-primitivo","title":{"rendered":"R\u01b0\u1ee3u vang \u00dd Apollo Primitivo"},"content":{"rendered":"<p>R\u01b0\u1ee3u vang \u00dd Apollo Primitivo l\u00e0 m\u1ed9t trong nh\u1eefng chai vang \u00dd Ngon,\u00a0<strong>r\u01b0\u1ee3u vang \u00dd<\/strong>\u00a0lu\u00f4n \u0111\u01b0\u1ee3c coi l\u00e0 nh\u1eefng lo\u1ea1i r\u01b0\u1ee3u vang cao c\u1ea5p, sang tr\u1ecdng, l\u1ecbch l\u00e3m v\u1edbi h\u01b0\u01a1ng v\u1ecb \u0111a d\u1ea1ng, d\u1ec5 u\u1ed1ng, d\u1ec5 th\u00edch, c\u00f9ng h\u00e0ng ngh\u00ecn phong c\u00e1ch s\u00e1ng t\u1ea1o kh\u00e1c nhau. Ch\u00ednh v\u00ec v\u1eady\u00a0R\u01b0\u1ee3u vang \u00dd Apollo Primitivo c\u00f3 n\u1ed3ng \u0111\u1ed9\u00a014%, \u0111\u01b0\u1ee3c l\u00e0m t\u1eeb nho Primitivo, l\u00e0\u00a0Vang \u0111\u1ecf<\/p>\n<table class=\"table table-bordered\">\n<tbody>\n<tr>\n<td class=\"thuoc-tinh-ruou\">Lo\u1ea1i r\u01b0\u1ee3u<\/td>\n<td>Vang \u0111\u1ecf<\/td>\n<\/tr>\n<tr>\n<td class=\"thuoc-tinh-ruou\">N\u1ed3ng \u0111\u1ed9<\/td>\n<td>14%<\/td>\n<\/tr>\n<tr>\n<td class=\"thuoc-tinh-ruou\">Lo\u1ea1i nho<\/td>\n<td>Primitivo<\/td>\n<\/tr>\n<tr>\n<td class=\"thuoc-tinh-ruou\">Dung t\u00edch<\/td>\n<td>750ml<\/td>\n<\/tr>\n<tr>\n<td class=\"thuoc-tinh-ruou\">\u0110\u00f3ng th\u00f9ng<\/td>\n<td>06 Chai\/th\u00f9ng<\/td>\n<\/tr>\n<\/tbody>\n<\/table>\n","protected":false},"excerpt":{"rendered":"<table class=\"table table-bordered\">\n<tbody>\n<tr>\n<td class=\"thuoc-tinh-ruou\">Lo\u1ea1i r\u01b0\u1ee3u<\/td>\n<td>Vang \u0111\u1ecf<\/td>\n<\/tr>\n<tr>\n<td class=\"thuoc-tinh-ruou\">N\u1ed3ng \u0111\u1ed9<\/td>\n<td>14%<\/td>\n<\/tr>\n<tr>\n<td class=\"thuoc-tinh-ruou\">Lo\u1ea1i nho<\/td>\n<td>Primitivo<\/td>\n<\/tr>\n<tr>\n<td class=\"thuoc-tinh-ruou\">Dung t\u00edch<\/td>\n<td>750ml<\/td>\n<\/tr>\n<tr>\n<td class=\"thuoc-tinh-ruou\">\u0110\u00f3ng th\u00f9ng<\/td>\n<td>06 Chai\/th\u00f9ng<\/td>\n<\/tr>\n<\/tbody>\n<\/table>\n","protected":false},"featured_media":955,"comment_status":"open","ping_status":"closed","template":"","meta":[],"_links":{"self":[{"href":"https:\/\/sammarco.vn\/index.php?rest_route=\/wp\/v2\/product\/954"}],"collection":[{"href":"https:\/\/sammarco.vn\/index.php?rest_route=\/wp\/v2\/product"}],"about":[{"href":"https:\/\/sammarco.vn\/index.php?rest_route=\/wp\/v2\/types\/product"}],"replies":[{"embeddable":true,"href":"https:\/\/sammarco.vn\/index.php?rest_route=%2Fwp%2Fv2%2Fcomments&post=954"}],"wp:featuredmedia":[{"embeddable":true,"href":"https:\/\/sammarco.vn\/index.php?rest_route=\/wp\/v2\/media\/955"}],"wp:attachment":[{"href":"https:\/\/sammarco.vn\/index.php?rest_route=%2Fwp%2Fv2%2Fmedia&parent=954"}],"curies":[{"name":"wp","href":"https:\/\/api.w.org\/{rel}","templated":true}]}}