{"id":950,"date":"2021-10-19T09:03:28","date_gmt":"2021-10-19T09:03:28","guid":{"rendered":"http:\/\/sammarco.vn\/?post_type=product&#038;p=950"},"modified":"2022-07-22T04:37:54","modified_gmt":"2022-07-22T04:37:54","slug":"vang-y-v10-primitivo-del-salento-185-do","status":"publish","type":"product","link":"https:\/\/sammarco.vn\/?product=vang-y-v10-primitivo-del-salento-185-do","title":{"rendered":"VANG \u00dd V10 PRIMITIVO DEL SALENTO 18,5 \u0110\u1ed8"},"content":{"rendered":"<p>&#8211; N\u1ed3ng \u0111\u1ed9: 18.5%vol<\/p>\n<p>&#8211; Quy c\u00e1ch: 6c\/th\u00f9ng<\/p>\n<p>&#8211; Gi\u1ed1ng nho: Primitivo<\/p>\n<p>&#8211; V\u00f9ng nho: Salento<\/p>\n<p>&#8211; C\u1ea5p \u0111\u1ed9: IGP<\/p>\n<p>&#8211; Nh\u00e0 s\u1ea3n xu\u1ea5t: Feudi Salentini<\/p>\n<p>&#8211; Xu\u1ea5t x\u1ee9: \u00dd<\/p>\n<p>V10 PRIMITIVO DEL SALENTO\u00a0OLD WINE LIMITED EDITION\u00a0mang t\u1edbi m\u1ed9t c\u1ea3m x\u00fac kh\u00e1c l\u1ea1 khi ch\u00fang ta th\u01b0\u1edfng th\u1ee9c d\u00f2ng s\u1ea3n ph\u1ea9m cao c\u1ea5p\u00a0n\u00e0y, V10 th\u1eadt \u0111\u1eb3ng c\u1ea5p v\u00e0 ho\u00e0n h\u1ea3o, m\u1ed7i gi\u1ecdt r\u01b0\u1ee3u V10 l\u00e0 m\u1ed9t th\u1ee9 qu\u00fd b\u00e1u cho th\u1ebf h\u1ec7 c\u1ee7a ch\u00fang ta.<\/p>\n<p>V10 PRIMITIVO DEL SALENTO LIMITED EDITION r\u1ea5t th\u01a1m v\u00e0 \u0111\u1eadm \u0111\u00e0, m\u00e0u s\u1eafc c\u1ee7a n\u00f3 th\u1eadt d\u1ec5 l\u00e0m cho ng\u01b0\u1eddi ta c\u1ea3m gi\u00e1 \u0111\u01b0\u1ee3c n\u00e2ng niu v\u00e0 h\u00e3nh di\u1ec7n.<\/p>\n<p>H\u01b0\u01a1ng th\u01a1m ph\u1ee9c h\u1ee3p c\u1ee7a nh\u1eefng d\u00f2ng cao c\u1ea5p, n\u00f3 nh\u01b0 m\u1ed9t qu\u00fd \u00f4ng th\u00e0nh danh trong m\u1ed9t x\u00e3 h\u1ed9i nhi\u1ec1u c\u1ea1nh tranh v\u00e0 lu\u00f4n c\u00f3 s\u1ef1 thay \u0111\u1ed5i.<\/p>\n<p>S\u1ef1 n\u1ed5i b\u1eadt nh\u1ea5t c\u1ee7a n\u00f3 ch\u00ednh l\u00e0 h\u01b0\u01a1ng qu\u1ea3 ch\u00edn m\u1ecdng, qu\u1ea3 m\u00e2m x\u00f4i th\u1ec3 hi\u1ec7n r\u00f5 n\u00e9t nh\u1ea5t, v\u1edbi \u0111inh h\u01b0\u01a1ng lan t\u1ecfa c\u00f9ng m\u00f9i c\u1ee7a g\u1ed7 s\u1ed3i, hoa o\u1ea3i h\u01b0\u01a1ng \u0111\u00fang m\u00f9a, g\u1ed7 th\u1ea3o m\u1ed9c, qu\u1ea3 h\u1ea1nh nh\u00e2n v\u00e0 cafe cu\u1ed1i v\u1ecb<\/p>\n<p>V\u1ecb r\u01b0\u1ee3u r\u1ea5t t\u1ed1t v\u1edbi ch\u1ea5t tanin r\u1ea5t s\u00e2u v\u00e0 b\u1ec1n b\u1ec9, h\u00f2a h\u1ee3p, h\u00e0i h\u00f2a, m\u1ec1m m\u1ea1i v\u00e0 kh\u00e1 m\u01b0\u1ee3t. T\u1eebng gi\u1ecdt r\u01b0\u1ee3u nh\u01b0 l\u00e0m ch\u00fang ta m\u00ea \u0111\u1eafm trong khung tr\u1eddi \u0111\u1ea7y l\u00e3ng m\u1ea1n<\/p>\n<p>N\u00ean u\u1ed1ng \u1edf nhi\u1ec7t \u0111\u1ed9 18 \u0111\u1ed9, cho th\u1edf tr\u01b0\u1edbc 30p trong decanter<\/p>\n<p>Th\u01b0\u1edfng th\u1ee9c c\u00f9ng c\u00e1c m\u00f3n \u0103n t\u1eeb th\u1ecbt \u0111\u1ecf ch\u1ebf bi\u1ebfn, b\u00e1nh m\u1ef3 n\u01b0\u1edbng ph\u1ebft b\u01a1 t\u1ecfi, hay \u0111\u00f9i l\u01a1n mu\u1ed1i T\u00e2y Ban Nha l\u00e0 nh\u1eefng \u0111\u1ed3 \u0103n ph\u00f9 h\u1ee3p<\/p>\n","protected":false},"excerpt":{"rendered":"<p>&#8211; N\u1ed3ng \u0111\u1ed9: 18.5%vol<\/p>\n<p>&#8211; Quy c\u00e1ch: 6c\/th\u00f9ng<\/p>\n<p>&#8211; Gi\u1ed1ng nho: Primitivo<\/p>\n<p>&#8211; V\u00f9ng nho: Salento<\/p>\n<p>&#8211; C\u1ea5p \u0111\u1ed9: IGP<\/p>\n<p>&#8211; Nh\u00e0 s\u1ea3n xu\u1ea5t: Feudi Salentini<\/p>\n<p>&#8211; Xu\u1ea5t x\u1ee9: \u00dd<\/p>\n","protected":false},"featured_media":951,"comment_status":"open","ping_status":"closed","template":"","meta":[],"_links":{"self":[{"href":"https:\/\/sammarco.vn\/index.php?rest_route=\/wp\/v2\/product\/950"}],"collection":[{"href":"https:\/\/sammarco.vn\/index.php?rest_route=\/wp\/v2\/product"}],"about":[{"href":"https:\/\/sammarco.vn\/index.php?rest_route=\/wp\/v2\/types\/product"}],"replies":[{"embeddable":true,"href":"https:\/\/sammarco.vn\/index.php?rest_route=%2Fwp%2Fv2%2Fcomments&post=950"}],"wp:featuredmedia":[{"embeddable":true,"href":"https:\/\/sammarco.vn\/index.php?rest_route=\/wp\/v2\/media\/951"}],"wp:attachment":[{"href":"https:\/\/sammarco.vn\/index.php?rest_route=%2Fwp%2Fv2%2Fmedia&parent=950"}],"curies":[{"name":"wp","href":"https:\/\/api.w.org\/{rel}","templated":true}]}}