{"id":932,"date":"2021-06-15T00:51:55","date_gmt":"2021-06-15T00:51:55","guid":{"rendered":"http:\/\/sammarco.vn\/?post_type=product&#038;p=932"},"modified":"2022-07-22T04:37:54","modified_gmt":"2022-07-22T04:37:54","slug":"ruou-vang-roche-mazet","status":"publish","type":"product","link":"https:\/\/sammarco.vn\/?product=ruou-vang-roche-mazet","title":{"rendered":"R\u01b0\u1ee3u vang Roche Mazet Vin De Pays D\u2019oc"},"content":{"rendered":"<div id=\"input_line_0\"><span id=\"input_part_0\" class=\"\" data-mention=\"R\u01af\u1ee2U VANG PH\u00c1P - ROCHE MAZET MINERVOIS \u0111\u01b0\u1ee3c s\u1ea3n xu\u1ea5t b\u1edfi nh\u00e0 s\u1ea3n xu\u1ea5t r\u01b0\u1ee3u t\u01b0 nh\u00e2n Socit\u00e9t\u00e9 de Vins de Fance thu\u1ed9c v\u00f9ng Pays d'Oc mi\u1ec1n nam n\u01b0\u1edbc Ph\u00e1p V\u1edbi th\u00e0nh ph\u1ea7n ch\u00ednh l\u00e0m t\u1eeb gi\u1ed1ng nho &quot; Chardonnay &quot;100% , qu\u00e1 tr\u00ecnh ch\u1ebf bi\u1ebfn \u0111\u01b0\u1ee3c ki\u1ec3m so\u00e1t nghi\u00eam ng\u1eb7t d\u01b0\u1edbi s\u1ef1 ki\u1ec3m \u0111\u1ecbnh c\u1ee7a c\u00e1c chuy\u00ean gia c\u00f3 uy t\u00edn trong ng\u00e0nh s\u1ea3n xu\u1ea5t r\u01b0\u1ee3u vang n\u01a1i \u0111\u00e2y, tr\u01b0\u1edbc khi \u0111\u01b0\u1ee3c \u0111\u01b0a v\u00e0o \u1ee7 trong c\u00e1c th\u00f9ng g\u1ed7 s\u1ed3i , d\u01b0\u1edbi c\u00e1c t\u1ea7ng h\u1ea7m t\u1eeb 3 \u0111\u1ebfn 4 n\u0103m v\u1edbi nhi\u1ec7t \u0111\u1ed9 t\u1eeb 10 cho \u0111\u1ebfn 20 \u0111\u1ed9 C\">R\u01af\u1ee2U VANG PH\u00c1P &#8211; ROCHE MAZET MINERVOIS \u0111\u01b0\u1ee3c s\u1ea3n xu\u1ea5t b\u1edfi nh\u00e0 s\u1ea3n xu\u1ea5t r\u01b0\u1ee3u t\u01b0 nh\u00e2n Socit\u00e9t\u00e9 de Vins de Fance thu\u1ed9c v\u00f9ng Pays d&#8217;Oc mi\u1ec1n nam n\u01b0\u1edbc Ph\u00e1p V\u1edbi th\u00e0nh ph\u1ea7n ch\u00ednh l\u00e0m t\u1eeb gi\u1ed1ng nho &#8221; Chardonnay &#8220;100% , qu\u00e1 tr\u00ecnh ch\u1ebf bi\u1ebfn \u0111\u01b0\u1ee3c ki\u1ec3m so\u00e1t nghi\u00eam ng\u1eb7t d\u01b0\u1edbi s\u1ef1 ki\u1ec3m \u0111\u1ecbnh c\u1ee7a c\u00e1c chuy\u00ean gia c\u00f3 uy t\u00edn trong ng\u00e0nh s\u1ea3n xu\u1ea5t r\u01b0\u1ee3u vang n\u01a1i \u0111\u00e2y, tr\u01b0\u1edbc khi \u0111\u01b0\u1ee3c \u0111\u01b0a v\u00e0o \u1ee7 trong c\u00e1c th\u00f9ng g\u1ed7 s\u1ed3i , d\u01b0\u1edbi c\u00e1c t\u1ea7ng h\u1ea7m t\u1eeb 3 \u0111\u1ebfn 4 n\u0103m v\u1edbi nhi\u1ec7t \u0111\u1ed9 t\u1eeb 10 cho \u0111\u1ebfn 20 \u0111\u1ed9 C<\/span><\/div>\n<div id=\"input_line_1\"><span id=\"input_part_0\" class=\"\" data-mention=\"R\u01af\u1ee2U VANG PH\u00c1P - ROCHE MAZET MINERVOIS c\u00f3 h\u01b0\u01a1ng v\u1ecb \u0111\u1eb7c tr\u01b0ng c\u1ee7a tr\u00e1i c\u00e2y ch\u00edn m\u1ecdng, v\u1ecb ch\u00e1t nh\u1eb9 c\u1ee7a tannin m\u1ec1m m\u1ea1i s\u00e2u l\u1eafng h\u1eadu v\u1ecb thoang tho\u1ea3ng m\u00f9i g\u1ed7 s\u1ed3i ch\u00e1y R\u01af\u1ee2U VANG PH\u00c1P - ROCHE MAZET MINERVOIS th\u00edch h\u1ee3p d\u00f9ng v\u1edbi c\u00e1c m\u00f3n \u0103n \u0111\u1eadm gia v\u1ecb nh\u01b0 th\u1ecbt \u0111\u1ecf, th\u1ecbt b\u00f2, th\u1ecbt c\u1eebu, s\u01b0\u1eddn n\u01b0\u1edbng v\u00e0 phomai.\u0110\u1ec3 th\u01b0\u1edfng th\u1ee9c m\u1ed9t c\u00e1ch ho\u00e0n m\u1ef9 h\u01b0\u01a1ng v\u1ecb r\u01b0\u1ee3u vang n\u00e0y ta n\u00ean s\u1eed d\u1ee5ng b\u1eb1ng c\u00e1ch sau\">R\u01af\u1ee2U VANG PH\u00c1P &#8211; ROCHE MAZET MINERVOIS c\u00f3 h\u01b0\u01a1ng v\u1ecb \u0111\u1eb7c tr\u01b0ng c\u1ee7a tr\u00e1i c\u00e2y ch\u00edn m\u1ecdng, v\u1ecb ch\u00e1t nh\u1eb9 c\u1ee7a tannin m\u1ec1m m\u1ea1i s\u00e2u l\u1eafng h\u1eadu v\u1ecb thoang tho\u1ea3ng m\u00f9i g\u1ed7 s\u1ed3i ch\u00e1y R\u01af\u1ee2U VANG PH\u00c1P &#8211; ROCHE MAZET MINERVOIS th\u00edch h\u1ee3p d\u00f9ng v\u1edbi c\u00e1c m\u00f3n \u0103n \u0111\u1eadm gia v\u1ecb nh\u01b0 th\u1ecbt \u0111\u1ecf, th\u1ecbt b\u00f2, th\u1ecbt c\u1eebu, s\u01b0\u1eddn n\u01b0\u1edbng v\u00e0 phomai.\u0110\u1ec3 th\u01b0\u1edfng th\u1ee9c m\u1ed9t c\u00e1ch ho\u00e0n m\u1ef9 h\u01b0\u01a1ng v\u1ecb r\u01b0\u1ee3u vang n\u00e0y ta n\u00ean s\u1eed d\u1ee5ng b\u1eb1ng c\u00e1ch sau<\/span><\/div>\n<div id=\"input_line_2\"><span id=\"input_part_0\" class=\"\" data-mention=\"U\u1ed1ng tr\u1ef1c ti\u1ebfp sau khi r\u01b0\u1ee3u \u0111\u01b0\u1ee3c m\u1edf n\u1eafp v\u00e0 \u0111\u01b0\u1ee3c \u1ee7 l\u1ea1nh \u1edf nhi\u1ec7t \u0111\u1ed9 15 \u0111\u1ed9 C, sau khi m\u1edf n\u1eafp ta \u0111\u1ec3 r\u01b0\u1ee3u th\u1edf kho\u1ea3ng 15 ph\u00fat tr\u01b0\u1edbc khi th\u01b0\u1edfng th\u1ee9c.\">U\u1ed1ng tr\u1ef1c ti\u1ebfp sau khi r\u01b0\u1ee3u \u0111\u01b0\u1ee3c m\u1edf n\u1eafp v\u00e0 \u0111\u01b0\u1ee3c \u1ee7 l\u1ea1nh \u1edf nhi\u1ec7t \u0111\u1ed9 15 \u0111\u1ed9 C, sau khi m\u1edf n\u1eafp ta \u0111\u1ec3 r\u01b0\u1ee3u th\u1edf kho\u1ea3ng 15 ph\u00fat tr\u01b0\u1edbc khi th\u01b0\u1edfng th\u1ee9c.<\/span><\/div>\n<div>\n<h3 class=\"has-block tooltipstered\">C\u00d4NG TY TNHH SAMMARCO VI\u1ec6T NAM<\/h3>\n<div class=\"ft-contact-address\">C\u01a1 s\u1edf 1: T\u1ea7ng 1, d\u00e3y nh\u00e0 Ph\u00fa Gia 02-02 Vincom Plaza, s\u1ed1 1 L\u00ea Th\u00e1nh T\u00f4ng, Ph\u01b0\u1eddng M\u00e1y T\u01a1, Qu\u1eadn Ng\u00f4 Quy\u1ec1n, Th\u00e0nh ph\u1ed1 H\u1ea3i Ph\u00f2ng<\/div>\n<div>C\u01a1 s\u1edf 2: T\u1ea7ng 1, s\u1ed1 33 \u0110\u01b0\u1eddng H\u1ed3 Sen, Ph\u01b0\u1eddng H\u00e0ng K\u00eanh, Qu\u1eadn L\u00ea Ch\u00e2n, Th\u00e0nh ph\u1ed1 H\u1ea3i Ph\u00f2ng<\/div>\n<div class=\"ft-contact-tel\">S\u1ed1 \u0111i\u1ec7n tho\u1ea1i: 0936.932.639 &#8211; 0907.651.188<\/div>\n<div class=\"ft-contact-email\">Email: sammarcohp@gmail.com<\/div>\n<\/div>\n","protected":false},"excerpt":{"rendered":"<div id=\"input_line_0\"><span id=\"input_part_0\" class=\"\" data-mention=\"\u0110\u1eb7c \u0111i\u1ec3m v\u00e0 xu\u1ea5t x\u1ee9 R\u01b0\u1ee3u Vang Roche Mazet Vin De Pays D'oc\">\u0110\u1eb7c \u0111i\u1ec3m v\u00e0 xu\u1ea5t x\u1ee9 R\u01b0\u1ee3u Vang Roche Mazet Vin De Pays D&#8217;oc<\/span><\/div>\n<div id=\"input_line_1\"><span id=\"input_part_0\" class=\"\" data-mention=\"Dung t\u00edch: 750ml\">Dung t\u00edch: 750ml<\/span><\/div>\n<div id=\"input_line_2\"><span id=\"input_part_0\" class=\"\" data-mention=\"N\u1ed3ng \u0111\u1ed9: 14 %\">N\u1ed3ng \u0111\u1ed9: 14 %<\/span><\/div>\n<div id=\"input_line_3\"><span id=\"input_part_0\" class=\"\" data-mention=\"M\u00e0u s\u1eafc: Vang tr\u1eafng\">M\u00e0u s\u1eafc: Vang \u0111\u1ecf<\/span><\/div>\n<div id=\"input_line_4\"><span id=\"input_part_0\" class=\"\" data-mention=\"Gi\u1ed1ng nho: Chardonnay\">Gi\u1ed1ng nho: Cabernet sauvignon<\/span><\/div>\n<div id=\"input_line_5\"><span id=\"input_part_0\" class=\"\" data-mention=\"H\u01b0\u01a1ng v\u1ecb: H\u01b0\u01a1ng th\u01a1m c\u1ee7a tr\u00e1i c\u00e2y ch\u00edn, th\u1ef1c v\u1eadt v\u00e0 gia v\u1ecb, v\u1ecb ch\u00e1t nh\u1eb9, d\u1ec5 u\u1ed1ng\">H\u01b0\u01a1ng v\u1ecb: H\u01b0\u01a1ng th\u01a1m c\u1ee7a tr\u00e1i c\u00e2y ch\u00edn, th\u1ef1c v\u1eadt v\u00e0 gia v\u1ecb, v\u1ecb ch\u00e1t nh\u1eb9, d\u1ec5 u\u1ed1ng<\/span><\/div>\n<div id=\"input_line_6\"><span id=\"input_part_0\" class=\"\" data-mention=\"Ngu\u1ed3n g\u1ed1c xu\u1ea5t x\u1ee9: Ph\u00e1p\">Ngu\u1ed3n g\u1ed1c xu\u1ea5t x\u1ee9: Ph\u00e1p<\/span><\/div>\n","protected":false},"featured_media":933,"comment_status":"open","ping_status":"closed","template":"","meta":[],"_links":{"self":[{"href":"https:\/\/sammarco.vn\/index.php?rest_route=\/wp\/v2\/product\/932"}],"collection":[{"href":"https:\/\/sammarco.vn\/index.php?rest_route=\/wp\/v2\/product"}],"about":[{"href":"https:\/\/sammarco.vn\/index.php?rest_route=\/wp\/v2\/types\/product"}],"replies":[{"embeddable":true,"href":"https:\/\/sammarco.vn\/index.php?rest_route=%2Fwp%2Fv2%2Fcomments&post=932"}],"wp:featuredmedia":[{"embeddable":true,"href":"https:\/\/sammarco.vn\/index.php?rest_route=\/wp\/v2\/media\/933"}],"wp:attachment":[{"href":"https:\/\/sammarco.vn\/index.php?rest_route=%2Fwp%2Fv2%2Fmedia&parent=932"}],"curies":[{"name":"wp","href":"https:\/\/api.w.org\/{rel}","templated":true}]}}