{"id":927,"date":"2021-06-15T00:46:38","date_gmt":"2021-06-15T00:46:38","guid":{"rendered":"http:\/\/sammarco.vn\/?post_type=product&#038;p=927"},"modified":"2022-07-22T04:37:54","modified_gmt":"2022-07-22T04:37:54","slug":"ruou-vang-tierra-nueva-cabernet-sauvignon","status":"publish","type":"product","link":"https:\/\/sammarco.vn\/?product=ruou-vang-tierra-nueva-cabernet-sauvignon","title":{"rendered":"R\u01b0\u1ee3u vang TIERRA NUEVA CABERNET SAUVIGNON"},"content":{"rendered":"<div id=\"catactsp\">CHI TI\u1ebeT S\u1ea2N PH\u1ea8M:<\/div>\n<div id=\"chitietsp\">\n<p>M\u00e0u s\u1eafc:\u00a0\u0110\u1ecf Ruby\u00a0\u0111\u1eadm<br \/>\nGi\u1ed1ng nho: Cabernet Sauvignon<br \/>\nNi\u00ean v\u1ee5 nho: 2012 &#8211; 2014<br \/>\n\u0110\u1ed9 c\u1ed3n: 14%<br \/>\nXu\u1ea5t x\u1ee9: Valley Del Rapel &#8211; Chile<br \/>\nH\u01b0\u01a1ng v\u1ecb: R\u01b0\u1ee3u c\u00f3 v\u1ecb\u00a0\u0111\u1eadm c\u1ee7a tr\u00e1i c\u00e2y ch\u00edn\u00a0\u0111\u1ecf, v\u1ecb ti\u00eau\u00a0\u0111en, v\u1ecb vani nh\u1eb9 nh\u00e0ng\u00a0\u00eam\u00a0\u00e1i.<br \/>\nR\u01b0\u1ee3u\u00a0\u0111\u01b0\u1ee3c ng\u00e2m\u00a0\u1ee7 trong th\u00f9ng g\u1ed7 s\u1ed3i m\u1edbi c\u1ee7a Ph\u00e1p 03 th\u00e1ng, sau\u00a0\u0111\u00f3\u00a0\u0111\u00f3ng chai v\u00e0 b\u1ea3o qu\u1ea3n trong h\u1ea7m r\u01b0\u1ee3u \u0111\u1ec3 r\u01b0\u1ee3u\u00a0\u1ed5n\u00a0\u0111\u1ecbnh v\u00e0 ngon h\u01a1n sau\u00a0\u0111\u00f3 m\u1edbi\u00a0xu\u1ea5t x\u01b0\u1edfng ra ngo\u00e0i\u00a0\u0111\u1ec3 b\u00e1n.<\/p>\n<\/div>\n","protected":false},"excerpt":{"rendered":"<p>M\u00e0u s\u1eafc:\u00a0\u0110\u1ecf Ruby\u00a0\u0111\u1eadm<br \/>\nGi\u1ed1ng nho: Cabernet Sauvignon<br \/>\nNi\u00ean v\u1ee5 nho: 2012 &#8211; 2014<br \/>\n\u0110\u1ed9 c\u1ed3n: 14%<br \/>\nXu\u1ea5t x\u1ee9:\u00a0Valley Del Rapel &#8211; Chile<\/p>\n","protected":false},"featured_media":928,"comment_status":"open","ping_status":"closed","template":"","meta":[],"_links":{"self":[{"href":"https:\/\/sammarco.vn\/index.php?rest_route=\/wp\/v2\/product\/927"}],"collection":[{"href":"https:\/\/sammarco.vn\/index.php?rest_route=\/wp\/v2\/product"}],"about":[{"href":"https:\/\/sammarco.vn\/index.php?rest_route=\/wp\/v2\/types\/product"}],"replies":[{"embeddable":true,"href":"https:\/\/sammarco.vn\/index.php?rest_route=%2Fwp%2Fv2%2Fcomments&post=927"}],"wp:featuredmedia":[{"embeddable":true,"href":"https:\/\/sammarco.vn\/index.php?rest_route=\/wp\/v2\/media\/928"}],"wp:attachment":[{"href":"https:\/\/sammarco.vn\/index.php?rest_route=%2Fwp%2Fv2%2Fmedia&parent=927"}],"curies":[{"name":"wp","href":"https:\/\/api.w.org\/{rel}","templated":true}]}}