{"id":926,"date":"2021-06-15T00:43:35","date_gmt":"2021-06-15T00:43:35","guid":{"rendered":"http:\/\/sammarco.vn\/?post_type=product&#038;p=926"},"modified":"2022-07-22T04:37:54","modified_gmt":"2022-07-22T04:37:54","slug":"ruou-vang-barbanera-governo-toscana-rosso","status":"publish","type":"product","link":"https:\/\/sammarco.vn\/?product=ruou-vang-barbanera-governo-toscana-rosso","title":{"rendered":"R\u01b0\u1ee3u vang Barbanera Governo Toscana Rosso"},"content":{"rendered":"<p>Xu\u1ea5t x\u1ee9: \u00dd<\/p>\n<p>Gi\u1ed1ng nho: Negroamaro<\/p>\n<p>N\u1ed3ng \u0111\u1ed9: 13-14%<\/p>\n<p>Dung t\u00edch 750ml<\/p>\n<p>Nhi\u1ec7t \u0111\u1ed9 ph\u1ee5c v\u1ee5: 17-18 \u0111\u1ed9 C<\/p>\n<p>r\u01b0\u1ee3u c\u00f3 m\u00e0u \u0111\u1ecf t\u01b0\u01a1i, nh\u1eb9 nh\u00e0ng quy\u1ebfn r\u0169. H\u01b0\u01a1ng v\u1ecb l\u00e0m ng\u01b0\u1eddi th\u01b0\u1edfng th\u1ee9c li\u00ean t\u01b0\u1edfng t\u1edbi tr\u00e1i c\u00e2y ch\u00edn m\u1ecdng, v\u01b0\u01a1ng v\u1ea5n 1 ch\u00fat cay n\u1ed3ng, r\u01b0\u1ee3u dc \u1ee7 trong th\u1eddi gian ng\u1eafn<\/p>\n","protected":false},"excerpt":{"rendered":"<p>Xu\u1ea5t x\u1ee9: \u00dd<\/p>\n<p>Gi\u1ed1ng nho: Negroamaro<\/p>\n<p>N\u1ed3ng \u0111\u1ed9: 13-14%<\/p>\n<p>Dung t\u00edch 750ml<\/p>\n<p>Nhi\u1ec7t \u0111\u1ed9 ph\u1ee5c v\u1ee5: 17-18 \u0111\u1ed9 C<\/p>\n<p>&nbsp;<\/p>\n","protected":false},"featured_media":929,"comment_status":"open","ping_status":"closed","template":"","meta":[],"_links":{"self":[{"href":"https:\/\/sammarco.vn\/index.php?rest_route=\/wp\/v2\/product\/926"}],"collection":[{"href":"https:\/\/sammarco.vn\/index.php?rest_route=\/wp\/v2\/product"}],"about":[{"href":"https:\/\/sammarco.vn\/index.php?rest_route=\/wp\/v2\/types\/product"}],"replies":[{"embeddable":true,"href":"https:\/\/sammarco.vn\/index.php?rest_route=%2Fwp%2Fv2%2Fcomments&post=926"}],"wp:featuredmedia":[{"embeddable":true,"href":"https:\/\/sammarco.vn\/index.php?rest_route=\/wp\/v2\/media\/929"}],"wp:attachment":[{"href":"https:\/\/sammarco.vn\/index.php?rest_route=%2Fwp%2Fv2%2Fmedia&parent=926"}],"curies":[{"name":"wp","href":"https:\/\/api.w.org\/{rel}","templated":true}]}}