{"id":849,"date":"2020-11-27T03:51:58","date_gmt":"2020-11-27T03:51:58","guid":{"rendered":"http:\/\/sammarco.vn\/?post_type=product&#038;p=849"},"modified":"2020-11-30T07:44:45","modified_gmt":"2020-11-30T07:44:45","slug":"ruou-singleton-of-glen-ord-18","status":"publish","type":"product","link":"https:\/\/sammarco.vn\/?product=ruou-singleton-of-glen-ord-18","title":{"rendered":"R\u01b0\u1ee3u Singleton of Glen Old 18 (6c\/th\u00f9ng)"},"content":{"rendered":"<div class=\"more-block\">\n<p class=\"fr-tag\">\u00f2ng\u00a0<strong>R\u01b0\u1ee3u Singleton 18 n\u0103m<\/strong>\u00a0tu\u1ed5i: c\u00f3 h\u01b0\u01a1ng v\u1ecb \u00eam d\u1ecbu, v\u1edbi s\u1ef1 ng\u1ecdt \u00eam c\u1ee7a tr\u00e1i c\u00e2y h\u00f2a l\u1eabn h\u01b0\u01a1ng m\u1eadt ong tho\u1ea3ng nh\u1eb9, xen v\u1edbi h\u01b0\u01a1ng kh\u00f3i \u0111\u1eb7c tr\u01b0ng tinh t\u1ebf. Tuy\u1ec7t nh\u1ea5t khi th\u01b0\u1edfng th\u1ee9c nguy\u00ean ch\u1ea5t (kh\u00f4ng pha) ho\u1eb7c v\u1edbi \u0111\u00e1.<\/p>\n<p class=\"fr-tag\">\u00cam d\u1ecbu h\u01a1n, \u0111\u1eadm \u0111\u00e0 h\u01a1n v\u00e0 h\u00e0i h\u00f2a \u0111\u1ebfn tuy\u1ec7t h\u1ea3o &#8211; \u0111\u01a1n gi\u1ea3n \u0111\u00f3 l\u00e0 single malt whisky c\u1ee7a v\u00f9ng Glen Ord mang t\u00ean<\/p>\n<p class=\"fr-tag\"><strong>R\u01b0\u1ee3u Singleton 18 n\u0103m<\/strong>, m\u1ed9t m\u00f3n qu\u00e0 \u0111\u1ed9c \u0111\u00e1o d\u00e0nh cho nh\u1eefng ng\u01b0\u1eddi b\u1ea1n tinh t\u1ebf, nh\u1eefng ng\u01b0\u1eddi lu\u00f4n kh\u00e1t khao th\u01b0\u1edfng th\u1ee9c single malt whisky.<\/p>\n<p class=\"fr-tag\"><strong>6 y\u1ebfu t\u1ed1 t\u1ea1o n\u00ean h\u01b0\u01a1ng v\u1ecb c\u00e2n b\u1eb1ng ho\u00e0n h\u1ea3o c\u1ee7a whisky Singleton:<\/strong><br \/>\n&#8211; Ph\u01b0\u01a1ng ph\u00e1p truy\u1ec1n th\u1ed1ng<br \/>\n&#8211; Ngu\u1ed3n l\u00faa m\u1ea1ch ch\u1ecdn l\u1ecdc<br \/>\n&#8211; Ngu\u1ed3n n\u01b0\u1edbc tr\u00ean n\u00fai<br \/>\n&#8211; Th\u1eddi gian \u1ee7 men l\u00e2u<br \/>\n&#8211; Qu\u00e1 tr\u00ecnh ch\u01b0ng c\u1ea5t ch\u1eadm<br \/>\n&#8211; Qu\u00e1 tr\u00ecnh \u1ee7 c\u00e2n b\u1eb1ng<\/p>\n<p class=\"fr-tag\">B\u1ea1n c\u00f3 bi\u1ebft t\u00e1c \u0111\u1ed9ng c\u1ee7a th\u00f9ng g\u1ed7 s\u1ed3i l\u00ean h\u01b0\u01a1ng v\u1ecb cu\u1ed1i c\u00f9ng c\u1ee7a whisky ch\u1ec9 \u0111\u01b0\u1ee3c ph\u00e1t hi\u1ec7n m\u1ed9t c\u00e1ch ho\u00e0n to\u00e0n t\u00ecnh c\u1edd? L\u00fac \u0111\u1ea7u, th\u00f9ng g\u1ed7 s\u1ed3i ch\u1ec9 \u0111\u01b0\u1ee3c d\u00f9ng \u0111\u1ec3 ch\u1ee9a whisky tr\u01b0\u1edbc khi \u0111em b\u00e1n. Tuy nhi\u00ean, m\u1ed9t s\u1ed1 th\u00f9ng whisky do kh\u00f4ng b\u00e1n h\u1ebft n\u00ean \u0111\u01b0\u1ee3c gi\u1eef trong h\u1ea7m trong nhi\u1ec1u n\u0103m li\u1ec1n. Khi n\u1ebfm l\u1ea1i, ng\u01b0\u1eddi ta m\u1edbi ph\u00e1t hi\u1ec7n th\u1ee9 r\u01b0\u1ee3u trong th\u00f9ng \u1ee7 l\u00fac \u0111\u00f3 m\u1edbi ch\u00ednh l\u00e0 whisky m\u00e0 ch\u00fang ta bi\u1ebft ng\u00e0y nay!<\/p>\n<p class=\"fr-tag\">Th\u01a1 c\u1ed5 c\u00f3 c\u00e2u: &#8220;T\u1eedu, nguy\u1ec7t, phong, hoa v\u1ecb ph\u1ea9m \u0111\u1ec1&#8221;, t\u1ea1m d\u1ecbch l\u00e0: \u201cR\u01b0\u1ee3u, tr\u0103ng, gi\u00f3, hoa l\u00e0 nh\u1eefng th\u1ee9 kh\u00f4ng b\u00fat n\u00e0o t\u1ea3 xi\u1ebft\u201d<\/p>\n<p class=\"fr-tag\">Singleton gi\u1edbi thi\u1ec7u c\u00f9ng c\u00e1c b\u1ea1n thi\u1ebft k\u1ebf trang nh\u00e3 c\u1ee7a h\u1ed9p qu\u00e0 Singleton T\u1ebft 2015. L\u00e0 m\u1ed9t lo\u1ea1i whisky \u0111\u01a1n th\u01b0\u1ee3ng h\u1ea1ng t\u1eeb Scotland v\u1edbi \u0111\u1ed9 \u00eam m\u01b0\u1ee3t, c\u00e2n b\u1eb1ng ho\u00e0n h\u1ea3o, \u0111\u01b0\u1ee3c c\u00f4ng nh\u1eadn l\u00e0 whisky m\u1ea1ch nha \u0111\u01a1n c\u00f3 h\u01b0\u01a1ng v\u1ecb tuy\u00eat h\u1ea3o nh\u1ea5t. Singleton l\u00e0 m\u1ed9t m\u00f3n qu\u00e0 \u00fd ngh\u0129a d\u00e0nh t\u1eb7ng cho gia \u0111\u00ecnh, b\u1ea1n b\u00e8 v\u00e0 \u0111\u1ed1i t\u00e1c. B\u1ea1n c\u00f3 th\u1ec3 l\u1ef1a ch\u1ecdn 1 trong 3 \u0111\u1ed9 tu\u1ed5i whisky theo \u00fd th\u00edch:\u00a0<strong>R\u01b0\u1ee3u Singleton 12 n\u0103m<\/strong>, 15 v\u00e0\u00a0<strong>R\u01b0\u1ee3u Singleton 18 n\u0103m<\/strong>\u00a0tu\u1ed5i.<\/p>\n<\/div>\n","protected":false},"excerpt":{"rendered":"<ul class=\"product-specs__list\">\n<li class=\"meta\">Th\u01b0\u01a1ng hi\u1ec7u:Singleton<\/li>\n<li class=\"meta\">Dung t\u00edch:700ml<\/li>\n<li class=\"meta\">N\u1ed3ng \u0111\u1ed9:40%<\/li>\n<li class=\"meta\">Tu\u1ed5i r\u01b0\u1ee3u:18 n\u0103m<\/li>\n<li class=\"meta\">Ph\u00e2n Lo\u1ea1i:Single Malt Scotch Whisky<\/li>\n<li class=\"meta\">V\u00f9ng:Highland<\/li>\n<li class=\"meta\">Xu\u1ea5t X\u1ee9:Scotland<\/li>\n<\/ul>\n","protected":false},"featured_media":850,"comment_status":"open","ping_status":"closed","template":"","meta":[],"_links":{"self":[{"href":"https:\/\/sammarco.vn\/index.php?rest_route=\/wp\/v2\/product\/849"}],"collection":[{"href":"https:\/\/sammarco.vn\/index.php?rest_route=\/wp\/v2\/product"}],"about":[{"href":"https:\/\/sammarco.vn\/index.php?rest_route=\/wp\/v2\/types\/product"}],"replies":[{"embeddable":true,"href":"https:\/\/sammarco.vn\/index.php?rest_route=%2Fwp%2Fv2%2Fcomments&post=849"}],"wp:featuredmedia":[{"embeddable":true,"href":"https:\/\/sammarco.vn\/index.php?rest_route=\/wp\/v2\/media\/850"}],"wp:attachment":[{"href":"https:\/\/sammarco.vn\/index.php?rest_route=%2Fwp%2Fv2%2Fmedia&parent=849"}],"curies":[{"name":"wp","href":"https:\/\/api.w.org\/{rel}","templated":true}]}}