{"id":847,"date":"2020-11-27T03:48:52","date_gmt":"2020-11-27T03:48:52","guid":{"rendered":"http:\/\/sammarco.vn\/?post_type=product&#038;p=847"},"modified":"2020-11-27T03:48:52","modified_gmt":"2020-11-27T03:48:52","slug":"ruou-single-mortlach-20","status":"publish","type":"product","link":"https:\/\/sammarco.vn\/?product=ruou-single-mortlach-20","title":{"rendered":"R\u01b0\u1ee3u Single mortlach 20"},"content":{"rendered":"<p>R\u01b0\u1ee3u\u00a0Mortlach 20 n\u0103m, nh\u00e0 ch\u01b0ng c\u1ea5t Mortlach (bi\u1ec7t danh l\u00e0 qu\u00e1i th\u00fa v\u00f9ng\u00a0Dufftown) nay thu\u1ed9c s\u1edf h\u1eefu c\u1ee7a Diageo. Range h\u00e0ng m\u1edbi c\u1ee7a nh\u00e0 n\u00e0y g\u1ed3m Mortlach 12, Mortlach 16 v\u00e0 Morlach 20 n\u0103m \u0111\u01b0\u1ee3c h\u00e3ng c\u00f4ng b\u1ed1 h\u1ed3i th\u00e1ng 07\/2018 \u0111\u1ec3 thay th\u1ebf cho range c\u0169 g\u1ed3m Mortlach Rare Old, Mortlach 18 v\u00e0 Mortlach 25 n\u0103m ph\u00e1t h\u00e0nh n\u0103m 2014 \u0111\u00f3ng chai 50cl.<\/p>\n<p>Mortlach 20 n\u0103m \u0111\u01b0\u1ee3c tr\u1ecdn v\u1eb9n trong th\u00f9ng sherry-cask v\u00ec v\u1eady h\u01b0\u01a1ng v\u1ecb r\u01b0\u1ee3u c\u00f3 style sherry \u0111\u1eadm \u0111\u00e0, \u0111\u01b0\u1ee3c \u1ee7 \u00edt nh\u1ea5t 20 n\u0103m t\u1eeb qu\u00e1 tr\u00ecnh ch\u01b0ng c\u1ea5t 2.81 l\u1ea7n. \u0110\u00e2y l\u00e0 t\u1ef7 l\u1ec7 ch\u01b0ng c\u1ea5t \u0111\u1eb7c th\u00f9 c\u1ee7a nh\u00e0 Mortlach.<\/p>\n","protected":false},"excerpt":{"rendered":"<ul class=\"product-specs__list\">\n<li class=\"meta\">Th\u01b0\u01a1ng hi\u1ec7u:Mortlach<\/li>\n<li class=\"meta\">Dung t\u00edch:700ml<\/li>\n<li class=\"meta\">N\u1ed3ng \u0111\u1ed9:43.4%<\/li>\n<li class=\"meta\">Tu\u1ed5i r\u01b0\u1ee3u:20 n\u0103m<\/li>\n<li class=\"meta\">Ph\u00e2n Lo\u1ea1i:Single Malt Scotch Whisky<\/li>\n<li class=\"meta\">V\u00f9ng:Speyside<\/li>\n<li class=\"meta\">Xu\u1ea5t X\u1ee9:Scotland<\/li>\n<\/ul>\n","protected":false},"featured_media":848,"comment_status":"open","ping_status":"closed","template":"","meta":[],"_links":{"self":[{"href":"https:\/\/sammarco.vn\/index.php?rest_route=\/wp\/v2\/product\/847"}],"collection":[{"href":"https:\/\/sammarco.vn\/index.php?rest_route=\/wp\/v2\/product"}],"about":[{"href":"https:\/\/sammarco.vn\/index.php?rest_route=\/wp\/v2\/types\/product"}],"replies":[{"embeddable":true,"href":"https:\/\/sammarco.vn\/index.php?rest_route=%2Fwp%2Fv2%2Fcomments&post=847"}],"wp:featuredmedia":[{"embeddable":true,"href":"https:\/\/sammarco.vn\/index.php?rest_route=\/wp\/v2\/media\/848"}],"wp:attachment":[{"href":"https:\/\/sammarco.vn\/index.php?rest_route=%2Fwp%2Fv2%2Fmedia&parent=847"}],"curies":[{"name":"wp","href":"https:\/\/api.w.org\/{rel}","templated":true}]}}