{"id":845,"date":"2020-11-27T03:46:40","date_gmt":"2020-11-27T03:46:40","guid":{"rendered":"http:\/\/sammarco.vn\/?post_type=product&#038;p=845"},"modified":"2020-11-27T03:47:12","modified_gmt":"2020-11-27T03:47:12","slug":"ruou-single-malt-mortlach-16","status":"publish","type":"product","link":"https:\/\/sammarco.vn\/?product=ruou-single-malt-mortlach-16","title":{"rendered":"R\u01b0\u1ee3u Single Malt Mortlach 16"},"content":{"rendered":"<p style=\"font-weight: 400;\">Th\u01b0\u1edfng th\u1ee9c\u00a0<b>Single Malt Whisky<\/b>, l\u00e0 th\u01b0\u1edfng th\u1ee9c d\u00f2ng r\u01b0\u1ee3u tinh t\u00fay nh\u1ea5t, theo th\u1eddi gian. N\u00ean u\u1ed1ng nguy\u00ean ch\u1ea5t (u\u1ed1ng neat) t\u1eebng ng\u1ee5m nh\u1ecf, l\u00fd t\u01b0\u1edfng nh\u1ea5t l\u00e0 d\u00f9ng ly Tuplip.<\/p>\n<p style=\"font-weight: 400;\"><b>Th\u00eam \u0111\u00e1 (On The Rocks)<\/b>: Ki\u1ec3u u\u1ed1ng cho vi\u00ean \u0111\u00e1 kh\u1ed1i v\u00e0o ly Tumbler (Rocks) sau \u0111\u00f3 r\u00f3t r\u01b0\u1ee3u l\u00ean \u0111\u00e1 r\u1ed3i th\u01b0\u1edfng. Ki\u1ec3u n\u00e0y l\u00e0m cho ly r\u01b0\u1ee3u c\u1ee7a b\u1ea1n m\u00e1t m\u1ebb h\u01a1n. Tuy nhi\u00ean ki\u1ec3u n\u00e0y r\u01b0\u1ee3u nh\u1ea1t h\u01a1n v\u00e0 gi\u1ea3m h\u01b0\u01a1ng th\u01a1m.<\/p>\n","protected":false},"excerpt":{"rendered":"<ul class=\"product-specs__list\">\n<li class=\"meta\">Th\u01b0\u01a1ng hi\u1ec7u:Mortlach<\/li>\n<li class=\"meta\">Dung t\u00edch:750ml<\/li>\n<li class=\"meta\">N\u1ed3ng \u0111\u1ed9:43.4%<\/li>\n<li class=\"meta\">Tu\u1ed5i r\u01b0\u1ee3u:16 n\u0103m<\/li>\n<li class=\"meta\">Ph\u00e2n Lo\u1ea1i:Single Malt Scotch Whisky<\/li>\n<li class=\"meta\">V\u00f9ng:Speyside<\/li>\n<li class=\"meta\">Xu\u1ea5t X\u1ee9:Scotland<\/li>\n<\/ul>\n","protected":false},"featured_media":846,"comment_status":"open","ping_status":"closed","template":"","meta":[],"_links":{"self":[{"href":"https:\/\/sammarco.vn\/index.php?rest_route=\/wp\/v2\/product\/845"}],"collection":[{"href":"https:\/\/sammarco.vn\/index.php?rest_route=\/wp\/v2\/product"}],"about":[{"href":"https:\/\/sammarco.vn\/index.php?rest_route=\/wp\/v2\/types\/product"}],"replies":[{"embeddable":true,"href":"https:\/\/sammarco.vn\/index.php?rest_route=%2Fwp%2Fv2%2Fcomments&post=845"}],"wp:featuredmedia":[{"embeddable":true,"href":"https:\/\/sammarco.vn\/index.php?rest_route=\/wp\/v2\/media\/846"}],"wp:attachment":[{"href":"https:\/\/sammarco.vn\/index.php?rest_route=%2Fwp%2Fv2%2Fmedia&parent=845"}],"curies":[{"name":"wp","href":"https:\/\/api.w.org\/{rel}","templated":true}]}}