{"id":841,"date":"2020-11-27T03:41:47","date_gmt":"2020-11-27T03:41:47","guid":{"rendered":"http:\/\/sammarco.vn\/?post_type=product&#038;p=841"},"modified":"2020-11-30T07:36:18","modified_gmt":"2020-11-30T07:36:18","slug":"ruou-johnnie-walker-gold-reserve","status":"publish","type":"product","link":"https:\/\/sammarco.vn\/?product=ruou-johnnie-walker-gold-reserve","title":{"rendered":"R\u01b0\u1ee3u Johnnie 18 n\u0103m + H\u1ed9p qu\u00e0 (6c\/th\u00f9ng)"},"content":{"rendered":"<p style=\"font-weight: 400;\">Quy lu\u1eadt quan tr\u1ecdng nh\u1ea5t m\u00e0 b\u1ea1n ph\u1ea3i tu\u00e2n th\u1ee7 khi th\u01b0\u1edfng th\u1ee9c whisky l\u00e0 \u201cth\u01b0\u1edfng th\u1ee9c whisky theo c\u00e1ch c\u1ee7a b\u1ea1n\u201d. Tuy nhi\u00ean S\u00e0nh r\u01b0\u1ee3u g\u1ee3i \u00fd v\u00e0i c\u00e1ch th\u01b0\u1edfng th\u1ee9c ph\u1ed5 th\u00f4ng nh\u1ea5t:<\/p>\n<p style=\"font-weight: 400;\"><b><strong>U\u1ed1ng nguy\u00ean ch\u1ea5t (u\u1ed1ng neat)<\/strong><\/b>:\u00a0U\u1ed1ng tr\u1ef1c ti\u1ebfp, ki\u1ec3u ly Tulip, Shot ho\u1eb7c Tumbler.<\/p>\n<p style=\"font-weight: 400;\"><b><strong>Th\u00eam \u0111\u00e1 (On The Rocks)<\/strong><\/b>:\u00a0Ki\u1ec3u u\u1ed1ng cho vi\u00ean \u0111\u00e1 kh\u1ed1i v\u00e0o ly Tumbler (Rocks) sau \u0111\u00f3 r\u00f3t r\u01b0\u1ee3u l\u00ean \u0111\u00e1 r\u1ed3i th\u01b0\u1edfng. Ki\u1ec3u n\u00e0y l\u00e0m cho ly r\u01b0\u1ee3u c\u1ee7a b\u1ea1n m\u00e1t m\u1ebb h\u01a1n. Tuy nhi\u00ean ki\u1ec3u n\u00e0y r\u01b0\u1ee3u nh\u1ea1t h\u01a1n v\u00e0 gi\u1ea3m h\u01b0\u01a1ng th\u01a1m.<\/p>\n","protected":false},"excerpt":{"rendered":"<ul class=\"product-specs__list\">\n<li class=\"meta\">Th\u01b0\u01a1ng hi\u1ec7u:Johnnie Walker<\/li>\n<li class=\"meta\">Dung t\u00edch:750ml<\/li>\n<li class=\"meta\">N\u1ed3ng \u0111\u1ed9:40%<\/li>\n<li class=\"meta\">Tu\u1ed5i r\u01b0\u1ee3u:18 n\u0103m<\/li>\n<li class=\"meta\">Ph\u00e2n Lo\u1ea1i:Blended Scotch Whisky<\/li>\n<li class=\"meta\">Xu\u1ea5t X\u1ee9:Scotland<\/li>\n<\/ul>\n","protected":false},"featured_media":842,"comment_status":"open","ping_status":"closed","template":"","meta":[],"_links":{"self":[{"href":"https:\/\/sammarco.vn\/index.php?rest_route=\/wp\/v2\/product\/841"}],"collection":[{"href":"https:\/\/sammarco.vn\/index.php?rest_route=\/wp\/v2\/product"}],"about":[{"href":"https:\/\/sammarco.vn\/index.php?rest_route=\/wp\/v2\/types\/product"}],"replies":[{"embeddable":true,"href":"https:\/\/sammarco.vn\/index.php?rest_route=%2Fwp%2Fv2%2Fcomments&post=841"}],"wp:featuredmedia":[{"embeddable":true,"href":"https:\/\/sammarco.vn\/index.php?rest_route=\/wp\/v2\/media\/842"}],"wp:attachment":[{"href":"https:\/\/sammarco.vn\/index.php?rest_route=%2Fwp%2Fv2%2Fmedia&parent=841"}],"curies":[{"name":"wp","href":"https:\/\/api.w.org\/{rel}","templated":true}]}}