{"id":816,"date":"2020-11-26T09:20:50","date_gmt":"2020-11-26T09:20:50","guid":{"rendered":"http:\/\/sammarco.vn\/?post_type=product&#038;p=816"},"modified":"2020-11-30T07:37:55","modified_gmt":"2020-11-30T07:37:55","slug":"ruou-johnnie-walker-black-uk-hop-thiec-f20-40-750cl","status":"publish","type":"product","link":"https:\/\/sammarco.vn\/?product=ruou-johnnie-walker-black-uk-hop-thiec-f20-40-750cl","title":{"rendered":"R\u01b0\u1ee3u Johnnie Walker Black Uk h\u1ed9p thi\u1ebfc F20 40%- 750cl (12c\/th\u00f9ng)"},"content":{"rendered":"<p>M\u00e0u \u0111en lu\u00f4n khi\u1ebfn ta li\u00ean t\u01b0\u1edfng \u0111\u1ebfn phong c\u00e1ch v\u00e0 s\u1ef1 thanh l\u1ecbch. M\u1ed9t b\u1ed9 trang ph\u1ee5c m\u00e0u \u0111en l\u01b0\u01a1n l\u00e0 m\u1ed9t l\u1ef1a ch\u1ecdn s\u00e0nh \u0111i\u1ec7u khi m\u00e0 ki\u1ec3u \u00e1o tuxendo \u0111\u00e3 l\u00e0m cho nhi\u1ec1u qu\u00fd \u00f4ng tr\u1edf n\u00ean b\u1ea3nh bao h\u01a1n. M\u00e0u \u0111en c\u0169ng g\u1ee3i l\u00ean s\u1ef1 h\u1ea5p d\u1eabn v\u00e0 k\u00edch th\u00edch, tho\u00e1ng ch\u00fat b\u00ed \u1ea9n v\u1ec1 m\u1ed9t s\u1ef1 vi\u1ec7c g\u00ec \u0111\u00f3 \u0111ang ch\u1edd \u0111\u01b0\u1ee3c kh\u00e1m ph\u00e1.<\/p>\n<p>\u0110\u00f3 ch\u00ednh l\u00e0 Johnnie Walker Black Label v\u1edbi h\u01b0\u01a1ng v\u1ecb s\u00e2u l\u1eafng v\u00e0 ph\u1ee9c c\u1ea3m, m\u1ed9t d\u00f2ng s\u1ea3n ph\u1ea9m sang tr\u1ecdng bi\u1ec3u tr\u01b0ng cho s\u1ee9c m\u1ea1nh v\u00e0 s\u1ef1 tao nh\u00e3 v\u1edbi nh\u1eefng \u0111\u1eb7c t\u00ednh ho\u00e0n to\u00e0n ri\u00eang bi\u1ec7t. Lo\u1ea1i whisky n\u00e0y \u0111\u01b0\u1ee3c \u1ee7 t\u1eeb 12 n\u0103m tr\u1edf l\u00ean, t\u1ea1o n\u00ean m\u1ed9t h\u01b0\u01a1ng v\u1ecb ph\u1ee9c c\u1ea3m, quy\u1ebfn r\u0169. T\u1eeb th\u1eadp k\u1ef7 n\u00e0y sang th\u1eadp k\u1ef7 kh\u00e1c, Black Label \u0111\u00e3 d\u00e0nh \u0111\u01b0\u1ee3c nhi\u1ec1u gi\u1ea3i th\u01b0\u1edfng c\u0169ng nh\u01b0 l\u1eddi khen ng\u1ee3i t\u1eeb nh\u1eefng chuy\u00ean gia nh\u01b0 m\u1ed9t lo\u1ea1i whisky v\u1edbi ch\u1ea5t l\u01b0\u1ee3ng v\u01b0\u1ee3t tr\u1ed9i.<\/p>\n<p><strong>\u0110\u1eb7c \u0111i\u1ec3m<\/strong><br \/>\nM\u00e0u: v\u00e0ng h\u1ed5 ph\u00e1ch.<br \/>\nM\u00f9i: h\u01b0\u01a1ng th\u01a1m ph\u1ee9c c\u1ea3m c\u1ee7a kh\u00f3i kh\u00f4, h\u00f2a tr\u1ed9n v\u1edbi nho kh\u00f4 ng\u1ecdt ng\u00e0o, t\u01b0\u01a1i m\u00e1t v\u1edbi h\u01b0\u01a1ng cam v\u00e0 tinh d\u1ea7u cam qu\u00fdt.<br \/>\nV\u1ecb: h\u01b0\u01a1ng v\u1ecb k\u00edch th\u00edch, ng\u1ecdt d\u1ecbu, n\u1ed3ng n\u00e0n v\u00e0 s\u00e2u l\u1eafng c\u1ee7a m\u1ea1ch nha, ng\u0169 c\u1ed1c, vani v\u00e0 nho kh\u00f4. D\u01b0 v\u1ecb k\u00e9o d\u00e0i s\u00e2u l\u1eafng.<\/p>\n","protected":false},"excerpt":{"rendered":"<p>Xu\u1ea5t x\u1ee9: Scotland<br \/>\nDung t\u00edch: 750ml<br \/>\n\u0110\u1ed9 c\u1ed3n: 40\u00b0<\/p>\n","protected":false},"featured_media":817,"comment_status":"open","ping_status":"closed","template":"","meta":[],"_links":{"self":[{"href":"https:\/\/sammarco.vn\/index.php?rest_route=\/wp\/v2\/product\/816"}],"collection":[{"href":"https:\/\/sammarco.vn\/index.php?rest_route=\/wp\/v2\/product"}],"about":[{"href":"https:\/\/sammarco.vn\/index.php?rest_route=\/wp\/v2\/types\/product"}],"replies":[{"embeddable":true,"href":"https:\/\/sammarco.vn\/index.php?rest_route=%2Fwp%2Fv2%2Fcomments&post=816"}],"wp:featuredmedia":[{"embeddable":true,"href":"https:\/\/sammarco.vn\/index.php?rest_route=\/wp\/v2\/media\/817"}],"wp:attachment":[{"href":"https:\/\/sammarco.vn\/index.php?rest_route=%2Fwp%2Fv2%2Fmedia&parent=816"}],"curies":[{"name":"wp","href":"https:\/\/api.w.org\/{rel}","templated":true}]}}