{"id":814,"date":"2020-11-26T09:18:01","date_gmt":"2020-11-26T09:18:01","guid":{"rendered":"http:\/\/sammarco.vn\/?post_type=product&#038;p=814"},"modified":"2020-11-30T07:38:08","modified_gmt":"2020-11-30T07:38:08","slug":"ruou-johnnie-walker-green-uk-hop-qua-40-750cl","status":"publish","type":"product","link":"https:\/\/sammarco.vn\/?product=ruou-johnnie-walker-green-uk-hop-qua-40-750cl","title":{"rendered":"R\u01b0\u1ee3u Johnnie Walker Green  Uk H\u1ed9p qu\u00e0 40%- 750cl (12c\/th\u00f9ng)"},"content":{"rendered":"<p>R\u01b0\u1ee3u Johnnie Walker Green Label h\u1ed9p qu\u00e0 t\u1ebft 2020 l\u00e0 s\u1ea3n ph\u1ea9m r\u01b0\u1ee3u \u0111\u01b0\u1ee3c ra m\u1eb7t d\u1ef1a tr\u00ean s\u1ef1 nghi\u00ean c\u1ee9u th\u00f3i quen v\u00e0 n\u00e9t \u0111\u1eb9p v\u0103n ho\u00e1 c\u1ee7a ng\u01b0\u1eddi Vi\u1ec7t Nam m\u1ed7i d\u1ecbp t\u1ebft \u0111\u1ebfn xu\u00e2n v\u1ec1<\/p>\n<ul>\n<li><strong>R\u01b0\u1ee3u Johnnie Walker Green Label h\u1ed9p qu\u00e0 t\u1ebft 2020\u00a0<\/strong>l\u00e0 s\u1ea3n ph\u1ea9m \u0111\u01b0\u1ee3c ra m\u1eaft b\u1edfi gia \u0111\u00ecnh John Walker d\u1ef1 tr\u00ean s\u1edf th\u00edch v\u00e0 th\u00f3i quen ti\u00eau d\u00f9ng m\u1ed7i d\u1ecbp t\u1ebft nguy\u00ean \u0111\u00e1n v\u00e0 c\u00e1c d\u1ecbp l\u1ec5 trong n\u0103m<\/li>\n<li><strong>R\u01b0\u1ee3u Johnnie Walker Green Label<\/strong>\u00a0c\u00f2n c\u00f3 c\u00e1i t\u00ean th\u00e2n thu\u1ed9c \u1edf th\u1ecb tr\u01b0\u1eddng vi\u1ec7t nam v\u00e0 m\u1ecdi ng\u01b0\u1eddi th\u01b0\u1eddng g\u1ecdi l\u00e0 r\u01b0\u1ee3u John 15 n\u0103mi<\/li>\n<\/ul>\n<ul>\n<li><strong>R\u01b0\u1ee3u Johnnie Walker Green Label h\u1ed9p qu\u00e0 t\u1ebft 2020<\/strong>: l\u00e0 lo\u1ea1i r\u01b0\u1ee3u whisky mang t\u1ea5t c\u1ea3 \u0111\u1eb7c t\u00ednh c\u1ee7a r\u01b0\u1ee3u m\u1ea1ch nha \u0111\u01a1n ch\u1ea5t (Single Malt Scotch Whisky) nh\u01b0ng mang \u0111\u1ed9 s\u00e2u h\u01a1n v\u1ec1 h\u01b0\u01a1ng v\u1ecb , R\u01b0\u1ee3u Johnnie Walker Green Label th\u1ef1c s\u1ef1 l\u00e0 m\u1ed9t lo\u1ea1i r\u01b0\u1ee3u whisky v\u1edbi s\u1ef1 ph\u1ed1i tr\u1ed9n \u0111\u1ed9c \u0111\u00e1o \u0111\u1ec3 th\u01b0\u1edfng th\u1ee9c khi b\u1ea1n ng\u1ed3i l\u1ea1i v\u00e0 th\u01b0 gi\u00e3n.<\/li>\n<\/ul>\n","protected":false},"excerpt":{"rendered":"<p>Xu\u1ea5t x\u1ee9:\u00a0<b>Scotland<\/b><\/p>\n<p>N\u1ed3ng \u0111\u1ed9:\u00a0<b>43% Vol<\/b><\/p>\n<p>Th\u1ec3 t\u00edch:\u00a0<b>750 ml<\/b><\/p>\n","protected":false},"featured_media":815,"comment_status":"open","ping_status":"closed","template":"","meta":[],"_links":{"self":[{"href":"https:\/\/sammarco.vn\/index.php?rest_route=\/wp\/v2\/product\/814"}],"collection":[{"href":"https:\/\/sammarco.vn\/index.php?rest_route=\/wp\/v2\/product"}],"about":[{"href":"https:\/\/sammarco.vn\/index.php?rest_route=\/wp\/v2\/types\/product"}],"replies":[{"embeddable":true,"href":"https:\/\/sammarco.vn\/index.php?rest_route=%2Fwp%2Fv2%2Fcomments&post=814"}],"wp:featuredmedia":[{"embeddable":true,"href":"https:\/\/sammarco.vn\/index.php?rest_route=\/wp\/v2\/media\/815"}],"wp:attachment":[{"href":"https:\/\/sammarco.vn\/index.php?rest_route=%2Fwp%2Fv2%2Fmedia&parent=814"}],"curies":[{"name":"wp","href":"https:\/\/api.w.org\/{rel}","templated":true}]}}