{"id":812,"date":"2020-11-26T09:15:37","date_gmt":"2020-11-26T09:15:37","guid":{"rendered":"http:\/\/sammarco.vn\/?post_type=product&#038;p=812"},"modified":"2020-11-30T07:38:25","modified_gmt":"2020-11-30T07:38:25","slug":"ruou-johnnie-walker-gold-reserve-uk-hop-thiec-40-750cl","status":"publish","type":"product","link":"https:\/\/sammarco.vn\/?product=ruou-johnnie-walker-gold-reserve-uk-hop-thiec-40-750cl","title":{"rendered":"R\u01b0\u1ee3u Johnnie Walker Gold Reserve Uk h\u1ed9p thi\u1ebfc 40%- 750cl (12c\/th\u00f9ng)"},"content":{"rendered":"<p>Johnnie Walker Gold Label Reserve l\u00e0 lo\u1ea1i r\u01b0\u1ee3u c\u00f3 th\u1ec3 mang \u0111\u1ebfn cho ng\u01b0\u1eddi th\u01b0\u1edfng th\u1ee9c nh\u1eefng tr\u1ea3i nghi\u1ec7m v\u1ec1 r\u01b0\u1ee3u Whisky v\u00f4 c\u00f9ng \u0111\u00e1ng gi\u00e1 . \u00cam d\u1ecbu, thanh nh\u00e3, v\u1edbi v\u1ecb Kem, Gold Label Reserve t\u1ea1o n\u00ean ni\u1ec1m vui th\u00edch b\u1ea5t t\u1eadn, m\u1ed9t h\u1ed7n h\u1ee3p \u0111\u1ea7y c\u1ea3m h\u1ee9ng t\u1eeb M\u1ea1ch nha Clynelish h\u00f2a qu\u1ec7n c\u00f9ng n\u01b0\u1edbc su\u1ed1i ch\u1ea3y qua nh\u1eefng m\u1ea1ch v\u00e0ng nguy\u00ean ch\u1ea5t<\/p>\n<p>T\u1ea1i Vi\u1ec7t Nam, Gold Label Reserve c\u00f2n \u0111\u01b0\u1ee3c g\u1ecdi v\u1edbi c\u00e1i t\u00ean quen thu\u1ed9c l\u00e0 r\u01b0\u1ee3u Johnnie V\u00e0ng, \u0111\u00e2y l\u00e0 d\u00f2ng r\u01b0\u1ee3u \u0111\u01b0\u1ee3c pha tr\u1ed9n m\u1ed9t c\u00e1ch kh\u00e9o l\u00e9o gi\u1eefa nhi\u1ec1u lo\u1ea1i r\u01b0\u1ee3u Whisky l\u00e2u n\u0103m v\u00e0 qu\u00fd hi\u1ebfm c\u00f3 h\u01b0\u01a1ng v\u1ecb c\u1ed5 \u0111i\u1ec3n, \u0111\u01b0\u1ee3c l\u01b0u gi\u1eef b\u1edfi Alecxander Walker, s\u1ea3n xu\u1ea5t v\u1edbi s\u1ed1 l\u01b0\u1ee3ng r\u1ea5t h\u1ea1n ch\u1ebf, t\u1ea1i nh\u1eefng x\u01b0\u1edfng ch\u01b0ng c\u1ea5t r\u01b0\u1ee3u n\u1ed5i ti\u1ebfng c\u1ee7a Scotland, v\u1edbi th\u1eddi gian \u1ee7 r\u01b0\u1ee3u \u1edf trong nh\u1eefng th\u00f9ng g\u1ed7 S\u1ed3i t\u1eeb 18 n\u0103m tr\u1edf l\u00ean<\/p>\n<p>\u0110\u00edch th\u00e2n b\u1eadc th\u1ea7y ph\u1ed1i ch\u1ebf r\u01b0\u1ee3u c\u1ee7a h\u00e3ng Johnnie Walker \u0111\u00e3 tuy\u1ec3n ch\u1ecdn t\u1eeb 15 lo\u1ea1i Whisky qu\u00fd hi\u1ebfm t\u1eeb kho t\u00e0ng r\u01b0\u1ee3u qu\u00fd c\u1ee7a Johnnie Walker \u0111\u1ec3 t\u1ea1o ra Gold Label Reserve _ S\u1ef1 k\u1ebft h\u1ee3p tuy\u1ec7t v\u1eddi n\u00e0y \u0111\u00e3 t\u1ea1o ra ch\u1ea5t r\u01b0\u1ee3u v\u1edbi v\u1ecb \u00eam d\u1ecbu, s\u00e2u l\u1eafng, ng\u1ecdt ng\u00e0o c\u1ee7a M\u1eadt ong, Tr\u00e1i c\u00e2y v\u00e0 g\u1ed7 S\u1ed3i<\/p>\n<p>Gold Label Reserve s\u1ebd l\u00e0 m\u00f3n qu\u00e0 sang tr\u1ecdng \u0111\u1ec3 ch\u00fac m\u1eebng n\u0103m m\u1edbi, c\u0169ng nh\u01b0 g\u00f3p ph\u1ea7n g\u1eedi trao t\u1edbi c\u00e1c \u0111\u1ed1i t\u00e1c kinh doanh \u0111\u00e3 c\u00f9ng s\u00e1t c\u00e1nh trong su\u1ed1t th\u1eddi gian qua<\/p>\n<p>Johnnie Walker Gold Label Reserve r\u1ea5t th\u00edch h\u1ee3p s\u1eed d\u1ee5ng l\u00e0m \u0111\u1ed3 u\u1ed1ng trong nh\u1eefng b\u1eefa ti\u1ec7c sang tr\u1ecdng, ho\u1eb7c l\u00e0m qu\u00e0 bi\u1ebfu cho ng\u01b0\u1eddi th\u00e2n, b\u1ea1n b\u00e8 v\u00e0 \u0111\u1ed1i t\u00e1c l\u00e0m \u0103n<\/p>\n","protected":false},"excerpt":{"rendered":"<p>Dung t\u00edch: 750 ml<br \/>\nN\u1ed3ng \u0111\u1ed9: 750 ml<br \/>\nQuy c\u00e1ch: 12 Chai\/ Th\u00f9ng<br \/>\nNgu\u1ed3n g\u1ed1c xu\u1ea5t x\u1ee9: H\u00e0ng do Diageo nh\u1eadp kh\u1ea9u<\/p>\n","protected":false},"featured_media":881,"comment_status":"open","ping_status":"closed","template":"","meta":[],"_links":{"self":[{"href":"https:\/\/sammarco.vn\/index.php?rest_route=\/wp\/v2\/product\/812"}],"collection":[{"href":"https:\/\/sammarco.vn\/index.php?rest_route=\/wp\/v2\/product"}],"about":[{"href":"https:\/\/sammarco.vn\/index.php?rest_route=\/wp\/v2\/types\/product"}],"replies":[{"embeddable":true,"href":"https:\/\/sammarco.vn\/index.php?rest_route=%2Fwp%2Fv2%2Fcomments&post=812"}],"wp:featuredmedia":[{"embeddable":true,"href":"https:\/\/sammarco.vn\/index.php?rest_route=\/wp\/v2\/media\/881"}],"wp:attachment":[{"href":"https:\/\/sammarco.vn\/index.php?rest_route=%2Fwp%2Fv2%2Fmedia&parent=812"}],"curies":[{"name":"wp","href":"https:\/\/api.w.org\/{rel}","templated":true}]}}