{"id":809,"date":"2020-11-26T09:08:54","date_gmt":"2020-11-26T09:08:54","guid":{"rendered":"http:\/\/sammarco.vn\/?post_type=product&#038;p=809"},"modified":"2020-11-30T07:43:46","modified_gmt":"2020-11-30T07:43:46","slug":"ruou-singleton-nature-khong-so","status":"publish","type":"product","link":"https:\/\/sammarco.vn\/?product=ruou-singleton-nature-khong-so","title":{"rendered":"R\u01b0\u1ee3u Singleton Nature (kh\u00f4ng s\u1ed1) (6c\/th\u00f9ng)"},"content":{"rendered":"<p><strong>Singleton\u00a0<\/strong>l\u00e0 lo\u1ea1i whisky m\u1ea1ch nha \u0111\u01a1n v\u1edbi h\u01b0\u01a1ng v\u1ecb \u0111\u1eadm \u0111\u00e0, \u00eam d\u1ecbu v\u00e0 c\u00e2n b\u1eb1ng ho\u00e0n h\u1ea3o v\u1edbi thi\u1ebft k\u1ebf chai th\u1ee7y tinh xanh \u0111\u1ed9c \u0111\u00e1o theo phong c\u00e1ch th\u1ebf k\u1ef7 19.<\/p>\n<div>Th\u01b0\u01a1ng hi\u1ec7u Singleton s\u1edf h\u1eefu 3 nh\u00e0 m\u00e1y ch\u01b0ng c\u1ea5t g\u1ed3m: Duffton, Glen Ord v\u00e0 Glendullan.<\/div>\n","protected":false},"excerpt":{"rendered":"<p><strong>Singleton\u00a0<\/strong>l\u00e0 lo\u1ea1i whisky m\u1ea1ch nha \u0111\u01a1n v\u1edbi h\u01b0\u01a1ng v\u1ecb \u0111\u1eadm \u0111\u00e0, \u00eam d\u1ecbu v\u00e0 c\u00e2n b\u1eb1ng ho\u00e0n h\u1ea3o v\u1edbi thi\u1ebft k\u1ebf chai th\u1ee7y tinh xanh \u0111\u1ed9c \u0111\u00e1o theo phong c\u00e1ch th\u1ebf k\u1ef7 19.<\/p>\n<div>Th\u01b0\u01a1ng hi\u1ec7u Singleton s\u1edf h\u1eefu 3 nh\u00e0 m\u00e1y ch\u01b0ng c\u1ea5t g\u1ed3m: Duffton, Glen Ord v\u00e0 Glendullan.<\/div>\n","protected":false},"featured_media":863,"comment_status":"open","ping_status":"closed","template":"","meta":[],"_links":{"self":[{"href":"https:\/\/sammarco.vn\/index.php?rest_route=\/wp\/v2\/product\/809"}],"collection":[{"href":"https:\/\/sammarco.vn\/index.php?rest_route=\/wp\/v2\/product"}],"about":[{"href":"https:\/\/sammarco.vn\/index.php?rest_route=\/wp\/v2\/types\/product"}],"replies":[{"embeddable":true,"href":"https:\/\/sammarco.vn\/index.php?rest_route=%2Fwp%2Fv2%2Fcomments&post=809"}],"wp:featuredmedia":[{"embeddable":true,"href":"https:\/\/sammarco.vn\/index.php?rest_route=\/wp\/v2\/media\/863"}],"wp:attachment":[{"href":"https:\/\/sammarco.vn\/index.php?rest_route=%2Fwp%2Fv2%2Fmedia&parent=809"}],"curies":[{"name":"wp","href":"https:\/\/api.w.org\/{rel}","templated":true}]}}