{"id":807,"date":"2020-11-26T09:06:48","date_gmt":"2020-11-26T09:06:48","guid":{"rendered":"http:\/\/sammarco.vn\/?post_type=product&#038;p=807"},"modified":"2020-11-30T07:45:20","modified_gmt":"2020-11-30T07:45:20","slug":"ruou-singleton-of-glen-ord-12yo-hop-qua-40-700cl","status":"publish","type":"product","link":"https:\/\/sammarco.vn\/?product=ruou-singleton-of-glen-ord-12yo-hop-qua-40-700cl","title":{"rendered":"R\u01b0\u1ee3u Singleton of Glen Old 12YO H\u1ed9p qu\u00e0 40% -700cl (6c\/th\u00f9ng)"},"content":{"rendered":"<p>R\u01b0\u1ee3u Singleton c\u00f3 3 d\u00f2ng s\u1ea3n ph\u1ea9m d\u00e0nh cho 3 ph\u00e2n kh\u00fac th\u1ecb tr\u01b0\u1eddng kh\u00e1c nhau : \u0110\u00f3 l\u00e0\u00a0<strong>Singleton of Glen Ord<\/strong>\u00a0d\u00e0nh cho th\u1ecb tr\u01b0\u1eddng Ch\u00e2u \u00c1 &#8211; Th\u00e1i b\u00ecnh d\u01b0\u01a1ng , Singleton of Clendulland d\u00e0nh cho th\u1ecb tr\u01b0\u1eddng Ch\u00e2u M\u1ef9 , Singleton of Dufftown d\u00e0nh cho Th\u1ecb tr\u01b0\u1eddng Ch\u00e2u \u00c2u<\/p>\n<p>B\u00ecnh th\u01b0\u1eddng d\u00f2ng s\u1ea3n ph\u1ea9m d\u00e0nh cho ph\u00e2n kh\u00fac Th\u1ecb tr\u01b0\u1eddng Ch\u00e2u \u00e2u \u0111\u01b0\u1ee3c \u0111\u00e1nh gi\u00e1 cao v\u1ec1 h\u01b0\u01a1ng v\u1ecb , nh\u01b0ng Singleton of Glen Ord d\u00e0nh cho th\u1ecb tr\u01b0\u1eddng Ch\u00e2u \u00c1 l\u1ea1i l\u00e0 m\u1ed9t ngo\u1ea1i l\u1ec7 . \u0110\u00e2y l\u00e0 d\u00f2ng Singleton \u0111\u01b0\u1ee3c kh\u00e1ch h\u00e0ng \u0111\u00e1nh gi\u00e1 cao nh\u1ea5t trong 3 d\u00f2ng s\u1ea3n ph\u1ea9m Singleton c\u1ee7a Diageo<\/p>\n<p>R\u01b0\u1ee3u Singleton \u0111ang \u0111\u01b0\u1ee3c Diageo nh\u1eadp kh\u1ea9u v\u00e0 ph\u00e2n ph\u1ed1i t\u1ea1i th\u1ecb tr\u01b0\u1eddng Vi\u1ec7t nam hi\u00ean nay thu\u1ed9c d\u00f2ng s\u1ea3n ph\u1ea9m d\u00e0nh cho ph\u00e2n kh\u00fac th\u1ecb tr\u01b0\u1eddng Ch\u00e2u \u00c1 &#8211; Th\u00e1i B\u00ecnh D\u01b0\u01a1ng \u0111\u00f3 l\u00e0\u00a0 Singleton of Glen Ord :<\/p>\n<p>Singleton of Glen Ord v\u1edbi ki\u1ec3u d\u00e1ng chai th\u1ee7y tinh \u0111\u01b0\u1ee3c thi\u1ebft k\u1ebf theo phong c\u00e1ch \u0111\u1eb7c tr\u01b0ng c\u1ee7a th\u1ebf k\u1ec9 th\u1ee9 19 &#8211; Chai th\u1ee7y tinh d\u1eb9t m\u00e0u xanh l\u1ee5c &#8211; V\u1edbi c\u00e1c k\u00ed t\u1ef1 tr\u00ean m\u00e1c chai ch\u1ec9 c\u00f3 2 m\u00e0u \u0111\u01a1n gi\u1ea3n l\u00e0 \u0111en v\u00e0 tr\u1eafng l\u00e0m cho ng\u01b0\u1eddi ta ngay l\u1eadp t\u1ee9c li\u00ean t\u01b0\u1edfng \u0111\u1ebfn k\u1ec9 nguy\u00ean c\u1ed5 \u0111i\u1ec3n c\u1ee7a n\u00f3<\/p>\n<p>X\u01b0\u1edfng ch\u01b0ng c\u1ea5t r\u01b0\u1ee3u Glen Ord n\u1eb1m \u1edf ph\u00eda b\u1eafc Scotland , l\u00e0m M\u1ea1ch nha ( Malt ) t\u1eeb L\u00faa m\u1ea1ch \u1edf trong v\u00f9ng , s\u1eed d\u1ee5ng ph\u01b0\u01a1ng ph\u00e1p l\u00ean men k\u00e9o d\u00e0i v\u00e0 ch\u01b0ng c\u1ea5t ch\u1eadm n\u1ed1i ti\u00eap c\u00e1c th\u1ebf h\u1ec7 \u0111i tr\u01b0\u1edbc t\u1eeb nh\u1eefng n\u0103m 1838<\/p>\n<p>Singleton \u0111\u01b0\u1ee3c s\u1ea3n xu\u1ea5t \u1edf Glen Ord &#8211; M\u1ed9t trong nh\u1eefng Nh\u00e0 m\u00e1y ch\u01b0ng c\u1ea5t s\u1ea3n xu\u1ea5t ra lo\u1ea1i Whisky m\u1ea1ch nha \u0111\u01b0\u1ee3c qu\u1ed1c t\u1ebf c\u00f4ng nh\u1eadn v\u1edbi gi\u1ea3i th\u01b0\u1edfng IWSC uy t\u00edn ( International Wine &amp; Spirit Competition ) &#8211; Huy ch\u01b0\u01a1ng v\u00e0ng trong 2 n\u0103m li\u00ean ti\u1ebfp d\u00e0nh cho Whisky m\u1ea1ch nha \u0111\u01a1n c\u1ea5t d\u01b0\u1edbi 15 n\u0103m tu\u1ed5i.<\/p>\n","protected":false},"excerpt":{"rendered":"<ul>\n<li><strong>D\u00f2ng r\u01b0\u1ee3u:<\/strong>\u00a0Single Malt Scotch Whisky<\/li>\n<li><strong>\u0110\u1ed9 c\u1ed3n:\u00a0<\/strong>40% vol<\/li>\n<li><strong>Dung t\u00edch:\u00a0<\/strong>700 ml<\/li>\n<li><strong>Quy c\u00e1ch :<\/strong>\u00a06 Chai \/ Th\u00f9ng<\/li>\n<li><strong>T\u00ean s\u1ea3n ph\u1ea9m:<\/strong>\u00a0R\u01b0\u1ee3u Singleton 12<\/li>\n<li><strong>Xu\u1ea5t x\u1ee9:<\/strong>\u00a0Scotland<\/li>\n<\/ul>\n","protected":false},"featured_media":808,"comment_status":"open","ping_status":"closed","template":"","meta":[],"_links":{"self":[{"href":"https:\/\/sammarco.vn\/index.php?rest_route=\/wp\/v2\/product\/807"}],"collection":[{"href":"https:\/\/sammarco.vn\/index.php?rest_route=\/wp\/v2\/product"}],"about":[{"href":"https:\/\/sammarco.vn\/index.php?rest_route=\/wp\/v2\/types\/product"}],"replies":[{"embeddable":true,"href":"https:\/\/sammarco.vn\/index.php?rest_route=%2Fwp%2Fv2%2Fcomments&post=807"}],"wp:featuredmedia":[{"embeddable":true,"href":"https:\/\/sammarco.vn\/index.php?rest_route=\/wp\/v2\/media\/808"}],"wp:attachment":[{"href":"https:\/\/sammarco.vn\/index.php?rest_route=%2Fwp%2Fv2%2Fmedia&parent=807"}],"curies":[{"name":"wp","href":"https:\/\/api.w.org\/{rel}","templated":true}]}}