{"id":803,"date":"2020-11-26T09:00:57","date_gmt":"2020-11-26T09:00:57","guid":{"rendered":"http:\/\/sammarco.vn\/?post_type=product&#038;p=803"},"modified":"2020-11-26T09:24:50","modified_gmt":"2020-11-26T09:24:50","slug":"ruou-remy-martin-fine-champage-cognac-club-40-700cl","status":"publish","type":"product","link":"https:\/\/sammarco.vn\/?product=ruou-remy-martin-fine-champage-cognac-club-40-700cl","title":{"rendered":"R\u01b0\u1ee3u Remy Martin Fine champage Cognac Club 40% &#8211; 700cl"},"content":{"rendered":"<p><strong>Remy Martin<\/strong>\u00a0ng\u00e0y h\u00f4m nay Ng\u00e0y nay, s\u1ef1 k\u1ebft h\u1ee3p c\u1ee7a R\u00e9my Martin v\u1edbi Cointreau trong n\u0103m 1990 ch\u1ec9 c\u00f3 th\u1ec3 \u0111\u01b0\u1ee3c coi nh\u01b0 l\u00e0 m\u1ed9t ph\u00e1t tri\u1ec3n quan tr\u1ecdng trong Develpment c\u1ee7a c\u00f4ng ty qu\u1ed1c t\u1ebf ca ng\u1ee3i<\/p>\n<p><strong>Remy Martin Club\u00a0<\/strong>l\u00e0 m\u1ed9t Cognac \u0111\u1ea7y \u0111\u1ee7 v\u00e0 tr\u00f2n, m\u1ed9t cognac l\u1edbp \u0111\u1ea7u ti\u00ean. Champagne c\u1ee7a n\u00f3 pha tr\u1ed9n M\u1ef9, c\u00f3 ngh\u0129a l\u00e0 eaux-de-vie t\u1eeb Grande v\u00e0 Petite c\u1ea5t Champagne: 70% t\u1eeb Grande v\u00e0 30% c\u1ee7a Petite. C\u00e1c tinh th\u1ea7n \u1edf \u0111\u1ed9 tu\u1ed5i t\u1eeb 5 \u0111\u1ebfn 25 tu\u1ed5i, tr\u01b0\u1edfng th\u00e0nh trong th\u00f9ng g\u1ed7 s\u1ed3i trong h\u1ea7m r\u01b0\u1ee3u c\u1ee7a\u00a0<strong>Remy Martin.<\/strong><\/p>\n<p>Cognac l\u00e0 ph\u1ee9c t\u1ea1p, tr\u00ean m\u0169i m\u1ed9t s\u1ed1 vani t\u1ed1t \u0111\u1eb9p, hoa h\u1ed3ng v\u00e0 hoa nh\u00e0i, trong v\u00f2m h\u1ecdng m\u01a1, h\u1ea1nh nh\u00e2n v\u00e0 h\u1ea1t nh\u1ee5c \u0111\u1eadu kh\u1ea5u. K\u1ebft th\u00fac l\u00e0 kh\u00e1 d\u00e0i v\u00e0 cu\u1ed1i c\u00f9ng cho kho\u1ea3ng 8 ph\u00fat<\/p>\n","protected":false},"excerpt":{"rendered":"<p><strong>Remy Martin<\/strong>\u00a0ng\u00e0y h\u00f4m nay Ng\u00e0y nay, s\u1ef1 k\u1ebft h\u1ee3p c\u1ee7a R\u00e9my Martin v\u1edbi Cointreau trong n\u0103m 1990 ch\u1ec9 c\u00f3 th\u1ec3 \u0111\u01b0\u1ee3c coi nh\u01b0 l\u00e0 m\u1ed9t ph\u00e1t tri\u1ec3n quan tr\u1ecdng trong Develpment c\u1ee7a c\u00f4ng ty qu\u1ed1c t\u1ebf ca ng\u1ee3i<\/p>\n","protected":false},"featured_media":820,"comment_status":"open","ping_status":"closed","template":"","meta":[],"_links":{"self":[{"href":"https:\/\/sammarco.vn\/index.php?rest_route=\/wp\/v2\/product\/803"}],"collection":[{"href":"https:\/\/sammarco.vn\/index.php?rest_route=\/wp\/v2\/product"}],"about":[{"href":"https:\/\/sammarco.vn\/index.php?rest_route=\/wp\/v2\/types\/product"}],"replies":[{"embeddable":true,"href":"https:\/\/sammarco.vn\/index.php?rest_route=%2Fwp%2Fv2%2Fcomments&post=803"}],"wp:featuredmedia":[{"embeddable":true,"href":"https:\/\/sammarco.vn\/index.php?rest_route=\/wp\/v2\/media\/820"}],"wp:attachment":[{"href":"https:\/\/sammarco.vn\/index.php?rest_route=%2Fwp%2Fv2%2Fmedia&parent=803"}],"curies":[{"name":"wp","href":"https:\/\/api.w.org\/{rel}","templated":true}]}}