{"id":801,"date":"2020-11-26T08:54:24","date_gmt":"2020-11-26T08:54:24","guid":{"rendered":"http:\/\/sammarco.vn\/?post_type=product&#038;p=801"},"modified":"2020-11-30T07:41:21","modified_gmt":"2020-11-30T07:41:21","slug":"ruou-martel-noblige-40-700cl","status":"publish","type":"product","link":"https:\/\/sammarco.vn\/?product=ruou-martel-noblige-40-700cl","title":{"rendered":"R\u01b0\u1ee3u Martel Noblige 40%-700cl (12c\/th\u00f9ng)"},"content":{"rendered":"<p>Noblige \u0111\u01b0\u1ee3c l\u1ea5y c\u1ea3m h\u1ee9ng t\u1eeb c\u00e2u t\u1ee5c ng\u1eef Ph\u00e1p \u201cNoblesse Oblige\u201d, th\u00f4ng \u0111i\u1ec7p v\u1ec1 n\u00e9t v\u0103n h\u00f3a c\u01b0 x\u1eed \u0111\u00fang m\u1ef1c c\u1ee7a c\u00e1c nh\u00e0 qu\u00fd t\u1ed9c, d\u00e1m \u0111\u1ea3m nhi\u1ec7m nh\u1eefng tr\u1ecdng tr\u00e1ch x\u1ee9ng \u0111\u00e1ng v\u1edbi c\u01b0\u01a1ng v\u1ecb c\u1ee7a m\u00ecnh, m\u1ed9t cam k\u1ebft m\u00e0 MARTELL vinh d\u1ef1 k\u1ebf th\u1eeba v\u00e0 g\u00ecn gi\u1eef t\u1eeb n\u0103m 1715 theo d\u1ea5u \u1ea5n ng\u01b0\u1eddi s\u00e1ng l\u1eadp- Jean Martell.<\/p>\n<p><strong>Th\u00f4ng tin S\u00e0n ph\u1ea9m<\/strong><\/p>\n<p>M\u00e0u Nobliges l\u00e0 \u0111\u1ed3ng \u0111en, tr\u00ean m\u0169i m\u1ed9t s\u1ed1 ghi ch\u00fa t\u01b0\u01a1i v\u00e0 tr\u00e1i c\u00e2y, g\u1ee3i \u00fd nh\u1eb9 c\u1ee7a tr\u00e1i c\u00e2y kh\u00f4 v\u00e0 g\u1ed7 s\u1ed3i. H\u01b0\u01a1ng v\u1ecb b\u1ecb chi ph\u1ed1i b\u1edfi m\u00f9i h\u01b0\u01a1ng hoa, m\u1ed9t s\u1ed1 vanilla v\u00e0 c\u00e1c lo\u1ea1i h\u1ea1t. S\u1ef1 pha tr\u1ed9n \u1ea3nh h\u01b0\u1edfng b\u1edfi Borderies eaux-de-vie v\u00e0 qu\u00e1 tr\u00ecnh l\u00e3o h\u00f3a trong &#8220;cao qu\u00fd&#8221; Troncais th\u00f9ng. D\u01b0 v\u1ecb l\u00e0 m\u1ecbn v\u00e0 d\u00e0i c\u00f9ng m\u1ed9t l\u00fac, t\u1ea5t nhi\u00ean b\u1ea1n s\u1ebd kh\u00f4ng mu\u1ed1n k\u1ebft h\u1ee3p cognac t\u1ed1t \u0111i\u1ec1u n\u00e0y v\u1edbi b\u1ea5t c\u1ee9 \u0111i\u1ec1u g\u00ec kh\u00e1c.<\/p>\n<p>M\u1ed9t cognac nam t\u00ednh v\u00e0 thanh l\u1ecbch, bi\u1ec3u c\u1ea3m c\u1ee7a s\u1ef1 c\u1ea3m th\u00f4ng su\u1ed1t v\u00e0 r\u1ed9ng l\u01b0\u1ee3ng c\u1ee7a tr\u00e1i c\u00e2y c\u00e2n b\u1eb1ng v\u1edbi ghi ch\u00fa g\u1ed7 ph\u1ee9c t\u1ea1p.<\/p>\n","protected":false},"excerpt":{"rendered":"<p>Noblige \u0111\u01b0\u1ee3c l\u1ea5y c\u1ea3m h\u1ee9ng t\u1eeb c\u00e2u t\u1ee5c ng\u1eef Ph\u00e1p \u201cNoblesse Oblige\u201d, th\u00f4ng \u0111i\u1ec7p v\u1ec1 n\u00e9t v\u0103n h\u00f3a c\u01b0 x\u1eed \u0111\u00fang m\u1ef1c c\u1ee7a c\u00e1c nh\u00e0 qu\u00fd t\u1ed9c, d\u00e1m \u0111\u1ea3m nhi\u1ec7m nh\u1eefng tr\u1ecdng tr\u00e1ch x\u1ee9ng \u0111\u00e1ng v\u1edbi c\u01b0\u01a1ng v\u1ecb c\u1ee7a m\u00ecnh, m\u1ed9t cam k\u1ebft m\u00e0 MARTELL vinh d\u1ef1 k\u1ebf th\u1eeba v\u00e0 g\u00ecn gi\u1eef t\u1eeb n\u0103m 1715 theo d\u1ea5u \u1ea5n ng\u01b0\u1eddi s\u00e1ng l\u1eadp- Jean Martell<\/p>\n","protected":false},"featured_media":802,"comment_status":"open","ping_status":"closed","template":"","meta":[],"_links":{"self":[{"href":"https:\/\/sammarco.vn\/index.php?rest_route=\/wp\/v2\/product\/801"}],"collection":[{"href":"https:\/\/sammarco.vn\/index.php?rest_route=\/wp\/v2\/product"}],"about":[{"href":"https:\/\/sammarco.vn\/index.php?rest_route=\/wp\/v2\/types\/product"}],"replies":[{"embeddable":true,"href":"https:\/\/sammarco.vn\/index.php?rest_route=%2Fwp%2Fv2%2Fcomments&post=801"}],"wp:featuredmedia":[{"embeddable":true,"href":"https:\/\/sammarco.vn\/index.php?rest_route=\/wp\/v2\/media\/802"}],"wp:attachment":[{"href":"https:\/\/sammarco.vn\/index.php?rest_route=%2Fwp%2Fv2%2Fmedia&parent=801"}],"curies":[{"name":"wp","href":"https:\/\/api.w.org\/{rel}","templated":true}]}}