{"id":799,"date":"2020-11-26T08:53:04","date_gmt":"2020-11-26T08:53:04","guid":{"rendered":"http:\/\/sammarco.vn\/?post_type=product&#038;p=799"},"modified":"2020-11-30T07:41:32","modified_gmt":"2020-11-30T07:41:32","slug":"ruou-martel-v-s-o-p-40-700cl","status":"publish","type":"product","link":"https:\/\/sammarco.vn\/?product=ruou-martel-v-s-o-p-40-700cl","title":{"rendered":"R\u01b0\u1ee3u Martel V.S.O.P 40%- 700cl (12c\/th\u00f9ng)"},"content":{"rendered":"<p>R\u01b0\u1ee3u Cognac Ph\u00e1p Martell VSOP \u2013<br \/>\nMedaillon l\u00e0 lo\u1ea1i r\u01b0\u1ee3u c\u00f3 th\u1ec3 d\u00f9ng ti\u1ebfp \u0111\u00e3i t\u1eeb nh\u1eefng b\u1eefa ti\u1ec7c l\u1edbn \u0111\u1ebfn<br \/>\nnh\u1eefng cu\u1ed9c h\u1ecdp m\u1eb7t nh\u1ecf, ho\u1eb7c l\u00e0 m\u1ed9t b\u1eefa ti\u1ec7c th\u00e2n m\u1eadt hai ng\u01b0\u1eddi.H\u1ea1ng<br \/>\nr\u01b0\u1ee3u \u2018Very Superior Old Pale\u2019 n\u00e0y \u0111\u00e3 \u0111\u01b0\u1ee3c s\u1ea3n xu\u1ea5t t\u1eeb n\u0103m 1874 v\u00e0 \u0111\u01b0\u1ee3c<br \/>\nph\u1ed1i ch\u1ebf t\u1eeb kho\u1ea3ng 100 lo\u1ea1i eaux-de-vie, chi\u1ebfm t\u1ec9 l\u1ec7 cao t\u1eeb c\u00f9ng Fins<br \/>\nBois c\u00f3 tu\u1ed5i \u1ee7 trong kho\u1ea3ng 5 \u2013 15 n\u0103m (trung b\u00ecnh l\u00e0 8 n\u0103m). Tr\u00ean nh\u00e3n<br \/>\nc\u00f3 in h\u00ecnh huy ch\u01b0\u01a1ng v\u00e0ng c\u00f3 kh\u1eafc h\u00ecnh ch\u00e2n dung c\u1ee7a vua Louis XIV.<br \/>\nH\u00e3ng th\u00e0nh l\u1eadp v\u00e0o n\u0103m cu\u1ed1i c\u00f9ng c\u1ee7a tri\u1ec1u \u0111\u1ea1i v\u1ecb vua n\u00e0y (1715).<\/p>\n","protected":false},"excerpt":{"rendered":"<p>R\u01b0\u1ee3u Cognac Ph\u00e1p Martell VSOP \u2013 H\u1ed9p qu\u00e0 t\u1ebft 2019 ly + t\u00fai.R\u01b0\u1ee3u Cognac Martell VSOP<br \/>\nMedaillon l\u00e0 lo\u1ea1i r\u01b0\u1ee3u c\u00f3 th\u1ec3 d\u00f9ng ti\u1ebfp \u0111\u00e3i t\u1eeb nh\u1eefng b\u1eefa ti\u1ec7c l\u1edbn \u0111\u1ebfn<br \/>\nnh\u1eefng cu\u1ed9c h\u1ecdp m\u1eb7t nh\u1ecf, ho\u1eb7c l\u00e0 m\u1ed9t b\u1eefa ti\u1ec7c th\u00e2n m\u1eadt hai ng\u01b0\u1eddi.<\/p>\n","protected":false},"featured_media":800,"comment_status":"open","ping_status":"closed","template":"","meta":[],"_links":{"self":[{"href":"https:\/\/sammarco.vn\/index.php?rest_route=\/wp\/v2\/product\/799"}],"collection":[{"href":"https:\/\/sammarco.vn\/index.php?rest_route=\/wp\/v2\/product"}],"about":[{"href":"https:\/\/sammarco.vn\/index.php?rest_route=\/wp\/v2\/types\/product"}],"replies":[{"embeddable":true,"href":"https:\/\/sammarco.vn\/index.php?rest_route=%2Fwp%2Fv2%2Fcomments&post=799"}],"wp:featuredmedia":[{"embeddable":true,"href":"https:\/\/sammarco.vn\/index.php?rest_route=\/wp\/v2\/media\/800"}],"wp:attachment":[{"href":"https:\/\/sammarco.vn\/index.php?rest_route=%2Fwp%2Fv2%2Fmedia&parent=799"}],"curies":[{"name":"wp","href":"https:\/\/api.w.org\/{rel}","templated":true}]}}