{"id":797,"date":"2020-11-26T08:45:28","date_gmt":"2020-11-26T08:45:28","guid":{"rendered":"http:\/\/sammarco.vn\/?post_type=product&#038;p=797"},"modified":"2020-11-30T07:42:22","modified_gmt":"2020-11-30T07:42:22","slug":"ruou-macallan-15y","status":"publish","type":"product","link":"https:\/\/sammarco.vn\/?product=ruou-macallan-15y","title":{"rendered":"R\u01b0\u1ee3u Macallan 15Y (12c\/th\u00f9ng)"},"content":{"rendered":"<p>R\u01b0\u1ee3u Macallan 15 n\u0103m Triple Cask trong m\u1ed9t chi\u00ean l\u01b0\u1ee3c th\u00e2y \u0111\u1ed5i m\u1eabu m\u00e3 chai r\u01b0\u1ee3u t\u1eeb n\u0103m 2018 c\u0169ng nh\u01b0 \u0111\u1ed5i t\u00ean d\u00f2ng Fine Oak tr\u01b0\u1edbc \u0111\u00e2y th\u00e0nh Triple Cask. Triple Cask \u0111\u1ec3 ch\u1ec9 r\u01b0\u1ee3u \u0111\u01b0\u1ee3c \u1ee7 trong 3 lo\u1ea1i th\u00f9ng g\u1ed3m th\u00f9ng Ch\u00e2u \u00c2u v\u00e0 M\u1ef9 \u1ee7 r\u01b0\u1ee3u Sherry, v\u00e0 th\u00f9ng ex- Bourbon.<\/p>\n<p style=\"font-weight: 400;\">Th\u01b0\u1edfng th\u1ee9c\u00a0<b>Single Malt Whisky<\/b>, l\u00e0 th\u01b0\u1edfng th\u1ee9c d\u00f2ng r\u01b0\u1ee3u tinh t\u00fay nh\u1ea5t, theo th\u1eddi gian. N\u00ean u\u1ed1ng nguy\u00ean ch\u1ea5t (u\u1ed1ng neat) t\u1eebng ng\u1ee5m nh\u1ecf, l\u00fd t\u01b0\u1edfng nh\u1ea5t l\u00e0 d\u00f9ng ly Tuplip.<\/p>\n<p style=\"font-weight: 400;\"><b>Th\u00eam \u0111\u00e1 (On The Rocks)<\/b>: Ki\u1ec3u u\u1ed1ng cho vi\u00ean \u0111\u00e1 kh\u1ed1i v\u00e0o ly Tumbler (Rocks) sau \u0111\u00f3 r\u00f3t r\u01b0\u1ee3u l\u00ean \u0111\u00e1 r\u1ed3i th\u01b0\u1edfng. Ki\u1ec3u n\u00e0y l\u00e0m cho ly r\u01b0\u1ee3u c\u1ee7a b\u1ea1n m\u00e1t m\u1ebb h\u01a1n. Tuy nhi\u00ean ki\u1ec3u n\u00e0y r\u01b0\u1ee3u nh\u1ea1t h\u01a1n v\u00e0 gi\u1ea3m h\u01b0\u01a1ng th\u01a1m.<\/p>\n","protected":false},"excerpt":{"rendered":"<ul class=\"product-specs__list\">\n<li class=\"meta\">Th\u01b0\u01a1ng hi\u1ec7u:Macallan<\/li>\n<li class=\"meta\">Dung t\u00edch:700ml<\/li>\n<li class=\"meta\">N\u1ed3ng \u0111\u1ed9:43%<\/li>\n<li class=\"meta\">Tu\u1ed5i r\u01b0\u1ee3u:15 n\u0103m<\/li>\n<li class=\"meta\">Ph\u00e2n Lo\u1ea1i:Single Malt Scotch Whisky<\/li>\n<li class=\"meta\">V\u00f9ng:Speyside<\/li>\n<\/ul>\n","protected":false},"featured_media":798,"comment_status":"open","ping_status":"closed","template":"","meta":[],"_links":{"self":[{"href":"https:\/\/sammarco.vn\/index.php?rest_route=\/wp\/v2\/product\/797"}],"collection":[{"href":"https:\/\/sammarco.vn\/index.php?rest_route=\/wp\/v2\/product"}],"about":[{"href":"https:\/\/sammarco.vn\/index.php?rest_route=\/wp\/v2\/types\/product"}],"replies":[{"embeddable":true,"href":"https:\/\/sammarco.vn\/index.php?rest_route=%2Fwp%2Fv2%2Fcomments&post=797"}],"wp:featuredmedia":[{"embeddable":true,"href":"https:\/\/sammarco.vn\/index.php?rest_route=\/wp\/v2\/media\/798"}],"wp:attachment":[{"href":"https:\/\/sammarco.vn\/index.php?rest_route=%2Fwp%2Fv2%2Fmedia&parent=797"}],"curies":[{"name":"wp","href":"https:\/\/api.w.org\/{rel}","templated":true}]}}