{"id":795,"date":"2020-11-26T08:43:27","date_gmt":"2020-11-26T08:43:27","guid":{"rendered":"http:\/\/sammarco.vn\/?post_type=product&#038;p=795"},"modified":"2020-11-30T07:42:35","modified_gmt":"2020-11-30T07:42:35","slug":"ruou-macallan-sigle-mart-scotch-whisky-sienna-43-700cl","status":"publish","type":"product","link":"https:\/\/sammarco.vn\/?product=ruou-macallan-sigle-mart-scotch-whisky-sienna-43-700cl","title":{"rendered":"R\u01b0\u1ee3u Macallan Sigle mart scotch whisky Sienna 43%- 700cl (12c\/th\u00f9ng)"},"content":{"rendered":"<p>Macallan Rare Cask\u00a0l\u00e0 m\u1ed9t lo\u1ea1i whisky ph\u1ee9c h\u1ee3p, c\u00f3 m\u00f9i th\u01a1m c\u1ee7a vani, nho kh\u00f4, t\u00e1o v\u00e0 cam qu\u00fdt ng\u1ecdt. V\u00f2m mi\u1ec7ng cung c\u1ea5p c\u00e1c ghi ch\u00fa \u1ea5m \u00e1p c\u1ee7a g\u1ed7 s\u1ed3i, vani v\u00e0 s\u00f4 c\u00f4 la tr\u01b0\u1edbc khi ph\u00e1t tri\u1ec3n th\u00e0nh m\u1ed9t k\u1ebft th\u00fac nh\u1eb9 h\u01a1n, cam qu\u00fdt. \u0110\u00fang nh\u01b0 t\u00ean g\u1ecdi, ch\u1ec9 1% th\u00f9ng \u1ee7 r\u01b0\u1ee3u t\u1ea1i nh\u00e0 The Macallan \u0111\u01b0\u1ee3c tuy\u1ec3n ch\u1ecdn m\u1ed9t c\u00e1ch k\u1ef9 l\u01b0\u1ee1ng qua nh\u1eefng quy tr\u00ecnh nghi\u00eam ng\u1eb7t m\u1edbi \u0111\u1ee7 ti\u00eau chu\u1ea9n \u0111\u1ec3 \u0111\u1eb7t t\u00ean l\u00e0\u00a0<strong>Rare Cask<\/strong>.<\/p>\n<p><strong>Macallan Rare Cask\u00a0Batch No.3<\/strong>,\u00a0S\u1ef1 k\u1ebft h\u1ee3p c\u1ee7a c\u00e1c th\u00f9ng g\u1ed7 s\u1ed3i ch\u00e2u \u00c2u v\u00e0 ch\u00e2u M\u1ef9 sherry, mang \u0111\u1ebfn m\u1ed9t h\u01b0\u01a1ng v\u1ecb tr\u00e1i c\u00e2y, g\u1ed7 r\u00f5\u00a0r\u1ec7t, th\u1ec3 hi\u1ec7n trong c\u00e1c ghi ch\u00fa c\u1ee7a nho kh\u00f4, vani, s\u00f4 c\u00f4 la v\u00e0 anh \u0111\u00e0o, v\u00e0 m\u1ed9t k\u1ebft th\u00fac nh\u1eb9 nh\u00e0ng, cam qu\u00fdt.<\/p>\n","protected":false},"excerpt":{"rendered":"<p><strong>acallan Rare Cask Batch No.1<\/strong>, ph\u00e1t h\u00e0nh \u0111\u1ee3t 1 n\u0103m 2019.\u00a0 S\u1ef1 k\u1ebft h\u1ee3p c\u1ee7a c\u00e1c th\u00f9ng g\u1ed7 s\u1ed3i ch\u00e2u \u00c2u v\u00e0 ch\u00e2u M\u1ef9 sherry, mang \u0111\u1ebfn m\u1ed9t h\u01b0\u01a1ng v\u1ecb tr\u00e1i c\u00e2y, g\u1ed7 r\u00f5\u00a0r\u1ec7t, th\u1ec3 hi\u1ec7n trong c\u00e1c ghi ch\u00fa c\u1ee7a nho kh\u00f4, vani, s\u00f4 c\u00f4 la v\u00e0 anh \u0111\u00e0o, v\u00e0 m\u1ed9t k\u1ebft th\u00fac nh\u1eb9 nh\u00e0ng, cam qu\u00fdt.<\/p>\n","protected":false},"featured_media":796,"comment_status":"open","ping_status":"closed","template":"","meta":[],"_links":{"self":[{"href":"https:\/\/sammarco.vn\/index.php?rest_route=\/wp\/v2\/product\/795"}],"collection":[{"href":"https:\/\/sammarco.vn\/index.php?rest_route=\/wp\/v2\/product"}],"about":[{"href":"https:\/\/sammarco.vn\/index.php?rest_route=\/wp\/v2\/types\/product"}],"replies":[{"embeddable":true,"href":"https:\/\/sammarco.vn\/index.php?rest_route=%2Fwp%2Fv2%2Fcomments&post=795"}],"wp:featuredmedia":[{"embeddable":true,"href":"https:\/\/sammarco.vn\/index.php?rest_route=\/wp\/v2\/media\/796"}],"wp:attachment":[{"href":"https:\/\/sammarco.vn\/index.php?rest_route=%2Fwp%2Fv2%2Fmedia&parent=795"}],"curies":[{"name":"wp","href":"https:\/\/api.w.org\/{rel}","templated":true}]}}