{"id":789,"date":"2020-11-26T08:34:51","date_gmt":"2020-11-26T08:34:51","guid":{"rendered":"http:\/\/sammarco.vn\/?post_type=product&#038;p=789"},"modified":"2020-11-30T07:47:32","modified_gmt":"2020-11-30T07:47:32","slug":"ruou-vang-y-malvasia-bianca-13-750ml-2018-vang-trang","status":"publish","type":"product","link":"https:\/\/sammarco.vn\/?product=ruou-vang-y-malvasia-bianca-13-750ml-2018-vang-trang","title":{"rendered":"R\u01b0\u1ee3u vang \u00fd Malvasia Bianca 13% &#8211; 750ml &#8211; 2018 ( Vang tr\u1eafng) (6c\/th\u00f9ng)"},"content":{"rendered":"<p>S\u1edf h\u1eefu t\u00ednh c\u00e1ch tinh t\u1ebf c\u1ee7a d\u00f2ng vang tr\u1eafng nh\u1eb9 nh\u00e0ng, Malvasia Bianca Salento cho s\u1ef1 t\u1ef1 nhi\u00ean. Ch\u00fang \u0111\u01b0\u1ee3c ph\u00e1t tri\u1ec3n t\u1eeb 100% gi\u1ed1ng nho Malvasia Bianca cho \u0111\u1ed9 c\u1ed3n 13%.<\/p>\n<p>R\u01b0\u1ee3u vang Malvasia Bianca Salento cho h\u01b0\u01a1ng v\u1ecb v\u00f4 c\u00f9ng t\u1ef1 nhi\u00eau c\u1ee7a tr\u00e1i c\u00e2y thanh l\u1ecbch. M\u1ed9t l\u01b0\u1ee3ng hoa qu\u1ea3 th\u01a1m t\u1ea1o d\u1ea5u \u1ea5n cho r\u01b0\u1ee3u ch\u00ednh l\u00e0 m\u00f9i cam, qu\u00fdt c\u00f9ng d\u1ee9a v\u00e0 chu\u1ed1i. Th\u00eam v\u00e0o \u0111\u00f3 l\u00e0 s\u1ef1 t\u1ed5ng h\u1ee3p h\u01b0\u01a1ng v\u1ecb c\u1ee7a v\u1ecb thanh m\u00e1t c\u00f9ng s\u1ef1 ng\u1ecdt nh\u1eb9 d\u1ecbu d\u00e0ng. \u0110\u00e2y l\u00e0 m\u1ed9t d\u00f2ng vang \u0111\u01b0\u1ee3c l\u00ean men t\u1ef1 nhi\u00ean trong nhi\u1ec7t \u0111\u1ed9 l\u00e0m r\u01b0\u1ee3u 15 \u0111\u1ed9 c.<\/p>\n<p>S\u1ef1 h\u00e0i h\u00f2a trong vang Malvasia Bianca Salento \u0111\u00e3 gi\u00fap ch\u00fang th\u1ec3 hi\u1ec7n t\u00ednh c\u00e1ch t\u1ef1 nhi\u00ean. M\u1ed9t s\u1ed1 l\u01b0\u1ee3ng tr\u00e1i c\u00e2y d\u1eady l\u00ean l\u00e0 m\u00f9i cam m\u00e3nh m\u1ebd \u0111an xen trong h\u01b0\u01a1ng chu\u1ed1i v\u00e0 d\u1ee9a. Ch\u00fang h\u00f2a quy\u1ec7n v\u00e0o nhau t\u1ea1o n\u00ean v\u1ecb thanh \u0111\u1ea7y t\u01b0\u01a1i m\u00e1t c\u00f9ng ch\u00fat v\u1ecb ng\u1ecdt d\u1ecbu nh\u1eb9 thanh l\u1ecbch. Ch\u00ecnh v\u00ec s\u1ef1 d\u1ecbu d\u00e0ng n\u00e0y m\u00e0 vang h\u1ee3p v\u1edbi m\u00ec \u1ed1ng, \u0111\u1ed3 n\u01b0\u1edbng v\u00e0 th\u1ecbt tr\u1eafng.<\/p>\n","protected":false},"excerpt":{"rendered":"<ul>\n<li><label>Nh\u00e0 s\u1ea3n xu\u1ea5t<\/label>:\u00a0Italia<\/li>\n<li><label>Tr\u1ecdng l\u01b0\u1ee3ng<\/label>: 750 ml<\/li>\n<li><label>D\u1ea1ng<\/label>: Vang tr\u1eafng<\/li>\n<li><label>\u0110\u00f3ng g\u00f3i<\/label>: 13% vol<\/li>\n<li><label>S\u1ed1 l\u1ea7n d\u00f9ng<\/label>: 1 th\u00f9ng 6 chai<\/li>\n<\/ul>\n","protected":false},"featured_media":790,"comment_status":"open","ping_status":"closed","template":"","meta":[],"_links":{"self":[{"href":"https:\/\/sammarco.vn\/index.php?rest_route=\/wp\/v2\/product\/789"}],"collection":[{"href":"https:\/\/sammarco.vn\/index.php?rest_route=\/wp\/v2\/product"}],"about":[{"href":"https:\/\/sammarco.vn\/index.php?rest_route=\/wp\/v2\/types\/product"}],"replies":[{"embeddable":true,"href":"https:\/\/sammarco.vn\/index.php?rest_route=%2Fwp%2Fv2%2Fcomments&post=789"}],"wp:featuredmedia":[{"embeddable":true,"href":"https:\/\/sammarco.vn\/index.php?rest_route=\/wp\/v2\/media\/790"}],"wp:attachment":[{"href":"https:\/\/sammarco.vn\/index.php?rest_route=%2Fwp%2Fv2%2Fmedia&parent=789"}],"curies":[{"name":"wp","href":"https:\/\/api.w.org\/{rel}","templated":true}]}}