{"id":787,"date":"2020-11-26T08:33:09","date_gmt":"2020-11-26T08:33:09","guid":{"rendered":"http:\/\/sammarco.vn\/?post_type=product&#038;p=787"},"modified":"2020-11-30T07:47:42","modified_gmt":"2020-11-30T07:47:42","slug":"ruou-vang-y-jesu-dop-18-5-750ml-2015","status":"publish","type":"product","link":"https:\/\/sammarco.vn\/?product=ruou-vang-y-jesu-dop-18-5-750ml-2015","title":{"rendered":"R\u01b0\u1ee3u vang \u00fd Jesu DOP 18.5% &#8211; 750ml &#8211; 2015 (6c\/th\u00f9ng)"},"content":{"rendered":"<p>Vang \u00dd Jesu c\u00f3 m\u00e0u \u0111\u1ecf \u0111\u1eadm \u0111i k\u00e8m c\u00f9ng s\u1ef1 tr\u1ebb trung v\u1ed1n c\u00f3. H\u01b0\u01a1ng v\u1ecb m\u1ea1nh d\u1ea1n c\u1ee7a tr\u00e1i c\u00e2y s\u1eabm m\u00e0u s\u1ebd nh\u01b0 &#8216;c\u00e1 g\u1eb7p n\u01b0\u1edbc&#8217; khi ch\u00fang \u0111\u01b0\u1ee3c ph\u1ee5c v\u1ecb c\u00f9ng c\u00e1c m\u00f3n \u0103n t\u1eeb m\u00ec \u1ed1ng, th\u1ecbt b\u00f2 b\u00edt t\u1ebft v\u00e0 pho mat c\u00e1c lo\u1ea1i. R\u01b0\u1ee3u vang n\u00e0y \u0111\u1ec3 \u0111\u01b0\u1ee3c t\u1eeb 10 \u0111\u1ebfn 15 n\u0103m ch\u00fang v\u1eabn mang v\u1ebb \u0111\u1eb9p tinh t\u1ebf v\u00e0 c\u00f3 ph\u1ea7n th\u00eam m\u00f9i th\u01a1m c\u1ee7a x\u00ec g\u00e0.<\/p>\n<p>Nh\u00e0 l\u00e0m r\u01b0\u1ee3u Feudi Salentini \u0111\u01b0\u1ee3c x\u00e2y d\u1ef1ng n\u0103m 1994 t\u1ea1i Leporano. \u0110\u00e2y l\u00e0 m\u1ed9t khu v\u1ef1c \u0111\u1eb9p nh\u1ea5t \u1edf Salento, \u0111\u01b0\u1ee3c bao quanh b\u1edfi nh\u1eefng v\u01b0\u1eddn nho, nh\u1eefng c\u00e2y \u00f4 liu c\u00f3 truy\u1ec1n th\u1ed1ng h\u00e0ng th\u1ebf k\u1ec9.<\/p>\n<p>V\u1edbi s\u1ef1 h\u1ed7 tr\u1ee3 c\u1ee7a c\u00e1c \u0111\u1ed3ng nghi\u1ec7p tr\u1ebb, m\u1ed7i ng\u00e0y Cosimo v\u00e0 Maria Teresa Varvaglione vi\u1ebft m\u1ed9t c\u00e2u chuy\u1ec7n b\u1eb1ng r\u01b0\u1ee3u vang d\u1ef1a tr\u00ean ch\u1ea5t l\u01b0\u1ee3ng v\u00e0 t\u00ecnh y\u00eau c\u1ee7a h\u1ecd v\u1edbi v\u00f9ng \u0111\u1ea5t n\u00e0y. \u0110\u00e2y l\u00e0 v\u00f9ng \u0111\u1eb7c tr\u01b0ng b\u1edfi b\u1ee5i c\u00e2y \u0110\u1ecba Trung H\u1ea3i, n\u01a1i c\u00f3 nh\u1eefng m\u00e0u xanh b\u1ea1t ng\u00e0n c\u1ee7a nh\u1eefng v\u01b0\u1eddn nho h\u00e0ng tr\u0103m n\u0103m tu\u1ed5i h\u00f9ng v\u0129 n\u1ed5i b\u1eadt tr\u00ean n\u1ec1n c\u1ee7a m\u1ed9t v\u00f9ng bi\u1ec3n. V\u1edbi \u0111i\u1ec1u ki\u1ec7n \u0111\u1ea5t \u0111ai v\u00e0 kh\u00ed h\u1eadu n\u1eafng n\u00f3ng, nhi\u1ec1u gi\u00f3 v\u00e0 bi\u1ec3n thi\u00ean v\u1ec1 vi\u1ec7c tr\u1ed3ng nho l\u00e0m cho r\u01b0\u1ee3u vang n\u01a1i \u0111\u00e2y tr\u1edf n\u00ean \u0111\u1ed9c \u0111\u00e1o v\u00e0 \u0111\u1eb7c bi\u1ec7t h\u01a1n h\u1ebft.<\/p>\n","protected":false},"excerpt":{"rendered":"<ul class=\"product-specs__list\">\n<li class=\"meta\">Th\u01b0\u01a1ng hi\u1ec7u:Feudi Salentini<\/li>\n<li class=\"meta\">V\u00f9ng:Puglia<\/li>\n<li class=\"meta\">Xu\u1ea5t x\u1ee9:\u00dd<\/li>\n<li class=\"meta\">Dung t\u00edch:750ml<\/li>\n<li class=\"meta\">N\u1ed3ng \u0111\u1ed9:18.5%<\/li>\n<li class=\"meta\">Gi\u1ed1ng nho:Primitivo<\/li>\n<li class=\"meta\">Th\u1eddi gian \u1ee7 :24 th\u00e1ng<\/li>\n<li class=\"meta\">Ph\u00e2n h\u1ea1ng:DOCG<\/li>\n<li class=\"meta\">Lo\u1ea1i Vang:Vang \u0111\u1ecf<\/li>\n<\/ul>\n","protected":false},"featured_media":788,"comment_status":"open","ping_status":"closed","template":"","meta":[],"_links":{"self":[{"href":"https:\/\/sammarco.vn\/index.php?rest_route=\/wp\/v2\/product\/787"}],"collection":[{"href":"https:\/\/sammarco.vn\/index.php?rest_route=\/wp\/v2\/product"}],"about":[{"href":"https:\/\/sammarco.vn\/index.php?rest_route=\/wp\/v2\/types\/product"}],"replies":[{"embeddable":true,"href":"https:\/\/sammarco.vn\/index.php?rest_route=%2Fwp%2Fv2%2Fcomments&post=787"}],"wp:featuredmedia":[{"embeddable":true,"href":"https:\/\/sammarco.vn\/index.php?rest_route=\/wp\/v2\/media\/788"}],"wp:attachment":[{"href":"https:\/\/sammarco.vn\/index.php?rest_route=%2Fwp%2Fv2%2Fmedia&parent=787"}],"curies":[{"name":"wp","href":"https:\/\/api.w.org\/{rel}","templated":true}]}}