{"id":784,"date":"2020-11-26T08:28:21","date_gmt":"2020-11-26T08:28:21","guid":{"rendered":"http:\/\/sammarco.vn\/?post_type=product&#038;p=784"},"modified":"2020-11-30T07:48:02","modified_gmt":"2020-11-30T07:48:02","slug":"ruou-vang-ange-primitivo-puglia-18-750ml-2017-vang-do","status":"publish","type":"product","link":"https:\/\/sammarco.vn\/?product=ruou-vang-ange-primitivo-puglia-18-750ml-2017-vang-do","title":{"rendered":"R\u01b0\u1ee3u vang Ange Primitivo Puglia 18% &#8211; 750ml &#8211; 2017 (Vang \u0111\u1ecf) (6c\/th\u00f9ng)"},"content":{"rendered":"<p>Ngay t\u1eeb khi ra m\u1eaft, chai\u00a0<strong>r\u01b0\u1ee3u vang Ange Puglia Primitivo Le Vigne Di Sammarco<\/strong>\u00a0\u0111\u00e3 g\u00e2y ti\u1ebfng vang r\u1ea5t l\u1edbn tr\u00ean th\u1ecb tr\u01b0\u1eddng, n\u00f3 thu h\u00fat th\u1ef1c kh\u00e1ch t\u1eeb v\u1ebb b\u1ec1 ngo\u00e0i \u0111\u1ebfn ch\u1ea5t l\u01b0\u1ee3ng b\u00ean trong, chai r\u01b0\u1ee3u vang n\u00e0y th\u00edch h\u1ee3p s\u1eed d\u1ee5ng bi\u1ebft t\u1eb7ng cho nh\u1eefng \u0111\u1ed1i t\u00e1c quan tr\u1ecdng nh\u1ea5t.<\/p>\n<p><strong>R\u01b0\u1ee3u vang Ange Puglia Primitivo Le Vigne Di Sammarco<\/strong>\u00a0n\u1ed5i ti\u1ebfng v\u1edbi m\u00e0u \u0111\u1ecf h\u1ed3ng ng\u1ecdc pha ch\u00fat \u00e1nh t\u00edm \u0111\u1eb7c tr\u01b0ng c\u1ee7a gi\u1ed1ng nho Primitivo, r\u01b0\u1ee3u c\u00f3 h\u01b0\u01a1ng th\u01a1m \u0111\u1eb7c tr\u01b0ng c\u1ee7a nhi\u1ec1u lo\u1ea1i hoa qu\u1ea3 ch\u00edn v\u00f9ng nhi\u1ec7t \u0111\u1edbi, \u0111i\u1ec3n h\u00ecnh l\u00e0 m\u1eadn, m\u00e2m x\u00f4i v\u00e0 vi\u1ec7t qu\u1ea5t, s\u1ef1 h\u00f2a tr\u1ed9n \u0111\u1ea7y ma m\u1ecb gi\u1eefa h\u01b0\u01a1ng th\u01a1m c\u1ee7a hoa h\u00f2a quy\u1ec7n v\u1edbi tr\u00e1i c\u00e2y anh \u0111\u00e0o, m\u1eadn ch\u00edn. H\u00f2a trong l\u00e0n h\u01b0\u01a1ng th\u01a1m n\u1ed3ng n\u00e0n \u0111\u00f3 c\u00f2n c\u00f3 h\u01b0\u01a1ng th\u01a1m dai d\u1eb3ng c\u1ee7a vani, h\u01b0\u01a1ng gia v\u1ecb cay nh\u1eb9 nh\u00e0ng c\u00f9ng g\u1ed7 s\u1ed3i thanh l\u1ecbch, \u1ea9n s\u00e2u b\u00ean trong c\u00f2n c\u00f3 h\u01b0\u01a1ng ca cao \u1ea9n hi\u1ec7n trong khoang mi\u1ec7ng khi th\u01b0\u1edfng th\u1ee9c Chai r\u01b0\u1ee3u vang n\u00e0y c\u00f3 h\u1eadu v\u1ecb t\u1ed1t, c\u00e2n b\u1eb1ng m\u1ec1m m\u01b0\u1ee3t v\u00e0 axit v\u1eeba ph\u1ea3i. S\u1edf h\u1eefu n\u1ed3ng \u0111\u1ed9 18% c\u00f3 l\u1ebd l\u00e0 \u0111i\u1ec1u k\u00ec di\u1ec7u nh\u1ea5t c\u1ee7a\u00a0<strong>r\u01b0\u1ee3u vang Ange Puglia<\/strong>. Nh\u1edd \u0111\u00f3 vang \u0111\u00e3 t\u1ea1o n\u00ean m\u1ed9t h\u01b0\u01a1ng v\u1ecb v\u00f4 c\u00f9ng m\u00e3nh li\u1ec7t v\u00e0 c\u00f3 kh\u1ea3 n\u0103ng l\u00f4i cu\u1ed1n ng\u01b0\u1eddi th\u01b0\u1edfng th\u1ee9c l\u1ea1c v\u00e0o trong giai \u0111i\u1ec7u c\u1ee7a m\u00ecnh.<\/p>\n","protected":false},"excerpt":{"rendered":"<p><strong>R\u01b0\u1ee3u vang Ange Puglia Primitivo Le Vigne Di Sammarco<\/strong>\u00a0\u0111\u01b0\u1ee3c l\u00e0m t\u1eeb 100% gi\u1ed1ng nho Primitivo \u0111\u1eb7c danh ti\u1ebfng tr\u00ean th\u1ebf gi\u1edbi v\u00e0 \u0111\u1eb7c bi\u1ec7t \u0111\u01b0\u1ee3c tr\u1ed3ng nhi\u1ec1u t\u1ea1i v\u00f9ng Puglia ph\u00eda nam c\u1ee7a n\u01b0\u1edbc \u00dd, n\u01a1i \u0111\u00e2y n\u1ed5i ti\u1ebfng v\u1edbi nh\u1eefng chai r\u01b0\u1ee3u vang cao c\u1ea5p v\u1edbi ch\u1ea5t l\u01b0\u1ee3ng ho\u00e0n h\u1ea3o.<\/p>\n","protected":false},"featured_media":785,"comment_status":"open","ping_status":"closed","template":"","meta":[],"_links":{"self":[{"href":"https:\/\/sammarco.vn\/index.php?rest_route=\/wp\/v2\/product\/784"}],"collection":[{"href":"https:\/\/sammarco.vn\/index.php?rest_route=\/wp\/v2\/product"}],"about":[{"href":"https:\/\/sammarco.vn\/index.php?rest_route=\/wp\/v2\/types\/product"}],"replies":[{"embeddable":true,"href":"https:\/\/sammarco.vn\/index.php?rest_route=%2Fwp%2Fv2%2Fcomments&post=784"}],"wp:featuredmedia":[{"embeddable":true,"href":"https:\/\/sammarco.vn\/index.php?rest_route=\/wp\/v2\/media\/785"}],"wp:attachment":[{"href":"https:\/\/sammarco.vn\/index.php?rest_route=%2Fwp%2Fv2%2Fmedia&parent=784"}],"curies":[{"name":"wp","href":"https:\/\/api.w.org\/{rel}","templated":true}]}}