{"id":780,"date":"2020-11-26T08:24:25","date_gmt":"2020-11-26T08:24:25","guid":{"rendered":"http:\/\/sammarco.vn\/?post_type=product&#038;p=780"},"modified":"2020-11-30T07:48:21","modified_gmt":"2020-11-30T07:48:21","slug":"ruou-vang-y-1954-primitivo-15-750ml-2016-vang-do","status":"publish","type":"product","link":"https:\/\/sammarco.vn\/?product=ruou-vang-y-1954-primitivo-15-750ml-2016-vang-do","title":{"rendered":"R\u01b0\u1ee3u vang \u00fd  1954 Primitivo 15% &#8211; 750ml &#8211; 2016 (Vang \u0111\u1ecf) (6c\/th\u00f9ng)"},"content":{"rendered":"<p>Gi\u1ed1ng nho Primitivo c\u00f3 trong Cantine Paradiso 1954 Primitivo Puglia t\u1ea1o n\u1ed3ng \u0111\u1ed9 15%. Vang th\u1ec3 hi\u1ec7n s\u1ee9c m\u1ea1nh c\u1ee7a m\u1ed9t t\u00ednh c\u00e1ch tr\u00e1i c\u00e2y \u0111\u1eadm \u0111\u00e0.\u0110\u00e2y l\u00e0 m\u1ed9t lo\u1ea1i r\u01b0\u1ee3u d\u00f9ng nho \u0111\u1ecf c\u00f3 h\u01b0\u01a1ng v\u1ecb m\u1ea1nh m\u1ebd tr\u01b0\u1edfng th\u00e0nh trong \u0111\u1ea5t s\u00e9t gi\u00e0u v\u00f4i. H\u1ecd \u0111\u00e3 thu ho\u1ea1ch nh\u1eefng tr\u00e1i nho \u0111\u1ecf th\u01a1m ngon trong tu\u1ea7n th\u1ee9 4 c\u1ee7a th\u00e1ng 8.<\/p>\n<h3><strong>\u0110\u1eb7c \u0111i\u1ec3m r\u01b0\u1ee3u vang Cantine Paradiso 1954 Primitivo Puglia<\/strong><\/h3>\n<p>R\u01b0\u1ee3u vang Cantine Paradiso 1954 Primitivo Puglia \u0111\u00e3 h\u00ecnh th\u00e0nh n\u00ean d\u00f2ng r\u01b0\u1ee3u \u0111\u1eadm s\u00e2u. Ch\u00fang \u0111\u01b0\u1ee3c l\u00f2ng ng\u01b0\u1eddi d\u00f9ng b\u1edfi h\u01b0\u01a1ng v\u1ecb m\u00e0 tr\u00e1i nho Primitivo \u0111\u01b0\u1ee3c nghi\u1ec1n t\u1ea1o n\u00ean. Nh\u1edd qu\u00e1 tr\u00ecnh \u1ee7 l\u00ean men \u1edf th\u00f9ng b\u1eb1ng th\u00e9p kh\u00f4ng g\u1ec9 sau 15 \u0111\u1ebfn 20 ng\u00e0y. H\u01b0\u01a1ng v\u1ecb t\u1ecfa ra mang \u0111\u1eadm t\u00ednh ch\u1eb7t ch\u1ebd h\u01a1n. Sau khi giai \u0111o\u1ea1n tr\u00ean di\u1ec5n ra, h\u1ecd cho ch\u00fang v\u00e0o th\u00f9ng g\u1ed7 s\u1ed3i \u0111\u1ec3 \u1ee7 l\u00ean \u0111\u1ebfn 12 th\u00e1ng.<\/p>\n","protected":false},"excerpt":{"rendered":"<ul>\n<li><label>Nh\u00e0 s\u1ea3n xu\u1ea5t<\/label>:\u00a0Italia<\/li>\n<li><label>Tr\u1ecdng l\u01b0\u1ee3ng<\/label>: 750 ml<\/li>\n<li><label>D\u1ea1ng<\/label>: Vang \u0111\u1ecf<\/li>\n<li><label>\u0110\u00f3ng g\u00f3i<\/label>: 15% vol<\/li>\n<li><label>S\u1ed1 l\u1ea7n d\u00f9ng<\/label>: 1 th\u00f9ng 6 chai<\/li>\n<\/ul>\n","protected":false},"featured_media":781,"comment_status":"open","ping_status":"closed","template":"","meta":[],"_links":{"self":[{"href":"https:\/\/sammarco.vn\/index.php?rest_route=\/wp\/v2\/product\/780"}],"collection":[{"href":"https:\/\/sammarco.vn\/index.php?rest_route=\/wp\/v2\/product"}],"about":[{"href":"https:\/\/sammarco.vn\/index.php?rest_route=\/wp\/v2\/types\/product"}],"replies":[{"embeddable":true,"href":"https:\/\/sammarco.vn\/index.php?rest_route=%2Fwp%2Fv2%2Fcomments&post=780"}],"wp:featuredmedia":[{"embeddable":true,"href":"https:\/\/sammarco.vn\/index.php?rest_route=\/wp\/v2\/media\/781"}],"wp:attachment":[{"href":"https:\/\/sammarco.vn\/index.php?rest_route=%2Fwp%2Fv2%2Fmedia&parent=780"}],"curies":[{"name":"wp","href":"https:\/\/api.w.org\/{rel}","templated":true}]}}