{"id":662,"date":"2020-11-26T02:06:37","date_gmt":"2020-11-26T02:06:37","guid":{"rendered":"http:\/\/ruouvang.demoweb.fun\/?post_type=product&#038;p=662"},"modified":"2020-11-30T07:39:39","modified_gmt":"2020-11-30T07:39:39","slug":"ruou-johnnie-walker-red-label-0-75cl","status":"publish","type":"product","link":"https:\/\/sammarco.vn\/?product=ruou-johnnie-walker-red-label-0-75cl","title":{"rendered":"R\u01b0\u1ee3u Johnnie Walker Red Label 0.75cl (12c\/th\u00f9ng)"},"content":{"rendered":"<p><strong>R\u01b0\u1ee3u red label<\/strong>\u00a0l\u00e0 d\u00f2ng r\u01b0\u1ee3u whisky n\u1ed5i ti\u1ebfng thu\u1ed9c d\u00f2ng r\u01b0\u1ee3u Johnnie walker. R\u01b0\u1ee3u Johnnie Walker \u0111\u01b0\u1ee3c gi\u1edbi s\u00e0nh r\u01b0\u1ee3u Vi\u1ec7t Nam g\u1ecdi c\u00e1i t\u00ean tr\u00ecu m\u1ebfn l\u00e0 r\u01b0\u1ee3u \u00f4ng gi\u00e0 ch\u1ed1ng g\u1eady.<br \/>\nR\u01b0\u1ee3u red label mang h\u01b0\u01a1ng v\u1ecb whiksy th\u01a1m n\u1ed3ng, th\u01a1m v\u1ecb kh\u00f3i cay cay nh\u1eb9, h\u01b0\u01a1ng vani n\u1ed3ng n\u00e0n.<br \/>\n<u>R\u01b0\u1ee3u red label<\/u>\u00a0\u0111\u01b0\u1ee3c d\u00f9ng trong c\u00e1c bu\u1ed5i ti\u1ec7c nh\u1eb9, khung c\u1ea3nh trang tr\u1ecdng, m\u1eddi b\u1eb1ng h\u1eefu th\u00e2n y\u00eau.<br \/>\nR\u01b0\u1ee3u ngon h\u01a1n khi u\u1ed1ng v\u1edbi \u0111\u00e1, y\u1ebfu t\u1ed1 ngo\u1ea1i c\u1ea3nh c\u0169ng r\u1ea5t quan tr\u1ecdng ch\u00ednh v\u00ec th\u1ebf b\u1ea1n n\u00ean u\u1ed1ng \u1edf g\u1ea7n h\u1ed3 n\u01b0\u1edbc ho\u1eb7c v\u1ecb tr\u00ed t\u1eeb tr\u00ean cao nh\u00ecn xu\u1ed1ng, c\u1ea3m gi\u00e1c s\u1ebd phi\u00eau h\u01a1n, l\u00e3ng m\u1ea1n h\u01a1n, t\u00e2m h\u1ed3n th\u01b0 th\u1ea3 tho\u1ea3i m\u00e1i, u\u1ed1ng r\u01b0\u1ee3u s\u1ebd c\u00f3 c\u1ea3m nh\u1eadn tinh t\u1ebf h\u01a1n.<\/p>\n","protected":false},"excerpt":{"rendered":"<p><strong>Th\u00f4ng tin s\u1ea3n ph\u1ea9m r\u01b0\u1ee3u red label:<\/strong><br \/>\nQuy c\u00e1ch: Th\u00f9ng 12 chai.<br \/>\nDung t\u00edch: 750 ml.<br \/>\nM\u00e0u s\u1eafc: v\u00e0ng s\u00f3ng s\u00e1nh.<br \/>\nN\u1ed3ng \u0111\u1ed9 : 40%.<\/p>\n","protected":false},"featured_media":731,"comment_status":"open","ping_status":"closed","template":"","meta":[],"_links":{"self":[{"href":"https:\/\/sammarco.vn\/index.php?rest_route=\/wp\/v2\/product\/662"}],"collection":[{"href":"https:\/\/sammarco.vn\/index.php?rest_route=\/wp\/v2\/product"}],"about":[{"href":"https:\/\/sammarco.vn\/index.php?rest_route=\/wp\/v2\/types\/product"}],"replies":[{"embeddable":true,"href":"https:\/\/sammarco.vn\/index.php?rest_route=%2Fwp%2Fv2%2Fcomments&post=662"}],"wp:featuredmedia":[{"embeddable":true,"href":"https:\/\/sammarco.vn\/index.php?rest_route=\/wp\/v2\/media\/731"}],"wp:attachment":[{"href":"https:\/\/sammarco.vn\/index.php?rest_route=%2Fwp%2Fv2%2Fmedia&parent=662"}],"curies":[{"name":"wp","href":"https:\/\/api.w.org\/{rel}","templated":true}]}}