{"id":642,"date":"2020-11-26T01:47:23","date_gmt":"2020-11-26T01:47:23","guid":{"rendered":"http:\/\/ruouvang.demoweb.fun\/?post_type=product&#038;p=642"},"modified":"2020-11-26T04:04:36","modified_gmt":"2020-11-26T04:04:36","slug":"ruou-chivas-royal-38yo-40-500cl","status":"publish","type":"product","link":"https:\/\/sammarco.vn\/?product=ruou-chivas-royal-38yo-40-500cl","title":{"rendered":"R\u01b0\u1ee3u Chivas Royal 38YO 40%- 500cl"},"content":{"rendered":"<p><strong>Chivas 38<\/strong>\u00a0&#8211;\u00a0<strong>R\u01b0\u1ee3u Royal Salute 38 n\u0103m<\/strong>\u00a0l\u00e0 phi\u00ean b\u1ea3ng h\u1ea1ng sang c\u1ee7a nh\u00e0\u00a0<strong>Chivas Brothers<\/strong>\u00a0d\u01b0\u1edbi th\u01b0\u01a1ng hi\u1ec7u\u00a0<strong>Royal Salute,<\/strong>\u00a0th\u1ea5p nh\u1ea5t l\u00e0 21 n\u0103m tu\u1ed5i. Nh\u1eefng n\u0103m g\u1ea7n \u0111\u00e2y Royal Salute c\u1ed1 g\u1eafng tho\u00e1t ra kh\u1ecfi Chivas Brothers \u0111\u1ec3 kh\u1eb3ng \u0111\u1ecbnh s\u1ea3n ph\u1ea9m cao c\u1ea5p h\u1ea1ng sang c\u1ee7a m\u00ecnh tr\u00ean th\u1ecb tr\u01b0\u1eddng cho gi\u1edbi qu\u00fd t\u1ed9c.<\/p>\n<p><strong>Chivas 38<\/strong>\u00a0&#8211;\u00a0<strong>R\u01b0\u1ee3u Royal Salute 38 n\u0103m<\/strong>\u00a0t\u1ef1 h\u00e0o v\u1edbi h\u01b0\u01a1ng v\u1ecb phong ph\u00fa m\u00e0 sang tr\u1ecdng ch\u1ec9 \u0111\u1ebfn t\u1eeb ch\u1ea5t l\u01b0\u1ee3ng t\u1ed1t nh\u1ea5t, pha tr\u1ed9n t\u1eeb nh\u1eefng lo\u1ea1i\u00a0<strong>whisky\u00a0<\/strong>\u0111\u01b0\u1ee3c l\u1ef1a ch\u1ecdn t\u1ec9 m\u1ec9 v\u1edbi h\u01b0\u01a1ng v\u1ecb phong ph\u00fa v\u00e0 m\u1ea1nh m\u1ebd. \u0110\u1ec9nh cao c\u1ee7a\u00a0Royal Salute\u00a0l\u00e0 h\u01b0\u01a1ng th\u01a1m t\u1eeb g\u1ed7 c\u00e2y tuy\u1ebft t\u00f9ng v\u00e0 h\u01b0\u01a1ng h\u1ea1nh nh\u00e2n nghi\u1ec1n \u0111\u1eb7c tr\u01b0ng, v\u1edbi h\u01b0\u01a1ng th\u01a1m \u0111\u1ebfn t\u1eeb c\u00e1c th\u00f9ng g\u1ed7 s\u1ed3i \u0111\u1ef1ng\u00a0<strong>Sherry\u00a0<\/strong>l\u00e2u n\u0103m.<\/p>\n<p><strong>Chivas 38<\/strong>\u00a0&#8211;\u00a0<strong>R\u01b0\u1ee3u Royal Salute 38 n\u0103m<\/strong>\u00a0v\u1edbi v\u1ebb ngo\u00e0i th\u1ee7 c\u00f4ng tinh x\u1ea3o, gi\u1ed1ng nh\u01b0 \u0111\u00e1 granite, v\u1edbi c\u1ed5 b\u00ecnh s\u1ee9 n\u1ea1m v\u00e0ng 24-carat g\u1ee3i nh\u1edb \u0111\u1ebfn chu\u00f4i c\u1ee7a thanh g\u01b0\u01a1m c\u1ed5 Scotland. Stopper (n\u1eafp chai) \u0111\u01b0\u1ee3c m\u1ea1 v\u00e0ng 24K copy theo m\u1eabu c\u00e1n c\u1ee7a c\u00e2y ki\u1ebfm c\u1ed5 m\u00e0 ng\u01b0\u1eddi Scotland th\u01b0\u1eddng d\u00f9ng tr\u01b0\u1edbc \u0111\u00e2y. Tr\u00ean n\u1eafp chai c\u00f3 c\u1ea9n 1 vi\u00ean \u0111\u00e1 c\u00f3 \u00e1nh xanh sapphire. Ch\u01b0a bi\u1ebft n\u00f3 l\u00e0m b\u1eb1ng v\u1eadt li\u1ec7u g\u00ec. Nghe m\u1ed9t ng\u01b0\u1eddi b\u1ea1n n\u00f3i. m\u1ea5y \u00f4ng th\u1ee3 kim ho\u00e0n hay \u0111i t\u00ecm mua c\u00e1i n\u1eafp chai n\u00e0y v\u1ec1, r\u1ed3i c\u1eaft th\u00e0nh nh\u1eefng m\u1eb7t \u0111\u00e1 g\u1eafn v\u00e0o m\u1ea5y chi\u1ebfc nh\u1eabn b\u1ea1c \u0111\u01b0\u1ee3c b\u00e0y b\u00e1n trong c\u00e1c c\u1eeda h\u00e0ng l\u01b0u ni\u1ec7m.<\/p>\n<p><strong>Chivas 38<\/strong>\u00a0&#8211;\u00a0<strong>R\u01b0\u1ee3u Royal Salute 38 n\u0103m<\/strong>\u00a0mang h\u01b0\u01a1ng v\u1ecb \u0111\u1ebfn t\u1eeb s\u1ef1 k\u1ebft h\u1ee3p h\u00e0i h\u00f2a c\u1ee7a nhi\u1ec1u lo\u1ea1i r\u01b0\u1ee3u\u00a0Whisky\u00a0v\u1edbi \u0111\u1ed9 tu\u1ed5i kh\u00f4ng d\u01b0\u1edbi 38 n\u0103m, \u0111\u01b0\u1ee3c tuy\u1ec3n ch\u1ecdn c\u1ea9n th\u1eadn v\u00e0 k\u1ef9 l\u01b0\u1ee1ng. S\u1ef1 k\u1ebft h\u1ee3p \u0111\u1ed9c \u0111\u00e1o n\u00e0y mang \u0111\u1ebfn m\u1ed9t h\u01b0\u01a1ng v\u1ecb \u0111\u1eb7c tr\u01b0ng kh\u00f4ng th\u1ec3 n\u00e0o h\u00f2a l\u1eabn. \u0110\u1ec9nh cao c\u1ee7a\u00a0Royal Salute\u00a0l\u00e0 s\u1ef1 t\u00e1c \u0111\u1ed9ng \u0111\u1ebfn c\u1ea3 v\u1ecb gi\u00e1c v\u00e0 kh\u1ee9u gi\u00e1c c\u1ee7a ng\u01b0\u1eddi u\u1ed1ng. Ch\u1ec9 m\u1ed9t ng\u1ee5m\u00a0<strong>Chivas 38<\/strong>\u00a0mang \u0111\u1ebfn cho ng\u01b0\u1eddi n\u1ebfm tr\u1ea3i nghi\u1ec7m \u0111\u1ea7y phong ph\u00fa v\u1edbi h\u01b0\u01a1ng v\u1ecb k\u1ebft h\u1ee3p t\u1eeb c\u00e1c lo\u1ea1i tr\u00e1i c\u00e2y kh\u00f4 , v\u1ecb cay n\u1ed3ng s\u00e2u trong c\u1ed5 h\u1ecdng v\u00e0 m\u00f9i c\u1ee7a h\u01b0\u01a1ng hoa len l\u1ecfi qua t\u1eebng k\u1ebd r\u0103ng, l\u1ea5p \u0111\u1ea7y c\u1ea3 khoang mi\u1ec7ng. Ch\u1ea1m \u0111\u1ebfn khoang m\u0169i l\u00e0 h\u01b0\u01a1ng th\u01a1m s\u00e2u l\u1eafng c\u1ee7a g\u1ed7 c\u00e2y tuy\u1ebft t\u00f9ng v\u00e0 h\u01b0\u01a1ng h\u1ea1nh nh\u00e2n nghi\u1ec1n \u0111\u1eb7c tr\u01b0ng, pha l\u1eabn v\u1edbi h\u01b0\u01a1ng v\u1ecb \u0111\u1ebfn t\u1eeb nh\u1eefng th\u00f9ng g\u1ed7 s\u1ed3i \u1ee7 Sherry l\u00e2u n\u0103m.<\/p>\n","protected":false},"excerpt":{"rendered":"<p>&nbsp;<\/p>\n<ul>\n<li><span class=\"sp-title\">Th\u01b0\u01a1ng hi\u1ec7u:<\/span>Chivas<\/li>\n<li><span class=\"sp-title\">Ph\u00e2n lo\u1ea1i:<\/span>Whisky Blend<\/li>\n<li><span class=\"sp-title\">N\u1ed3ng \u0111\u1ed9:<\/span><span class=\"sp-content\">40,0%<\/span><\/li>\n<li><span class=\"sp-title\">Dung t\u00edch:<\/span><span class=\"sp-content\">700 mL<\/span><\/li>\n<li><span class=\"sp-title\">Tu\u1ed5i r\u01b0\u1ee3u:<\/span><span class=\"sp-content\">38 n\u0103m<\/span><\/li>\n<li><span class=\"sp-title\">Xu\u1ea5t x\u1ee9:<\/span>Scotland<\/li>\n<\/ul>\n<p>&nbsp;<\/p>\n","protected":false},"featured_media":748,"comment_status":"open","ping_status":"closed","template":"","meta":[],"_links":{"self":[{"href":"https:\/\/sammarco.vn\/index.php?rest_route=\/wp\/v2\/product\/642"}],"collection":[{"href":"https:\/\/sammarco.vn\/index.php?rest_route=\/wp\/v2\/product"}],"about":[{"href":"https:\/\/sammarco.vn\/index.php?rest_route=\/wp\/v2\/types\/product"}],"replies":[{"embeddable":true,"href":"https:\/\/sammarco.vn\/index.php?rest_route=%2Fwp%2Fv2%2Fcomments&post=642"}],"wp:featuredmedia":[{"embeddable":true,"href":"https:\/\/sammarco.vn\/index.php?rest_route=\/wp\/v2\/media\/748"}],"wp:attachment":[{"href":"https:\/\/sammarco.vn\/index.php?rest_route=%2Fwp%2Fv2%2Fmedia&parent=642"}],"curies":[{"name":"wp","href":"https:\/\/api.w.org\/{rel}","templated":true}]}}