{"id":640,"date":"2020-11-26T01:45:44","date_gmt":"2020-11-26T01:45:44","guid":{"rendered":"http:\/\/ruouvang.demoweb.fun\/?post_type=product&#038;p=640"},"modified":"2020-11-30T07:29:19","modified_gmt":"2020-11-30T07:29:19","slug":"ruou-chivas-regal-25yo-40-700cl","status":"publish","type":"product","link":"https:\/\/sammarco.vn\/?product=ruou-chivas-regal-25yo-40-700cl","title":{"rendered":"R\u01b0\u1ee3u Chivas Regal 25YO 40%- 700cl (3c\/th\u00f9ng)"},"content":{"rendered":"<p><span style=\"font-family: Verdana;\"><strong>&#8211; M\u00e0u :<\/strong>\u00a0v\u00e0ng \u0111\u1eadm h\u1ed5 ph\u00e1ch<\/span><\/p>\n<p><span style=\"font-family: Verdana;\"><strong>&#8211; M\u00f9i :<\/strong>\u00a0h\u01b0\u01a1ng th\u01a1m nhi\u1ec1u l\u1edbp v\u1edbi h\u01b0\u01a1ng Tr\u00e1i c\u00e2y kh\u00f4 v\u00e0 K\u1eb9o b\u01a1<\/span><\/p>\n<p><span style=\"font-family: Verdana;\"><strong>&#8211; V\u1ecb :<\/strong>\u00a0n\u1ed3ng n\u00e0n, ng\u1ecdt ng\u00e0o v\u00e0 \u00eam d\u1ecbu m\u1ed9t c\u00e1ch kh\u00e1c bi\u1ec7t v\u1edbi v\u1ecb Socola \u0111\u1eafng tho\u1ea3ng h\u01b0\u01a1ng hoa thanh l\u1ecbch v\u00e0 m\u1ed9t \u00edt h\u01b0\u01a1ng Kh\u00f3i, d\u01b0 v\u1ecb k\u00e9o d\u00e0i, \u1ea5m \u00e1p v\u00e0 \u0111\u00e1ng nh\u1edb, v\u1edbi c\u00e1c ghi ch\u00fa l\u00e0 Mai v\u00e0 \u0110\u00e0o<\/span><\/p>\n<p><strong><span style=\"font-family: Verdana;\">R\u01af\u1ee2U CHIVAS 25 N\u0102M :<\/span><\/strong><\/p>\n<p><span style=\"font-family: Verdana;\">&#8211;\u00a0<strong>R\u01b0\u1ee3u Chivas 25 phi\u00ean b\u1ea3n 2015<\/strong>\u00a0\u0111\u01b0\u1ee3c tr\u00ecnh b\u00e0y d\u01b0\u1edbi h\u00ecnh th\u1ee9c b\u00ean ngo\u00e0i l\u00e0 m\u1ed9t h\u1ed9p qu\u00e0 t\u1eb7ng sang tr\u1ecdng. N\u00f3 l\u00e0 d\u00f2ng Whisky hi\u1ebfm c\u00f3, \u0111\u01b0\u1ee3c pha tr\u1ed9n t\u1eeb nh\u1eefng lo\u1ea1i Whisky h\u1ea3o h\u1ea1ng nh\u1ea5t, s\u1ea3n xu\u1ea5t v\u1edbi s\u1ed1 l\u01b0\u1ee3ng c\u00f3 h\u1ea1n v\u00e0 \u0111\u01b0\u1ee3c \u0111\u00e1nh s\u1ed1 Seri ri\u00eang tr\u00ean m\u1ed7i chai.<\/span><\/p>\n<p><span style=\"font-family: Verdana;\">&#8211; Chivas Regal 25 n\u0103m tu\u1ed5i mang \u0111\u1ebfn cho b\u1ea1n nh\u1eefng tr\u1ea3i nghi\u1ec7m v\u1ec1 r\u01b0\u1ee3u Whisky v\u00f4 c\u00f9ng \u0111\u00e1ng gi\u00e1 b\u1edfi v\u00ec \u0111\u00e2y l\u00e0 m\u1ed9t lo\u1ea1i Whisky pha tr\u1ed9n v\u1edbi nguy\u00ean li\u1ec7u \u0111\u01b0\u1ee3c l\u1ef1a ch\u1ecdn k\u1ef9 c\u00e0ng b\u1eb1ng tay, mang \u0111\u1ebfn m\u1ed9t h\u01b0\u01a1ng th\u01a1m ng\u00e1t th\u1eadt kh\u00e1c bi\u1ec7t. Chivas 25 n\u0103m c\u00f3 m\u00e0u v\u00e0ng h\u1ed5 ph\u00e1ch r\u1ef1c r\u1ee1 v\u00e0 m\u00f9i h\u01b0\u01a1ng th\u01a1m nhi\u00eau l\u1edbp c\u1ee7a Tr\u00e1i c\u00e2y s\u1ea5y kh\u00f4 v\u00e0 K\u1eb9o b\u01a1, Chocola \u0111\u1eafng v\u00e0 m\u1ed9t \u00edt Kh\u00f3i, d\u01b0 v\u1ecb \u1ea5m \u00e1p k\u00e9o d\u00e0i v\u00e0 \u0111\u00e1ng nh\u1edb v\u1edbi ghi ch\u00fa c\u1ee7a Mai v\u00e0 \u0110\u00e0o.<\/span><\/p>\n","protected":false},"excerpt":{"rendered":"<div><b>\u25ba H\u00e3ng s\u1ea3n xu\u1ea5t: Chivas<\/b><\/div>\n<div>\n<p><span style=\"font-family: Verdana;\"><b>\u25ba N\u1ed3ng \u0111\u1ed9: 750 %<\/b><\/span><\/p>\n<p><span style=\"font-family: Verdana;\"><b>\u25ba Th\u1ec3 t\u00edch: 700ml<\/b><\/span><\/p>\n<div><b>\u25ba Qui c\u00e1ch \u0111\u00f3ng chai:\u00a0<\/b>3 Chai \/ K\u00e9t<\/div>\n<div>\n<p><span style=\"font-family: Verdana;\"><b>\u25ba Ngu\u1ed3n g\u1ed1c xu\u1ea5t x\u1ee9:\u00a0<\/b><\/span>Scotland<\/p>\n<\/div>\n<\/div>\n","protected":false},"featured_media":641,"comment_status":"open","ping_status":"closed","template":"","meta":[],"_links":{"self":[{"href":"https:\/\/sammarco.vn\/index.php?rest_route=\/wp\/v2\/product\/640"}],"collection":[{"href":"https:\/\/sammarco.vn\/index.php?rest_route=\/wp\/v2\/product"}],"about":[{"href":"https:\/\/sammarco.vn\/index.php?rest_route=\/wp\/v2\/types\/product"}],"replies":[{"embeddable":true,"href":"https:\/\/sammarco.vn\/index.php?rest_route=%2Fwp%2Fv2%2Fcomments&post=640"}],"wp:featuredmedia":[{"embeddable":true,"href":"https:\/\/sammarco.vn\/index.php?rest_route=\/wp\/v2\/media\/641"}],"wp:attachment":[{"href":"https:\/\/sammarco.vn\/index.php?rest_route=%2Fwp%2Fv2%2Fmedia&parent=640"}],"curies":[{"name":"wp","href":"https:\/\/api.w.org\/{rel}","templated":true}]}}