{"id":597,"date":"2020-11-25T07:23:53","date_gmt":"2020-11-25T07:23:53","guid":{"rendered":"http:\/\/ruouvang.demoweb.fun\/?post_type=product&#038;p=597"},"modified":"2020-11-30T07:59:15","modified_gmt":"2020-11-30T07:59:15","slug":"597","status":"publish","type":"product","link":"https:\/\/sammarco.vn\/?product=597","title":{"rendered":"R\u01b0\u1ee3u vang Ph\u00e1p\u00a0Chateau Les Roques Cotes de Duras (6c\/th\u00f9ng)"},"content":{"rendered":"<p>T\u1eeb l\u00e2u th\u01b0\u1edfng th\u1ee9c r\u01b0\u1ee3u vang kh\u00f4ng c\u00f2n l\u00e0 m\u1ed9t th\u1ee9c u\u1ed1ng b\u00ecnh th\u01b0\u1eddng m\u00e0 l\u00e0 m\u1ed9t ngh\u1ec7 thu\u1eadt, nh\u01b0ng nh\u1eefng ng\u01b0\u1eddi ch\u1ecdn \u0111\u01b0\u1ee3c lo\u1ea1i r\u01b0\u1ee3u vang \u0111\u00fang t\u00e2m tr\u1ea1ng v\u00e0 \u0111\u00fang th\u1eddi \u0111i\u1ec3m m\u00ecnh c\u1ea7n ch\u00ednh l\u00e0 m\u1ed9t ngh\u1ec7 s\u0129. Chai\u00a0r\u01b0\u1ee3u vang Ph\u00e1p Chateau Les Roques Cotes de Duras 2015\u00a0lu\u00f4n l\u00e0 m\u1ed9t trong nh\u1eefng chai vang \u0111\u01b0\u1ee3c y\u00eau th\u00edch nhi\u1ec1u n\u01a1i tr\u00ean th\u1ebf gi\u1edbi, ch\u1ec9 c\u1ea7n \u0111\u1ee3i b\u1ea1n c\u00f3 l\u00fd do \u0111\u1ec3 th\u01b0\u1edfng th\u1ee9c \u00edt nh\u1ea5t m\u1ed9t l\u1ea7n trong \u0111\u1eddi.<\/p>\n<h2><b>R\u01b0\u1ee3u vang Ph\u00e1p\u00a0Chateau Les Roques Cotes de Duras 2015 \u0111\u01b0\u1ee3c \u0111\u00f3ng chai t\u1eeb l\u00e2u \u0111\u00e0i c\u1ed5 k\u00ednh v\u00e0 th\u01a1 m\u1ed9ng\u00a0<\/b><\/h2>\n<p>Trong h\u00e0ng ch\u1ee5c c\u00e1c n\u01b0\u1edbc n\u1ed5i ti\u1ebfng s\u1ea3n xu\u1ea5t r\u01b0\u1ee3u vang, r\u01b0\u1ee3u vang Ph\u00e1p lu\u00f4n n\u1eb1m \u0111\u1ea7u danh s\u00e1ch c\u1ee7a nh\u1eefng ng\u01b0\u1eddi \u201cs\u00e0nh\u201d v\u1ec1 vang, b\u1edfi th\u01b0\u1edfng th\u1ee9c vang Ph\u00e1p ch\u00ednh l\u00e0 th\u01b0\u1edfng th\u1ee9c n\u00e9t \u0111\u1eb9p truy\u1ec1n th\u1ed1ng, c\u1ed5 k\u00ednh, \u0111\u1ea7y sang tr\u1ecdng t\u1eeb m\u00e0u s\u1eafc \u0111\u1ebfn h\u01b0\u01a1ng v\u1ecb r\u01b0\u1ee3u vang.<\/p>\n","protected":false},"excerpt":{"rendered":"<p><em><strong>hateau Les Roques Cotes de Duras<\/strong><\/em>\u00a0l\u00e0 m\u1ed9t t\u00ean g\u1ecdi cho r\u01b0\u1ee3u vang \u0111\u1ecf, tr\u1eafng v\u00e0 ros\u00e9 \u0111\u1ebfn t\u1eeb m\u1ed9t khu v\u1ef1c nh\u1ecf c\u1ee7a ph\u00eda t\u00e2y nam n\u01b0\u1edbc Ph\u00e1p. Tr\u00ean th\u1ef1c t\u1ebf, khu v\u1ef1c v\u01b0\u1eddn nho, bao g\u1ed3m \u0111\u1ea5t \u1edf g\u00f3c t\u00e2y b\u1eafc c\u1ee7a b\u1ed9 ph\u1eadn Lot-et-Garonne, c\u00f3 th\u1ec3 \u0111\u01b0\u1ee3c coi l\u00e0 nh\u00e1nh nh\u1ecf c\u1ee7a v\u00f9ng r\u01b0\u1ee3u Bordeaux l\u1edbn h\u01a1n. R\u01b0\u1ee3u vang \u0111\u1ecf d\u1ef1a tr\u00ean\u00a0Cabernet Sauvignon v\u00e0 Merlot<\/p>\n","protected":false},"featured_media":625,"comment_status":"open","ping_status":"closed","template":"","meta":[],"_links":{"self":[{"href":"https:\/\/sammarco.vn\/index.php?rest_route=\/wp\/v2\/product\/597"}],"collection":[{"href":"https:\/\/sammarco.vn\/index.php?rest_route=\/wp\/v2\/product"}],"about":[{"href":"https:\/\/sammarco.vn\/index.php?rest_route=\/wp\/v2\/types\/product"}],"replies":[{"embeddable":true,"href":"https:\/\/sammarco.vn\/index.php?rest_route=%2Fwp%2Fv2%2Fcomments&post=597"}],"wp:featuredmedia":[{"embeddable":true,"href":"https:\/\/sammarco.vn\/index.php?rest_route=\/wp\/v2\/media\/625"}],"wp:attachment":[{"href":"https:\/\/sammarco.vn\/index.php?rest_route=%2Fwp%2Fv2%2Fmedia&parent=597"}],"curies":[{"name":"wp","href":"https:\/\/api.w.org\/{rel}","templated":true}]}}