{"id":575,"date":"2020-11-25T07:07:49","date_gmt":"2020-11-25T07:07:49","guid":{"rendered":"http:\/\/ruouvang.demoweb.fun\/?post_type=product&#038;p=575"},"modified":"2020-11-25T08:09:22","modified_gmt":"2020-11-25T08:09:22","slug":"ruou-vang-essenza-100","status":"publish","type":"product","link":"https:\/\/sammarco.vn\/?product=ruou-vang-essenza-100","title":{"rendered":"R\u01b0\u1ee3u vang Essenza 100"},"content":{"rendered":"<p>L\u00e0 m\u1ed9t trong nh\u1eefng d\u00f2ng r\u01b0\u1ee3u vang \u0111\u1eb7c tr\u01b0ng ti\u00eau bi\u1ec3u \u0111\u01b0\u1ee3c s\u1ea3n xu\u1ea5t t\u1ea1i v\u00f9ng Feudi Salentini Manduria \u2013\u00a0Puglia\u00a0n\u01b0\u1edbc \u00dd<strong>,<\/strong>\u00a0 r\u01b0\u1ee3u vang \u00dd 100 l\u00e0 ni\u1ec1m t\u1ef1 h\u00e0o c\u1ee7a ng\u01b0\u1eddi d\u00e2n n\u01a1i \u0111\u00e2y b\u1edfi n\u00f3 l\u00e0 s\u1ef1 k\u1ebft tinh c\u1ee7a nh\u1eefng g\u00ec tinh t\u00fay nh\u1ea5t m\u00e0 thi\u00ean nhi\u00ean \u0111\u1ea5t tr\u1eddi \u0111\u00e3 ban t\u1eb7ng \u0111\u1ed3ng th\u1eddi l\u00e0 to\u00e0n b\u1ed9 ni\u1ec1m \u0111am m\u00ea v\u00e0 l\u00f2ng nhi\u1ec7t huy\u1ebft c\u1ee7a nh\u1eefng con ng\u01b0\u1eddi l\u00e0m ngh\u1ec1 s\u1ea3n xu\u1ea5t r\u01b0\u1ee3u vang.<\/p>\n<p>R\u01b0\u1ee3u Vang 100 \u0111\u01b0\u1ee3c s\u1ea3n xu\u1ea5t t\u1eeb gi\u1ed1ng nho c\u01a1 b\u1ea3n l\u00e0\u00a0Primitivo\u00a0\u2013 \u0111\u00e2y l\u00e0 gi\u1ed1ng nho \u0111\u1eb7c tr\u01b0ng ph\u1ed5 bi\u1ebfn c\u1ee7a \u0111\u1ea5t n\u01b0\u1edbc \u00dd \u0111\u01b0\u1ee3c bi\u1ebft \u0111\u1ebfn v\u1edbi nh\u1eefng tr\u00e1i nho tr\u00f2n tr\u1ecba c\u0103ng m\u1ecbn \u0111\u1eadm \u0111\u00e0 \u0111\u1ec3 l\u00e0m nguy\u00ean li\u1ec7u c\u01a1 b\u1ea3n quy\u1ebft \u0111\u1ecbnh ph\u1ea7n l\u1edbn \u0111\u1ebfn h\u01b0\u01a1ng v\u1ecb c\u1ee7a r\u01b0\u1ee3u vang.<\/p>\n<p>Th\u01b0\u1edfng th\u1ee9c m\u1ed9t ly vang \u00dd 100 Essenza b\u1ea1n b\u1ea5t ch\u1ee3t nh\u1eadn ra r\u1eb1ng th\u1ebf gi\u1edbi t\u01b0\u01a1i \u0111\u1eb9p kh\u00f4ng \u1edf \u0111\u00e2u xa l\u1ea1 m\u00e0 n\u00f3 hi\u1ec7n ra ngay tr\u01b0\u1edbc m\u1eaft, ngay trong khoang mi\u1ec7ng c\u1ee7a nh\u1eefng ng\u01b0\u1eddi th\u01b0\u1edfng th\u1ee9c vang.<\/p>\n","protected":false},"excerpt":{"rendered":"<div class=\"col-xs-12 nopadding items-info-orther\">\n<div class=\"col-xs-6 col-sm-6 left\"><span style=\"color: #555555; font-size: 14.4px;\">Xu\u1ea5t x\u1ee9: <\/span><span style=\"color: #555555; font-size: 14.4px;\">\u00dd<\/span><\/div>\n<\/div>\n<div class=\"col-xs-12 nopadding items-info-orther bg-white\">\n<div class=\"col-xs-6 col-sm-6 left\">\n<p>V\u00f9ng l\u00e0m vang: <span style=\"font-size: 14.4px;\">Puglia<\/span><\/p>\n<\/div>\n<\/div>\n<div class=\"col-xs-12 nopadding items-info-orther bg-white\">\n<div class=\"col-xs-6 col-sm-6 left\">\n<p>H\u00e3ng s\u1ea3n xu\u1ea5t: <span style=\"font-size: 14.4px;\">Feudi Salentini<\/span><\/p>\n<\/div>\n<\/div>\n<div class=\"col-xs-12 nopadding items-info-orther bg-white\">\n<div class=\"col-xs-6 col-sm-6 left\">\n<p>Lo\u1ea1i vang: <span style=\"font-size: 14.4px;\">R\u01b0\u1ee3u Vang \u0110\u1ecf<\/span><\/p>\n<\/div>\n<\/div>\n<div class=\"col-xs-12 nopadding items-info-orther bg-white\">\n<div class=\"col-xs-6 col-sm-6 left\">\n<p>N\u1ed3ng \u0111\u1ed9: <span style=\"font-size: 14.4px;\">15 %<\/span><\/p>\n<\/div>\n<\/div>\n<div class=\"col-xs-12 nopadding items-info-orther bg-white\">\n<div class=\"col-xs-6 col-sm-6 left\">\n<p>Dung t\u00edch: <span style=\"font-size: 14.4px;\">750 ML<\/span><\/p>\n<\/div>\n<\/div>\n<div class=\"col-xs-12 nopadding items-info-orther bg-white\">\n<div class=\"col-xs-6 col-sm-6 left\">\n<p>Gi\u1ed1ng nho: <span style=\"font-size: 14.4px;\">Primitivo<\/span><\/p>\n<\/div>\n<\/div>\n","protected":false},"featured_media":634,"comment_status":"open","ping_status":"closed","template":"","meta":[],"_links":{"self":[{"href":"https:\/\/sammarco.vn\/index.php?rest_route=\/wp\/v2\/product\/575"}],"collection":[{"href":"https:\/\/sammarco.vn\/index.php?rest_route=\/wp\/v2\/product"}],"about":[{"href":"https:\/\/sammarco.vn\/index.php?rest_route=\/wp\/v2\/types\/product"}],"replies":[{"embeddable":true,"href":"https:\/\/sammarco.vn\/index.php?rest_route=%2Fwp%2Fv2%2Fcomments&post=575"}],"wp:featuredmedia":[{"embeddable":true,"href":"https:\/\/sammarco.vn\/index.php?rest_route=\/wp\/v2\/media\/634"}],"wp:attachment":[{"href":"https:\/\/sammarco.vn\/index.php?rest_route=%2Fwp%2Fv2%2Fmedia&parent=575"}],"curies":[{"name":"wp","href":"https:\/\/api.w.org\/{rel}","templated":true}]}}