{"id":543,"date":"2020-11-25T06:30:56","date_gmt":"2020-11-25T06:30:56","guid":{"rendered":"http:\/\/ruouvang.demoweb.fun\/?post_type=product&#038;p=543"},"modified":"2020-11-25T08:15:17","modified_gmt":"2020-11-25T08:15:17","slug":"bia-stolichnoe-double-gold-nga-den-12lon-loc-55-500ml","status":"publish","type":"product","link":"https:\/\/sammarco.vn\/?product=bia-stolichnoe-double-gold-nga-den-12lon-loc-55-500ml","title":{"rendered":"Bia Stolichnoe Double Gold (Nga \u0111en) (12Lon\/L\u1ed1c) 5,5% &#8211; 500ml"},"content":{"rendered":"<ol>\n<li>Xu\u1ea5t x\u1ee9:\u00a0<strong>Bia Nga<\/strong><\/li>\n<li>N\u1ed3ng \u0111\u1ed9: 5% Vol<\/li>\n<li>Dung t\u00edch: 500ml<\/li>\n<li>Quy c\u00e1ch: Th\u00f9ng\u00a012 lon<\/li>\n<li>M\u00e0u bia: Bia v\u00e0ng<\/li>\n<li>M\u00f9i v\u1ecb:\u00a0<b>Double <\/b><b>Gold<\/b>(Tubo) c\u00f3 v\u1ecb \u0111\u1eafng nh\u1eb9 \u0111\u1ed9c \u0111\u00e1o c\u00f3 \u0111\u01b0\u1ee3c t\u1eeb vi\u1ec7c tuy\u1ec3n ch\u1ecdn nguy\u00ean li\u1ec7u, s\u1eed d\u1ee5ng gi\u1ed1ng hoa bia \u0111\u1eb7c s\u1ea3n c\u1ee7a Nga, h\u1eadu v\u1ecb ng\u1ecdt m\u1ec1m t\u1ef1 nhi\u00ean c\u1ee7a l\u00faa m\u1ea1ch, v\u1ecb m\u1ea1ch nha caramel h\u00f2a quy\u1ec7n d\u1ec5 l\u00e0m ng\u00e2y ng\u1ea5t ng\u01b0\u1eddi d\u00f9ng.<\/li>\n<\/ol>\n","protected":false},"excerpt":{"rendered":"<ol>\n<li>Xu\u1ea5t x\u1ee9:\u00a0<strong>Bia Nga<\/strong><\/li>\n<li>N\u1ed3ng \u0111\u1ed9: 5% Vol<\/li>\n<li>Dung t\u00edch: 500ml<\/li>\n<li>Quy c\u00e1ch: Th\u00f9ng\u00a012 lon<\/li>\n<\/ol>\n","protected":false},"featured_media":636,"comment_status":"open","ping_status":"closed","template":"","meta":[],"_links":{"self":[{"href":"https:\/\/sammarco.vn\/index.php?rest_route=\/wp\/v2\/product\/543"}],"collection":[{"href":"https:\/\/sammarco.vn\/index.php?rest_route=\/wp\/v2\/product"}],"about":[{"href":"https:\/\/sammarco.vn\/index.php?rest_route=\/wp\/v2\/types\/product"}],"replies":[{"embeddable":true,"href":"https:\/\/sammarco.vn\/index.php?rest_route=%2Fwp%2Fv2%2Fcomments&post=543"}],"wp:featuredmedia":[{"embeddable":true,"href":"https:\/\/sammarco.vn\/index.php?rest_route=\/wp\/v2\/media\/636"}],"wp:attachment":[{"href":"https:\/\/sammarco.vn\/index.php?rest_route=%2Fwp%2Fv2%2Fmedia&parent=543"}],"curies":[{"name":"wp","href":"https:\/\/api.w.org\/{rel}","templated":true}]}}