{"id":540,"date":"2020-11-25T05:01:56","date_gmt":"2020-11-25T05:01:56","guid":{"rendered":"http:\/\/ruouvang.demoweb.fun\/?post_type=product&#038;p=540"},"modified":"2020-11-25T06:58:39","modified_gmt":"2020-11-25T06:58:39","slug":"bia-bi-leffe-6-5-330ml-24c-thung","status":"publish","type":"product","link":"https:\/\/sammarco.vn\/?product=bia-bi-leffe-6-5-330ml-24c-thung","title":{"rendered":"Bia B\u1ec9 Leffe 6.5% 330ml (24c\/th\u00f9ng)"},"content":{"rendered":"<p>T\u1eebng xu\u1ea5t hi\u1ec7n t\u1ea1i Vi\u1ec7t Nam v\u00e0o th\u1eddi gian kh\u00e1 l\u00e2u tr\u01b0\u1edbc \u0111\u00e2y d\u01b0\u1edbi h\u00ecnh th\u1ee9c x\u00e1ch tay, ng\u00e0y nay bia Leffe \u0111\u01b0\u1ee3c bi\u1ebft \u0111\u1ebfn l\u00e0 m\u1ed9t trong s\u1ed1 nh\u1eefng lo\u1ea1i bia ngon n\u1ed5i ti\u1ebfng \u0111\u01b0\u1ee3c \u0111\u00f4ng \u0111\u1ea3o ng\u01b0\u1eddi d\u00e2n s\u00e0nh bia y\u00eau th\u00edch.<\/p>\n<p>Nh\u1eafc \u0111\u1ebfn Leffe, m\u1ecdi ng\u01b0\u1eddi ngh\u0129 ngay \u0111\u1ebfn h\u01b0\u01a1ng v\u1ecb bia quy\u1ebfn r\u0169 \u0111\u1ebfn t\u1eeb n\u01b0\u1edbc B\u1ec9 xa x\u00f4i.<\/p>\n<p>Bia Leffe N\u00e2u 6,5% \u2013 Chai 330ml \u2013 Th\u00f9ng 24 Chai<\/p>\n<p>L\u00e0 lo\u1ea1i bia \u0111\u1ebfn t\u1eeb B\u1ec9, r\u00f5 h\u01a1n l\u00e0 c\u00f3 xu\u1ea5t x\u1ee9 t\u1eeb nh\u1eefng tu vi\u1ec7n t\u1ea1i B\u1ec9. \u0110\u01b0\u1ee3c bi\u1ebft \u0111\u1ebfn v\u1edbi h\u01b0\u01a1ng v\u1ecb truy\u1ec1n th\u1ed1ng,\u00a0<strong>bia ngon<\/strong>\u00a0Leffe n\u00e2u d\u1ea7n chinh ph\u1ee5c nh\u1eefng kh\u1ea9u v\u1ecb s\u00e0nh \u0111i\u1ec7u c\u1ee7a m\u1ecdi ng\u01b0\u1eddi tr\u00ean th\u1ebf gi\u1edbi.<\/p>\n<p>Vinh d\u1ef1 h\u01a1n, khi Leffe Brown t\u1eebng nh\u1eadn \u0111\u01b0\u1ee3c nhi\u1ec1u gi\u1ea3i th\u01b0\u01a1ng danh gi\u00e1 t\u1ea1i nh\u1eefng cu\u1ed9c thi h\u00e0ng \u0111\u1ea7u. Ch\u00ednh v\u00ec m\u00f9i v\u1ecb tinh t\u1ebf, m\u1ecbn m\u00e0ng trong su\u1ed1t t\u1eeb khi b\u1eaft \u0111\u1ea7u th\u01b0\u1edfng th\u1ee9c \u0111\u1ebfn khi c\u1ea1n men bia \u0111\u00e3 l\u00e0m nhi\u1ec1u ng\u01b0\u1eddi t\u1ea5m t\u1eafc khen ng\u1ee3i.<\/p>\n<p>N\u1ed5i b\u1eadt v\u1edbi m\u00e0u n\u00e2u s\u00e2u v\u00e0 \u0111\u1ea7y \u0111\u1ee7 h\u01b0\u01a1ng v\u1ecb ng\u1ecdt th\u01a1m kh\u00e1c nhau, Leffe n\u00e2u l\u00e0m m\u00ea \u0111\u1eafm l\u00f2ng ng\u01b0\u1eddi ngay t\u1eeb nh\u1eefng ng\u1ee5m \u0111\u1ea7u th\u01b0\u1edfng th\u1ee9c.<\/p>\n","protected":false},"excerpt":{"rendered":"<p><strong>Xu\u1ea5t x\u1ee9:\u00a0Bia B\u1ec9<\/strong><\/p>\n<p><strong>N\u1ed3ng \u0111\u1ed9 c\u1ed3n: 6,5 %<\/strong><\/p>\n<p><strong>M\u00e0u s\u1eafc bia: N\u00e2u<\/strong><\/p>\n<p><strong>Quy c\u00e1ch: chai 330ml, th\u00f9ng 24 chai<\/strong><\/p>\n","protected":false},"featured_media":563,"comment_status":"open","ping_status":"closed","template":"","meta":[],"_links":{"self":[{"href":"https:\/\/sammarco.vn\/index.php?rest_route=\/wp\/v2\/product\/540"}],"collection":[{"href":"https:\/\/sammarco.vn\/index.php?rest_route=\/wp\/v2\/product"}],"about":[{"href":"https:\/\/sammarco.vn\/index.php?rest_route=\/wp\/v2\/types\/product"}],"replies":[{"embeddable":true,"href":"https:\/\/sammarco.vn\/index.php?rest_route=%2Fwp%2Fv2%2Fcomments&post=540"}],"wp:featuredmedia":[{"embeddable":true,"href":"https:\/\/sammarco.vn\/index.php?rest_route=\/wp\/v2\/media\/563"}],"wp:attachment":[{"href":"https:\/\/sammarco.vn\/index.php?rest_route=%2Fwp%2Fv2%2Fmedia&parent=540"}],"curies":[{"name":"wp","href":"https:\/\/api.w.org\/{rel}","templated":true}]}}