{"id":536,"date":"2020-11-25T04:58:17","date_gmt":"2020-11-25T04:58:17","guid":{"rendered":"http:\/\/ruouvang.demoweb.fun\/?post_type=product&#038;p=536"},"modified":"2020-11-30T07:26:48","modified_gmt":"2020-11-30T07:26:48","slug":"bia-chimay-blue-xanh-9-330cl","status":"publish","type":"product","link":"https:\/\/sammarco.vn\/?product=bia-chimay-blue-xanh-9-330cl","title":{"rendered":"Bia Chimay blue &#8211; xanh 9% &#8211; 330cl (24c\/th\u00f9ng)"},"content":{"rendered":"<ul>\n<li>N\u1ed3ng \u0111\u1ed9 c\u1ed3n: 9% abv<\/li>\n<li>Dung t\u00edch: chai 330 ml<\/li>\n<li>Xu\u1ea5t x\u1ee9: B\u1ec9<\/li>\n<li>H\u01b0\u01a1ng v\u1ecb: M\u00f9i h\u01b0\u01a1ng quy\u1ebfn r\u0169 mang \u0111\u1eb7c tr\u01b0ng men bia t\u01b0\u01a1i m\u00e1t, pha ch\u00fat h\u01b0\u01a1ng hoa h\u1ed3ng c\u1ee7a lo\u1ea1i bia n\u00e0y \u0111\u00e3 nhanh ch\u00f3ng khi\u1ebfn n\u00f3 tr\u1edf th\u00e0nh m\u1ed9t lo\u1ea1i bia \u0111\u01b0\u1ee3c s\u1ea3n xu\u1ea5t quanh n\u0103m. Bia c\u00f3 v\u1ecb th\u01a1m ng\u1eady, c\u00f9ng v\u1edbi v\u1ecb caramel kh\u00e1 s\u1eafc n\u00e9t.<\/li>\n<\/ul>\n","protected":false},"excerpt":{"rendered":"<ul>\n<li>N\u1ed3ng \u0111\u1ed9 c\u1ed3n: 9% abv<\/li>\n<li>Dung t\u00edch: chai 330 ml<\/li>\n<li>Xu\u1ea5t x\u1ee9: B\u1ec9<\/li>\n<li>H\u01b0\u01a1ng v\u1ecb: M\u00f9i h\u01b0\u01a1ng quy\u1ebfn r\u0169 mang \u0111\u1eb7c tr\u01b0ng men bia t\u01b0\u01a1i m\u00e1t, pha ch\u00fat h\u01b0\u01a1ng hoa h\u1ed3ng c\u1ee7a lo\u1ea1i bia n\u00e0y \u0111\u00e3 nhanh ch\u00f3ng khi\u1ebfn n\u00f3 tr\u1edf th\u00e0nh m\u1ed9t lo\u1ea1i bia \u0111\u01b0\u1ee3c s\u1ea3n xu\u1ea5t quanh n\u0103m. Bia c\u00f3 v\u1ecb th\u01a1m ng\u1eady, c\u00f9ng v\u1edbi v\u1ecb caramel kh\u00e1 s\u1eafc n\u00e9t.<\/li>\n<\/ul>\n","protected":false},"featured_media":569,"comment_status":"open","ping_status":"closed","template":"","meta":[],"_links":{"self":[{"href":"https:\/\/sammarco.vn\/index.php?rest_route=\/wp\/v2\/product\/536"}],"collection":[{"href":"https:\/\/sammarco.vn\/index.php?rest_route=\/wp\/v2\/product"}],"about":[{"href":"https:\/\/sammarco.vn\/index.php?rest_route=\/wp\/v2\/types\/product"}],"replies":[{"embeddable":true,"href":"https:\/\/sammarco.vn\/index.php?rest_route=%2Fwp%2Fv2%2Fcomments&post=536"}],"wp:featuredmedia":[{"embeddable":true,"href":"https:\/\/sammarco.vn\/index.php?rest_route=\/wp\/v2\/media\/569"}],"wp:attachment":[{"href":"https:\/\/sammarco.vn\/index.php?rest_route=%2Fwp%2Fv2%2Fmedia&parent=536"}],"curies":[{"name":"wp","href":"https:\/\/api.w.org\/{rel}","templated":true}]}}