{"id":533,"date":"2020-11-25T04:56:18","date_gmt":"2020-11-25T04:56:18","guid":{"rendered":"http:\/\/ruouvang.demoweb.fun\/?post_type=product&#038;p=533"},"modified":"2020-11-30T07:24:18","modified_gmt":"2020-11-30T07:24:18","slug":"bia-st-sebastian-grand-cru-12c-t-69-500cl","status":"publish","type":"product","link":"https:\/\/sammarco.vn\/?product=bia-st-sebastian-grand-cru-12c-t-69-500cl","title":{"rendered":"Bia ST Sebastian Grand Cru (12C\/T) 7,6% &#8211; 500cl"},"content":{"rendered":"<p><strong>Bia chai s\u1ee9 St. Sebastiaan Grand Cru 500mk ( 7.6%) nh\u1eadp kh\u1ea9u t\u1eeb B\u1ec9<\/strong><\/p>\n<p>L\u00e0 lo\u1ea1i bia l\u00ean men n\u1ed5i, h\u01b0\u01a1ng v\u1ecb c\u00f3 s\u1ef1 k\u1ebft h\u1ee3p h\u00e0i h\u00f2a gi\u1eefa h\u01b0\u01a1ng malt\u00eam d\u1ecbu v\u1edbi h\u01b0\u01a1ng hoa c\u1ecf, ph\u1ea3ng ph\u1ea5t m\u00f9i th\u01a1m c\u1ee7a n\u1ea5m men. Bia mang v\u1ecb ng\u1ecdt d\u1ecbu c\u1ee7a malt, \u0111\u01b0\u1eddng v\u00e0 m\u1eadt ong, khi u\u1ed1ng tho\u1ea3ng v\u1ecb c\u1ed3n pha l\u1eabn m\u1ed9t ch\u00fat h\u01b0\u01a1ng th\u1ea3o m\u1ed9c, v\u1ecb \u0111\u1eafng d\u1ecbu c\u1ee7a hoa bia, \u0111em \u0111\u1ebfn cho ng\u01b0\u1eddi u\u1ed1ng h\u1eadu v\u1ecb s\u1ea3ng kho\u00e1i.<\/p>\n<p>M\u01b0\u1eddi b\u1ed1n th\u1ebf h\u1ec7 c\u1ee7a gia \u0111\u00ecnh Sterkens \u0111\u00e3 \u1ee7 lo\u1ea1i bia men Ale tuy\u1ec7t v\u1eddi h\u00e0ng \u0111\u1ea7u \u1edf \u00a0l\u00e0ng Meer \u1edf mi\u1ec1n B\u1eafc B\u1ec9 k\u1ec3 t\u1eeb n\u0103m 1651.<br \/>\n\u0110\u1ebfn n\u0103m 1990, nh\u00e0 m\u00e1y bia Sterkens ch\u1ee7 y\u1ebfu l\u00e0 ph\u00e2n ph\u1ed1i c\u00e1c lo\u1ea1i bia c\u1ee7a m\u00ecnh cho h\u01a1n 500 nh\u00e0 h\u00e0ng v\u00e0 qu\u00e1n r\u01b0\u1ee3u \u1edf B\u1ec9. Trong nh\u1eefng n\u0103m g\u1ea7n \u0111\u00e2y, nh\u00e0 m\u00e1y bia \u0111\u00e3 ng\u00e0y c\u00e0ng chuy\u1ec3n sang t\u1eadp trung v\u00e0o th\u1ecb tr\u01b0\u1eddng xu\u1ea5t kh\u1ea9u, hi\u1ec7n nay, kho\u1ea3ng 95% s\u1ea3n l\u01b0\u1ee3ng bia nh\u00e0 m\u00e1y s\u1ea3n xu\u1ea5t \u0111\u01b0\u1ee3c b\u00e1n ra n\u01b0\u1edbc ngo\u00e0i.<\/p>\n<p>Bao b\u00ec ri\u00eang bi\u1ec7t trong b\u00ecnh g\u1ed1m v\u00e0 chai th\u1ee7y tinh m\u1ef9 thu\u1eadt \u0111em \u0111\u1ebfn cho c\u00e1c lo\u1ea1i bia c\u1ee7a Nh\u00e0 m\u00e1y bia Sterkens m\u1ed9t h\u00ecnh \u1ea3nh \u0111\u1ed9c \u0111\u00e1o. \u0110\u00f3 l\u00e0 l\u00fd do t\u1ea1i sao kh\u00e1ch h\u00e0ng h\u00e0i l\u00f2ng v\u00e0 nh\u1eefng ng\u01b0\u1eddi y\u00eau th\u00edch lo\u1ea1i bia \u0111\u1eb7c bi\u1ec7t n\u00e0y.<br \/>\nH\u00e3ng \u0111\u1ea1t \u0111\u01b0\u1ee3c 2 gi\u1ea3i th\u01b0\u1edfng danh gi\u00e1 cu\u1ed9c thi Bia qu\u1ed1c t\u1ebf 2010 \u2013 H\u1ed3ng C\u00f4ng cho 2 s\u1ea3n ph\u1ea9m bia Ale: St. Paul triple v\u00e0 St. Paul Special \u2013 \u201cBia phong c\u00e1ch B\u1ec9 t\u1ed1t nh\u1ea5t n\u1ed3ng \u0111\u1ed9 d\u01b0\u1edbi v\u00e0 tr\u00ean 6%.<\/p>\n","protected":false},"excerpt":{"rendered":"<p>Bia chai s\u1ee9 St. Sebastiaan Grand Cru 500mk ( 7.6%) nh\u1eadp kh\u1ea9u t\u1eeb B\u1ec9, L\u00e0 lo\u1ea1i bia l\u00ean men n\u1ed5i, h\u01b0\u01a1ng v\u1ecb c\u00f3 s\u1ef1 k\u1ebft h\u1ee3p h\u00e0i h\u00f2a gi\u1eefa h\u01b0\u01a1ng malt\u00eam d\u1ecbu v\u1edbi h\u01b0\u01a1ng hoa c\u1ecf<\/p>\n","protected":false},"featured_media":574,"comment_status":"open","ping_status":"closed","template":"","meta":[],"_links":{"self":[{"href":"https:\/\/sammarco.vn\/index.php?rest_route=\/wp\/v2\/product\/533"}],"collection":[{"href":"https:\/\/sammarco.vn\/index.php?rest_route=\/wp\/v2\/product"}],"about":[{"href":"https:\/\/sammarco.vn\/index.php?rest_route=\/wp\/v2\/types\/product"}],"replies":[{"embeddable":true,"href":"https:\/\/sammarco.vn\/index.php?rest_route=%2Fwp%2Fv2%2Fcomments&post=533"}],"wp:featuredmedia":[{"embeddable":true,"href":"https:\/\/sammarco.vn\/index.php?rest_route=\/wp\/v2\/media\/574"}],"wp:attachment":[{"href":"https:\/\/sammarco.vn\/index.php?rest_route=%2Fwp%2Fv2%2Fmedia&parent=533"}],"curies":[{"name":"wp","href":"https:\/\/api.w.org\/{rel}","templated":true}]}}