{"id":528,"date":"2020-11-25T04:50:55","date_gmt":"2020-11-25T04:50:55","guid":{"rendered":"http:\/\/ruouvang.demoweb.fun\/?post_type=product&#038;p=528"},"modified":"2020-11-30T07:23:57","modified_gmt":"2020-11-30T07:23:57","slug":"bia-ledokol-nga-do-12lon-loc-55-500cl","status":"publish","type":"product","link":"https:\/\/sammarco.vn\/?product=bia-ledokol-nga-do-12lon-loc-55-500cl","title":{"rendered":"Bia Ledokol (Nga \u0111\u1ecf) (12Lon\/L\u1ed1c) 8% &#8211; 500cl"},"content":{"rendered":"<p>T\u00e0u ph\u00e1 b\u0103ng \u201cIcebreaker\u201d Ledokol l\u00e0 m\u1ed9t lo\u1ea1i bia d\u00e0nh cho nh\u1eefng ng\u01b0\u1eddi \u0111\u00e0n \u00f4ng v\u1edbi tinh th\u1ea7n m\u1ea1nh m\u1ebd. N\u1ed3ng \u0111\u1ed9 c\u1ed3n cao c\u1ee7a bia \u0111\u1ea1t \u0111\u01b0\u1ee3c th\u00f4ng qua qu\u00e1 tr\u00ecnh l\u00ean men ho\u00e0n to\u00e0n t\u1ef1 nhi\u00ean. C\u00f4ng th\u1ee9c s\u1ea3n xu\u1ea5t v\u00e0 c\u00f4ng ngh\u1ec7 l\u00ean men \u0111\u01b0\u1ee3c h\u00e3ng ph\u00e1t tri\u1ec3n cho ri\u00eang lo\u1ea1i bia n\u00e0y. K\u1ebft qu\u1ea3 l\u00e0, m\u1eb7c d\u00f9 h\u00e0m l\u01b0\u1ee3ng c\u1ed3n trong bia kh\u00e1 cao (8% vol), \u0111i\u1ec1u n\u1ed5i b\u1eadt nh\u1ea5t v\u1edbi lo\u1ea1i bia n\u00e0y ch\u00ednh l\u00e0 kh\u1ea9u v\u1ecb.<\/p>\n<p>\u0110\u00f3 l\u00e0 m\u1ed9t lo\u1ea1i bia gi\u00e0u h\u01b0\u01a1ng v\u1ecb, tr\u00f2n tr\u1ecba v\u1edbi v\u1ecb m\u1ea1ch nha h\u01a1i ng\u1ecdt, m\u00f9i th\u01a1m t\u01b0\u01a1i s\u00e1ng v\u1edbi v\u1ecb \u0111\u1eafng c\u1ee7a hoa bia c\u00e2n \u0111\u1ed1i. M\u1ed9t lo\u1ea1i \u0111\u1ed3 u\u1ed1ng v\u1edbi c\u00e1c \u0111\u1eb7c tr\u01b0ng h\u01b0\u01a1ng v\u1ecb t\u01b0\u01a1ng t\u1ef1 nh\u01b0 v\u1eady th\u01b0\u1eddng h\u1ee3p v\u1edbi nh\u1eefng ng\u01b0\u1eddi \u0111\u00e0n \u00f4ng \u201cm\u1ea1nh m\u1ebd\u201d th\u1eadt s\u1ef1. \u0110\u00f3 l\u00e0 nh\u1eefng ng\u01b0\u1eddi \u0111\u00e0n \u00f4ng c\u00f3 l\u1ed1i s\u1ed1ng ho\u1ea1t b\u00e1t v\u00e0 s\u1eb5n s\u00e0ng \u0111\u1ea1t \u0111\u01b0\u1ee3c nh\u1eefng m\u1ee5c ti\u00eau kh\u00f3 kh\u0103n nh\u01b0 chinh ph\u1ee5c \u0111\u1ec9nh Everest v\u00e0 B\u1eafc C\u1ef1c.<\/p>\n<p>Bia Ledokol l\u00e0 bi\u1ec3u hi\u1ec7n c\u1ee7a s\u1ee9c m\u1ea1nh \u0111\u00e0n \u00f4ng \u0111\u00edch th\u1ef1c, s\u1ef1 ki\u00ean c\u01b0\u1eddng, d\u0169ng m\u00e3nh s\u1eb5n s\u00e0ng v\u01b0\u1ee3t qua m\u1ecdi ch\u00f4ng gai hi\u1ec3m tr\u1edf \u0111\u1ec3 chinh ph\u1ee5c nh\u1eefng m\u1ee5c ti\u00eau k\u00ec v\u0129. M\u00e0u s\u1eafc v\u00e0ng \u0111\u1eadm sang tr\u1ecdng qu\u00fd ph\u00e1i c\u00f9ng v\u1edbi \u0111\u1ed9 c\u1ed3n cao trong bia khi\u1ebfn chai bia mang m\u1ed9t \u0111\u1eb3ng c\u1ea5p qu\u00fd \u00f4ng th\u1ef1c .th\u1ee5.<\/p>\n<p>H\u00e3y c\u00f9ng \u0110\u1ed3 U\u1ed1ng Nh\u1eadp Kh\u1ea9u tr\u1ea3i nghi\u1ec7m lo\u1ea1i bia Nga \u0111\u1ed9c \u0111\u00e1o m\u1ea1nh m\u1ebd n\u00e0y.<\/p>\n","protected":false},"excerpt":{"rendered":"<ul>\n<li><b>\u0110\u1ed9 c\u1ed3n<\/b>\u00a0: 8 % abv<\/li>\n<li><b>Xu\u1ea5t x\u1ee9<\/b>:\u00a0 Nga<\/li>\n<li><strong>Phong c\u00e1ch:\u00a0<\/strong>bia Stout<\/li>\n<li><b>Th\u00e0nh ph\u1ea7n<\/b>: N\u01b0\u1edbc, m\u1ea1ch nha, men bia v\u00e0 hoa bia.<\/li>\n<li><b>Quy c\u00e1ch<\/b>: th\u00f9ng 12 lon 500 ml<\/li>\n<li><strong>B\u1ea3o qu\u1ea3n:<\/strong>\u00a0B\u1ea3o qu\u1ea3n n\u01a1i kh\u00f4 r\u00e1o, tho\u00e1ng m\u00e1t, tr\u00e1nh \u00e1nh n\u1eafng m\u1eb7t tr\u1eddi<\/li>\n<li><strong>Nh\u00e0 s\u1ea3n xu\u1ea5t:<\/strong>\u00a0MPBK Ochakovo, Moscow, Russia<\/li>\n<\/ul>\n","protected":false},"featured_media":566,"comment_status":"open","ping_status":"closed","template":"","meta":[],"_links":{"self":[{"href":"https:\/\/sammarco.vn\/index.php?rest_route=\/wp\/v2\/product\/528"}],"collection":[{"href":"https:\/\/sammarco.vn\/index.php?rest_route=\/wp\/v2\/product"}],"about":[{"href":"https:\/\/sammarco.vn\/index.php?rest_route=\/wp\/v2\/types\/product"}],"replies":[{"embeddable":true,"href":"https:\/\/sammarco.vn\/index.php?rest_route=%2Fwp%2Fv2%2Fcomments&post=528"}],"wp:featuredmedia":[{"embeddable":true,"href":"https:\/\/sammarco.vn\/index.php?rest_route=\/wp\/v2\/media\/566"}],"wp:attachment":[{"href":"https:\/\/sammarco.vn\/index.php?rest_route=%2Fwp%2Fv2%2Fmedia&parent=528"}],"curies":[{"name":"wp","href":"https:\/\/api.w.org\/{rel}","templated":true}]}}