{"id":523,"date":"2020-11-25T03:39:23","date_gmt":"2020-11-25T03:39:23","guid":{"rendered":"http:\/\/ruouvang.demoweb.fun\/?post_type=product&#038;p=523"},"modified":"2020-11-25T03:41:33","modified_gmt":"2020-11-25T03:41:33","slug":"ruou-chivas-royal-salute-21yo-hop-qua-40-700cl","status":"publish","type":"product","link":"https:\/\/sammarco.vn\/?product=ruou-chivas-royal-salute-21yo-hop-qua-40-700cl","title":{"rendered":"R\u01b0\u1ee3u Chivas Royal Salute 21YO H\u1ed9p qu\u00e0 40%-700cl"},"content":{"rendered":"<p>Nh\u1eefng c\u00e1 nh\u00e2n y\u00eau th\u00edch r\u01b0\u1ee3u m\u1ea1nh tr\u00ean to\u00e0n th\u1ebf gi\u1edbi lu\u00f4n d\u00e0nh cho Chivas m\u1ed9t s\u1ef1 ng\u01b0\u1ee1ng m\u1ed9 nh\u1ea5t \u0111\u1ecbnh. \u0110\u1eb7c bi\u1ec7t l\u00e0 \u0111\u1ed1i v\u1edbi d\u00f2ng Chivas Royal Salute 21. \u0110\u00f3 l\u00e0 nh\u1edd v\u00e0o vi\u1ec7c r\u01b0\u1ee3u \u0111\u01b0\u1ee3c ch\u01b0ng c\u1ea5t t\u1eeb nh\u1eefng nguy\u00ean li\u1ec7u ch\u1ecdn l\u1ecdc qu\u00fd hi\u1ebfm nh\u1ea5t. C\u0169ng nh\u01b0 th\u1eddi gian ch\u01b0ng c\u1ea5t k\u00e9o d\u00e0i \u0111\u1ebfn t\u1eadn h\u01a1n 21 n\u0103m. Th\u1ebf n\u00ean \u0111\u00e2y \u0111\u00edch th\u1ef1c l\u00e0 lo\u1ea1i blended Scotch whisky h\u1ea3o h\u1ea1ng nh\u1ea5t Scotland.<\/p>\n<h2>\u0110\u00f4i n\u00e9t v\u1ec1 Chivas Royal Salute 21<\/h2>\n<p>D\u00f2ng r\u01b0\u1ee3u Royal Salute ra m\u1eaft l\u1ea7n \u0111\u1ea7u ti\u00ean v\u00e0o n\u0103m 1953. \u0110\u00e2y ch\u00ednh l\u00e0 lo\u1ea1i r\u01b0\u1ee3u \u0111\u1eb7c bi\u1ec7t \u0111\u01b0\u1ee3c ch\u01b0ng c\u1ea5t b\u1edfi an hem nh\u00e0 s\u00e1ng l\u1eadp Chivas Brothes. M\u1ee5c \u0111\u00edch l\u00e0 \u0111\u1ec3 \u0103n m\u1eebng l\u1ec5 l\u00ean ng\u00f4i c\u1ee7a N\u1eef ho\u00e0ng Elizabeth II.<\/p>\n<p>Ch\u00ednh v\u00ec l\u00fd do cao qu\u00fd cho s\u1ef1 ra \u0111\u1eddi \u0111\u00f3, th\u01b0\u01a1ng hi\u1ec7u Chivas Regal lu\u00f4n \u0111\u01b0\u1ee3c \u0111\u00e1nh gi\u00e1 l\u00e0 lo\u1ea1i r\u01b0\u1ee3u sang tr\u1ecdng \u0111\u1eb3ng c\u1ea5p tr\u00ean to\u00e0n c\u1ea7u.<\/p>\n<p>Chivas royal salute 21 \u0111\u01b0\u1ee3c ch\u01b0ng c\u1ea5t t\u1eeb nh\u1eefng nguy\u00ean li\u1ec7u \u0111\u01b0\u1ee3c ch\u1ecdn l\u1ecdc k\u1ef9 c\u00e0ng \u1edf \u0111\u1ea5t n\u01b0\u1edbc Scotland. M\u1ee5c \u0111\u00edch l\u00e0 \u0111\u1ec3 c\u00f3 th\u1ec3 t\u1ea1o ra \u0111\u01b0\u1ee3c si\u00eau ph\u1ea9m r\u01b0\u1ee3u m\u1ea1nh tuy\u1ec7t v\u1eddi nh\u1ea5t. V\u1edbi h\u01b0\u01a1ng v\u1ecb c\u00f3 th\u1ec3 chinh ph\u1ee5c \u0111\u01b0\u1ee3c b\u1ea5t k\u1ef3 kh\u00e1ch h\u00e0ng n\u00e0o.<\/p>\n<h2>H\u01b0\u01a1ng v\u00e0 v\u1ecb c\u1ee7a r\u01b0\u1ee3u Chivas Royal Salute 21<\/h2>\n<p>H\u01b0\u01a1ng v\u1ecb c\u1ee7a r\u01b0\u1ee3u Chivas ph\u1ee9c t\u1ea1p v\u00e0 \u0111\u01b0\u1ee3c kh\u1eafc h\u1ecda v\u1edbi 3 t\u1ea7ng kh\u00e1c nhau.<\/p>\n<p>M\u1edf \u0111\u1ea7u l\u00e0 s\u1ef1 th\u1ec3 hi\u1ec7n nhi\u1ec1u nh\u1ea5t c\u1ee7a m\u00f9i c\u1ee7a tr\u00e1i c\u00e2y. \u0110\u1eb7c bi\u1ec7t nh\u1ea5t l\u00e0 v\u1ecb ng\u1ecdt c\u1ee7a cam v\u00e0 l\u00ea. H\u01b0\u01a1ng v\u1ecb ti\u1ebfp theo l\u00e0 s\u1ef1 l\u00ean ng\u00f4i c\u1ee7a h\u1ea1t ph\u1ec9 v\u00e0 c\u00e1c th\u00e0nh ph\u1ea7n kh\u00e1c. K\u1ebft th\u00fac v\u1edbi m\u1ed9t ch\u00fat v\u1ecb kh\u00f3i quy\u1ebfn r\u0169 kh\u00f3 phai.<\/p>\n<p>D\u01b0 v\u1ecb c\u1ee7a r\u01b0\u1ee3u k\u00e9o d\u00e0i v\u00e0 g\u00e2y l\u01b0u luy\u1ebfn. Khi\u1ebfn cho ai m\u1ed9t khi \u0111\u00e3 th\u01b0\u1edfng th\u1ee9c th\u00ec s\u1ebd kh\u00f4ng th\u1ec3 qu\u00ean \u0111\u01b0\u1ee3c h\u01b0\u01a1ng v\u1ecb tuy\u1ec7t h\u1ea3o n\u00e0y.<\/p>\n<h2>L\u00fd do cho s\u1ef1 ra \u0111\u1eddi c\u1ee7a lo\u1ea1i r\u01b0\u1ee3u ho\u00e0ng gia<\/h2>\n<p>\u0110\u1ec3 th\u1ec3 hi\u1ec7n l\u00f2ng kh\u00e2m ph\u1ee5c v\u00e0 ng\u01b0\u1ee1ng m\u1ed9 c\u1ee7a m\u00ecnh d\u00e0nh cho tay ngh\u1ec1 pha ch\u1ebf r\u01b0\u1ee3u c\u1ee7a anh me nh\u00e0 Chivas. N\u1eef ho\u00e0ng anh \u0111\u00e3 \u0111\u1eb7c bi\u1ec7t d\u00e0nh t\u1eb7ng 3 vi\u00ean ng\u1ecdc qu\u00fd trong \u0111\u00fang d\u1ecbp l\u1ec5 \u0111\u0103ng quang c\u1ee7a m\u00ecnh.<\/p>\n<p>\u0110\u00e2y c\u0169ng l\u00e0 ngu\u1ed3n truy\u1ec1n c\u1ea3m h\u1ee9ng \u0111\u1ec3 anh em Chivas t\u1ea1o n\u00ean r\u01b0\u1ee3u Chivas Royal Salut v\u1edbi 3 phi\u00ean b\u1ea3n ho\u00e0ng gia. \u0110\u00f3 l\u00e0 sapphire flagon ( xanh d\u01b0\u01a1ng \u0111\u1eadm), ruby flagon (m\u00e0u \u0111\u1ecf c\u1ee7a \u0111\u00e1 ruby) v\u00e0 emerald flagon ( xanh ng\u1ecdc b\u00edch).<\/p>\n<p>Kh\u00f4ng ch\u1ec9 d\u1eebng \u1edf \u0111\u00f3, kh\u00e1ch h\u00e0ng c\u00f2n b\u1ecb \u0111\u1ed1n ng\u00e3 ngay c\u00e1i nh\u00ecn \u0111\u1ea7u ti\u00ean b\u1edfi thi\u1ebft k\u1ebf v\u1ecf chai \u0111\u1ed9c \u0111\u00e1o. Thi\u1ebft k\u1ebf \u0111\u01b0\u1ee3c l\u00e0m ho\u00e0n to\u00e0n th\u1ee7 c\u00f4ng t\u1eeb nh\u1eefng \u0111\u00f4i tay \u0111i\u00eau luy\u1ec7n c\u1ee7a c\u00e1c ngh\u1ec7 nh\u00e2n b\u1edfi nh\u1eefng ngh\u1ec7 nh\u00e2n l\u00e0nh ngh\u1ec1 t\u1ea1i x\u1ee9 Wade. V\u1edbi m\u1ee5c \u0111\u00edch \u0111\u1ec3 n\u00edu gi\u1eef tr\u1ecdn v\u1eb9n nh\u1eefng h\u01b0\u01a1ng v\u1ecb tuy\u1ec7t h\u1ea3o nh\u1ea5t t\u1eeb r\u01b0\u1ee3u whisky ch\u01b0ng c\u1ea5t 21 n\u0103m n\u00e0y. M\u00e0 m\u1ed7i thi\u1ebft k\u1ebf chai r\u01b0\u1ee3u \u0111\u1ec1u tr\u00e1ng 2 l\u1edbp men.<\/p>\n<p>B\u00ean c\u1ea1nh \u0111\u00f3, b\u00ean ngo\u00e0i chai c\u00f2n ch\u1ea1m kh\u1eafc l\u1ed9ng l\u1eaby nh\u1eefng chi ti\u1ebft th\u1ec3 hi\u1ec7n r\u00f5 \u0111\u01b0\u1ee3c s\u1ef1 m\u1ea1nh m\u1ebd. \u0110\u00f3 l\u00e0 h\u00ecnh \u0111\u1ea7u s\u01b0 t\u1eed oai phong c\u00f9ng 2 kh\u1ea9u s\u00fang \u0111\u1ea1i b\u00e1c. Xung quanh c\u00f2n c\u00f3 l\u00e0n kh\u00f3i nh\u01b0 nh\u1ea5n m\u1ea1nh th\u00eam s\u1ef1 uy phong l\u1eabm li\u1ec7t cho chai r\u01b0\u1ee3u m\u1ea1nh tuy\u1ec7t h\u1ea3o n\u00e0y.<\/p>\n","protected":false},"excerpt":{"rendered":"<p>M\u00e3 s\u1ea3n ph\u1ea9m: CHIV11<\/p>\n<p>Xu\u1ea5t x\u1ee9: Scotland<\/p>\n<p>Th\u01b0\u01a1ng hi\u1ec7u: Chivas Regal<\/p>\n<p>Lo\u1ea1i whisky: Blended Scotch Whisky<\/p>\n<p>Dung t\u00edch: 700ml<\/p>\n<p>N\u1ed3ng \u0111\u1ed9: 40.0%<\/p>\n<p>Tu\u1ed5i r\u01b0\u1ee3u 21 YO<\/p>\n","protected":false},"featured_media":524,"comment_status":"open","ping_status":"closed","template":"","meta":[],"_links":{"self":[{"href":"https:\/\/sammarco.vn\/index.php?rest_route=\/wp\/v2\/product\/523"}],"collection":[{"href":"https:\/\/sammarco.vn\/index.php?rest_route=\/wp\/v2\/product"}],"about":[{"href":"https:\/\/sammarco.vn\/index.php?rest_route=\/wp\/v2\/types\/product"}],"replies":[{"embeddable":true,"href":"https:\/\/sammarco.vn\/index.php?rest_route=%2Fwp%2Fv2%2Fcomments&post=523"}],"wp:featuredmedia":[{"embeddable":true,"href":"https:\/\/sammarco.vn\/index.php?rest_route=\/wp\/v2\/media\/524"}],"wp:attachment":[{"href":"https:\/\/sammarco.vn\/index.php?rest_route=%2Fwp%2Fv2%2Fmedia&parent=523"}],"curies":[{"name":"wp","href":"https:\/\/api.w.org\/{rel}","templated":true}]}}