{"id":518,"date":"2020-11-25T03:24:53","date_gmt":"2020-11-25T03:24:53","guid":{"rendered":"http:\/\/ruouvang.demoweb.fun\/?post_type=product&#038;p=518"},"modified":"2020-11-30T07:31:48","modified_gmt":"2020-11-30T07:31:48","slug":"ruou-chivas-regal-18yo-hop-qua-blue-signature-40-700cl","status":"publish","type":"product","link":"https:\/\/sammarco.vn\/?product=ruou-chivas-regal-18yo-hop-qua-blue-signature-40-700cl","title":{"rendered":"R\u01b0\u1ee3u Chivas Regal 18YO H\u1ed9p qu\u00e0 Blue Signature 40%- 700cl (6c\/th\u00f9ng)"},"content":{"rendered":"<p>&#8211; R\u01b0\u1ee3u Chivas 18 Blue thu\u1ed9c danh m\u1ee5c s\u1ea3n ph\u1ea9m n\u1ed5i b\u1eadt c\u1ee7a h\u00e3ng r\u01b0\u1ee3u Chivas Brothers , d\u00e0nh cho gi\u1edbi y\u00eau r\u01b0\u1ee3u Whisky Scotch tr\u00ean to\u00e0n Th\u1ebf gi\u1edbi n\u00f3i chung v\u00e0 Vi\u1ec7t Nam n\u00f3i ri\u00eang _ Chivas 18 Blue x\u1ee9ng \u0111\u00e1ng l\u00e0 d\u00f2ng r\u01b0\u1ee3u Chivas \u0111\u1ec9nh cao \u0111\u1ec3 chia s\u1ebb v\u1edbi nh\u1eefng ng\u01b0\u1eddi b\u1ea1n t\u1ed1t<\/p>\n<p>&#8211; Chivas 18 Blue s\u1eed d\u1ee5ng c\u00e1c lo\u1ea1i Whisky nguy\u00ean li\u1ec7u ban \u0111\u1ea7u \u0111\u01b0\u1ee3c l\u1ef1a ch\u1ecdn k\u1ef9 c\u00e0ng v\u1edbi t\u1ef7 l\u1ec7 cao Whisky m\u1ea1ch nha ( Malt Whisky ) t\u1eeb l\u00f2 ch\u01b0ng c\u1ea5t Strathisla &amp; Longmon \u0111\u1ec3 t\u1ea1o ra \u0111\u1ed9 c\u00e2n b\u1eb1ng c\u00f9ng h\u01b0\u01a1ng v\u1ecb m\u1ec1m m\u01b0\u1ee3t c\u1ee7a r\u01b0\u1ee3u<\/p>\n<p>&#8211; R\u01b0\u1ee3u Chivas 18 Blue s\u1edf h\u1eefu m\u1ea7u xanh d\u01b0\u01a1ng quy\u1ebfn r\u0169 v\u00e0 c\u00f3 h\u01b0\u01a1ng th\u01a1m ng\u1ecdt m\u01b0\u1ee3t c\u1ee7a Tr\u00e1i c\u00e2y t\u01b0\u01a1i ch\u00edn nh\u01b0 \u0110\u00e0o , L\u00ea , tho\u1ea3ng h\u01b0\u01a1ng M\u1eadt ong r\u1eebng , M\u1ee9t , K\u1eb9o m\u1ec1m<\/p>\n<p>&#8211; Sau chi\u1ebfn d\u1ecbch truy\u1ec1n th\u00f4ng r\u1ea7m r\u1ed9 tr\u00ean Th\u1ebf gi\u1edbi , K\u1ebft qu\u1ea3 l\u00e0 m\u1ed9t d\u00f2ng &#8220;Whisky Xanh si\u00eau m\u01b0\u1ee3t&#8221; \u0111\u00e3 l\u00e0m d\u1ea5y l\u00ean c\u01a1n s\u1ed1t t\u00f2 m\u00f2 c\u1ee7a gi\u1edbi y\u00eau r\u01b0\u1ee3u v\u00e0 \u0111\u1ed3 u\u1ed1ng c\u00f3 m\u1ea7u xanh tuy\u1ec7t v\u1eddi n\u00e0y v\u00e0 \u0111\u01b0\u1ee3c \u0111\u00e1nh gi\u00e1 s\u1ebd t\u1ea1o n\u00ean m\u1ed9t cu\u1ed9c h\u00e0nh tr\u00ecnh m\u1edbi cho ng\u01b0\u1eddi ti\u00eau d\u00f9ng tr\u00ean to\u00e0n Th\u1ebf gi\u1edbi<\/p>\n<p>&#8211; V\u1edbi m\u1ed9t th\u01b0\u01a1ng hi\u1ec7u nh\u01b0 Chivas 18 Blue th\u00ec \u0111i\u1ec1u m\u00e0 ch\u00fang ta c\u1ea7n ph\u1ea3i ngh\u0129 t\u1edbi l\u00e0 h\u1ed9p qu\u00e0 \u0111\u1ef1ng r\u01b0\u1ee3u sang tr\u1ecdng v\u00e0 qu\u00fd ph\u00e1i , l\u00e0 l\u1ef1a ch\u1ecdn kh\u00f4ng th\u1ec3 b\u1ecf qua<\/p>\n","protected":false},"excerpt":{"rendered":"<p>Dung T\u00edch: 750 ml<\/p>\n<p>H\u00e0ng do Pecnod Ricard<\/p>\n<p>Nh\u1eadp Kh\u1ea9u N\u1ed3ng \u0110\u1ed9: 40 %<\/p>\n<p>6 Chai H\u1ed9p Qu\u00e0 \/ Th\u00f9ng<\/p>\n","protected":false},"featured_media":519,"comment_status":"open","ping_status":"closed","template":"","meta":[],"_links":{"self":[{"href":"https:\/\/sammarco.vn\/index.php?rest_route=\/wp\/v2\/product\/518"}],"collection":[{"href":"https:\/\/sammarco.vn\/index.php?rest_route=\/wp\/v2\/product"}],"about":[{"href":"https:\/\/sammarco.vn\/index.php?rest_route=\/wp\/v2\/types\/product"}],"replies":[{"embeddable":true,"href":"https:\/\/sammarco.vn\/index.php?rest_route=%2Fwp%2Fv2%2Fcomments&post=518"}],"wp:featuredmedia":[{"embeddable":true,"href":"https:\/\/sammarco.vn\/index.php?rest_route=\/wp\/v2\/media\/519"}],"wp:attachment":[{"href":"https:\/\/sammarco.vn\/index.php?rest_route=%2Fwp%2Fv2%2Fmedia&parent=518"}],"curies":[{"name":"wp","href":"https:\/\/api.w.org\/{rel}","templated":true}]}}