{"id":515,"date":"2020-11-25T03:16:44","date_gmt":"2020-11-25T03:16:44","guid":{"rendered":"http:\/\/ruouvang.demoweb.fun\/?post_type=product&#038;p=515"},"modified":"2020-11-30T07:29:35","modified_gmt":"2020-11-30T07:29:35","slug":"ruou-chivas-regal-18yo-blue-signature-40-700cl","status":"publish","type":"product","link":"https:\/\/sammarco.vn\/?product=ruou-chivas-regal-18yo-blue-signature-40-700cl","title":{"rendered":"R\u01b0\u1ee3u Chivas Regal 18YO Blue Signature 40%- 700cl (6c\/th\u00f9ng)"},"content":{"rendered":"<p><span style=\"font-family: Verdana;\"><strong>Chivas 18 Blue Signature<\/strong>\u00a0thu\u1ed9c danh m\u1ee5c n\u1ed5i b\u1eadt c\u1ee7a h\u00e3ng r\u01b0\u1ee3u Chivas Brothers, d\u00e0nh cho gi\u1edbi y\u00eau r\u01b0\u1ee3u Whisky tr\u00ean to\u00e0n Th\u1ebf Gi\u1edbi n\u00f3i chung v\u00e0 Vi\u1ec7t Nam n\u00f3i ri\u00eang. R\u01b0\u1ee3u Chivas 18 Xanh x\u1ee9ng \u0111\u00e1ng l\u00e0 d\u00f2ng Chivas \u0111\u1ec9nh cao \u0111\u1ec3 chia s\u1ebb v\u1edbi nh\u1eefng ng\u01b0\u1eddi b\u1ea1n t\u1ed1t.<\/span><\/p>\n<p><span style=\"font-family: Verdana;\">Chivas 18 Blue Signature\u00a0s\u1eed d\u1ee5ng c\u00e1c lo\u1ea1i Whisky nguy\u00ean li\u1ec7u ban \u0111\u1ea7u \u0111\u01b0\u1ee3c l\u1ef1a ch\u1ecdn t\u1ef7 m\u1ef7 v\u1edbi t\u1ef7 l\u1ec7 cao Whisky M\u1ea1ch nha t\u1eeb l\u00f2 ch\u01b0ng c\u1ea5t Strathisla &amp; Longmom \u0111\u1ec3 t\u1ea1o ra \u0111\u1ed9 c\u00e2n b\u1eb1ng v\u00e0 h\u01b0\u01a1ng v\u1ecb m\u1ec1m m\u01b0\u1ee3t c\u1ee7a r\u01b0\u1ee3u. N\u00f3 s\u1edf h\u1eefu m\u1ea7u xanh d\u01b0\u01a1ng quy\u1ebfn r\u0169, c\u00f3 h\u01b0\u01a1ng th\u01a1m ng\u1ecdt, m\u01b0\u1ee3t c\u1ee7a tr\u00e1i c\u00e2y t\u01b0\u01a1i ch\u00edn m\u1ec1m nh\u01b0 \u0110\u00e0o, L\u00ea v\u00e0 tho\u1ea3ng h\u01b0\u01a1ng M\u1eadt ong r\u1eebng, M\u1ee9t, K\u1eb9o m\u1ec1m.<\/span><\/p>\n<p><span style=\"font-family: Verdana;\">Kh\u00f4ng ch\u1ec9 l\u00e0 ni\u1ec1m t\u1ef1 h\u00e0o v\u00e0 l\u00e0 di s\u1ea3n cho tinh hoa ph\u1ed1i ho\u00e0, g\u1ea7y d\u1ef1ng n\u00ean danh ti\u1ebfng c\u1ee7a Chivas Regal tr\u00ean to\u00e0n th\u1ebf gi\u1edbi. D\u00f2ng r\u01b0\u1ee3u Chivas Regal 18 n\u0103m tu\u1ed5i, t\u1ea1o n\u00ean t\u1eeb kinh nghi\u1ec7m v\u00e0 b\u00e0n tay t\u00e0i hoa c\u1ee7a nh\u00e0 \u0111i\u1ec1u v\u1ecb l\u1eebng danh Collin Scott, \u0111\u00e3 v\u00e0 \u0111ang h\u1eb1ng ng\u00e0y mang \u0111\u1ebfn nh\u1eefng th\u0103ng hoa trong tr\u1ea3i nghi\u1ec7m v\u1ecb gi\u00e1c cho gi\u1edbi m\u1ed9 \u0111i\u1ec7u t\u1ea1i Vi\u1ec7t Nam. M\u1ed9t tinh hoa, hai ni\u1ec1m t\u1ef1 h\u00e0o, c\u00f9ng nh\u1eefng th\u00f4ng \u0111i\u1ec7p mang c\u1ea3m h\u1ee9ng kh\u00e1c nhau.\u00a0Chivas Regal 18 Blue Signature v\u1edbi s\u1eafc xanh l\u1ecbch l\u00e3m, bi\u1ec3u tr\u01b0ng cho th\u00e0nh c\u00f4ng v\u00e0 h\u01b0ng th\u1ecbnh.\u00a0V\u1edbi s\u1eafc v\u00e0ng h\u1ed5 ph\u00e1ch truy\u1ec1n th\u1ed1ng, t\u00f4n vinh 85 t\u1ea7ng h\u01b0\u01a1ng tinh tu\u00fd b\u00ean trong.<\/span><\/p>\n<div class=\"text_exposed_show\">\n<p><span style=\"font-family: Verdana;\">Chivas Regal 18 Blue Signature \u0111\u00e3 t\u1ea1o ra v\u1edbi ni\u1ec1m c\u1ea3m h\u1ee9ng t\u1eeb tinh th\u1ea7n t\u1ef1 h\u00e0o v\u00e0 gu th\u01b0\u1edfng r\u01b0\u1ee3u c\u1ee7a th\u1ecb tr\u01b0\u1eddng Vi\u1ec7t Nam. \u0110\u1ea1i di\u1ec7n cho Vi\u1ec7t Nam\u00a0gi\u1ea3i v\u00e0ng IWSC danh gi\u00e1, h\u1ea1ng m\u1ee5c r\u01b0\u1ee3u Whisky ph\u1ed1i tr\u1ed9n.\u00a0Chivas Regal 18 Blue Signature v\u1edbi nhi\u1ec1u \u0111i\u1ec3m m\u1edbi l\u1ea1 trong thi\u1ebft k\u1ebf, mang h\u01a1i h\u01b0\u1edbng hi\u1ec7n \u0111\u1ea1i c\u00f9ng th\u00f4ng \u0111i\u1ec7p \u201c\u0110\u1ec9nh cao ph\u1ed1i ho\u00e0, kh\u1edfi s\u1eafc th\u00e0nh c\u00f4ng\u201d. M\u1ed9t s\u1ef1 l\u1ef1a ch\u1ecdn tuy\u1ec7t v\u1eddi cho c\u00e1c startup v\u00e0 doanh nh\u00e2n tr\u1ebb trung, lu\u00f4n h\u01b0\u1edbng \u0111\u1ebfn nh\u1eefng s\u1ef1 s\u00e1ng t\u1ea1o \u0111\u1ea7y \u0111\u1ed9t ph\u00e1.<\/span><\/p>\n<\/div>\n<p><strong><span style=\"font-family: Verdana;\">C\u00c1CH TH\u01af\u1edeNG TH\u1ee8C R\u01af\u1ee2U CHIVAS 18 BLUE :<\/span><\/strong><\/p>\n<p><span style=\"font-family: Verdana;\">&#8211; D\u00f9ng nguy\u00ean ch\u1ea5t<\/span><\/p>\n<p><span style=\"font-family: Verdana;\">&#8211; Th\u00eam m\u1ed9t \u00edt \u0111\u00e1 gi\u00fap c\u1ea3m nh\u00e2n h\u01b0\u01a1ng v\u1ecb kh\u00e1c bi\u1ec7t<\/span><\/p>\n<p><span style=\"font-family: Verdana;\">&#8211; Th\u00eam m\u1ed9t \u00edt n\u01b0\u1edbc gi\u00fap lan t\u1ecfa h\u01b0\u01a1ng v\u1ecb<\/span><\/p>\n<p>&nbsp;<\/p>\n","protected":false},"excerpt":{"rendered":"<p>M\u00e3 s\u1ea3n ph\u1ea9m: CHIV08<\/p>\n<p>Dung t\u00edch: 750 ml<\/p>\n<p>N\u1ed3ng \u0111\u1ed9: 40 %<\/p>\n<p>M\u1ea7u: Xanh nh\u1ea1t<\/p>\n<p>Quy c\u00e1ch: 6 Chai \/ K\u00e9t<\/p>\n<p>Ngu\u1ed3n g\u1ed1c xu\u1ea5t x\u1ee9: Scotland<\/p>\n","protected":false},"featured_media":517,"comment_status":"open","ping_status":"closed","template":"","meta":[],"_links":{"self":[{"href":"https:\/\/sammarco.vn\/index.php?rest_route=\/wp\/v2\/product\/515"}],"collection":[{"href":"https:\/\/sammarco.vn\/index.php?rest_route=\/wp\/v2\/product"}],"about":[{"href":"https:\/\/sammarco.vn\/index.php?rest_route=\/wp\/v2\/types\/product"}],"replies":[{"embeddable":true,"href":"https:\/\/sammarco.vn\/index.php?rest_route=%2Fwp%2Fv2%2Fcomments&post=515"}],"wp:featuredmedia":[{"embeddable":true,"href":"https:\/\/sammarco.vn\/index.php?rest_route=\/wp\/v2\/media\/517"}],"wp:attachment":[{"href":"https:\/\/sammarco.vn\/index.php?rest_route=%2Fwp%2Fv2%2Fmedia&parent=515"}],"curies":[{"name":"wp","href":"https:\/\/api.w.org\/{rel}","templated":true}]}}