{"id":511,"date":"2020-11-25T03:05:24","date_gmt":"2020-11-25T03:05:24","guid":{"rendered":"http:\/\/ruouvang.demoweb.fun\/?post_type=product&#038;p=511"},"modified":"2020-11-25T03:05:24","modified_gmt":"2020-11-25T03:05:24","slug":"ruou-chivas-regal-18yo-gold-hop-qua-40-700cl","status":"publish","type":"product","link":"https:\/\/sammarco.vn\/?product=ruou-chivas-regal-18yo-gold-hop-qua-40-700cl","title":{"rendered":"R\u01b0\u1ee3u Chivas Regal 18YO Gold H\u1ed9p qu\u00e0 40%- 700cl"},"content":{"rendered":"<p>R\u01af\u1ee2U CHIVAS REGAL 18 YO l\u00e0 d\u00f2ng whisky b\u00e1n ch\u1ea1y nh\u1ea5t Vietnam. Trong t\u1eebng gi\u1ecdt r\u01b0\u1ee3u \u0111\u01b0\u1ee3c \u1ee7 \u00edt nh\u1ea5t 18 n\u0103m trong th\u00f9ng g\u1ed7 s\u1ed3i. Cu\u1ed1i c\u00f9ng s\u1ebd cho ra nhi\u1ec1u t\u1ea7ng l\u1edbp h\u01b0\u01a1ng v\u1ecb kh\u00e1c nhau khi th\u01b0\u1edfng th\u1ee9c<br \/>\n\u0111\u00e2y l\u00e0 m\u1ed9t lo\u1ea1i whisky v\u1edbi nguy\u00ean li\u1ec7u \u0111\u01b0\u1ee3c l\u1ef1a ch\u1ecdn k\u1ef9 c\u00e0ng b\u1eb1ng tay. Mang \u0111\u1ebfn m\u1ed9t h\u01b0\u01a1ng th\u01a1m ng\u00e1t th\u1eadt kh\u00e1c bi\u1ec7t.<\/p>\n<p>R\u01af\u1ee2U CHIVAS REGAL 18 YO g\u1ed3m nh\u1eefng h\u1ea1t ng\u0169 c\u1ed1c v\u00e0 m\u1ea1ch nha ngon nh\u1ea5t v\u00e0 t\u1ed1t nh\u1ea5t \u0111\u01b0\u1ee3c ch\u1ecdn l\u1ef1a. Sau \u0111\u00f3 ch\u00fang \u0111\u01b0\u1ee3c \u1ee7 ri\u00eang bi\u1ec7t trong nh\u1eefng th\u00f9ng g\u1ed7 s\u1ed3i c\u00f3 tu\u1ed5i t\u1eeb 18 n\u0103m tr\u1edf l\u00ean trong m\u1ed9t th\u1eddi gian nh\u1ea5t \u0111\u1ecbnh. Cu\u1ed1i c\u00f9ng ch\u00fang \u0111\u01b0\u1ee3c h\u00f2a tr\u1ed9n v\u1edbi nhau \u0111\u1ec3 t\u1ea1o th\u00e0nhChivas Regal 18Yo<\/p>\n<p>R\u01af\u1ee2U CHIVAS REGAL 18 YO H\u1ed8P QU\u00c0 l\u00e0 m\u00f3n qu\u00e0 \u0111\u1ec3 b\u1ea1n ch\u1ecdn l\u1ef1a v\u00e0 trao t\u1eb7ng cho ng\u01b0\u1eddi th\u00e2n y\u00eau.<\/p>\n","protected":false},"excerpt":{"rendered":"<p>M\u00e3 s\u1ea3n ph\u1ea9m: CHIV06<\/p>\n<p>R\u01af\u1ee2U CHIVAS REGAL 18 YO H\u1ed8P QU\u00c0 g\u1ed3m 1 chai r\u01b0\u1ee3u chivas v\u00e0 m\u1ed9t c\u00e1i ly.<\/p>\n<p>Dung T\u00edch: 700 ml<\/p>\n<p>N\u1ed3ng \u0110\u1ed9: 40 %<\/p>\n","protected":false},"featured_media":512,"comment_status":"open","ping_status":"closed","template":"","meta":[],"_links":{"self":[{"href":"https:\/\/sammarco.vn\/index.php?rest_route=\/wp\/v2\/product\/511"}],"collection":[{"href":"https:\/\/sammarco.vn\/index.php?rest_route=\/wp\/v2\/product"}],"about":[{"href":"https:\/\/sammarco.vn\/index.php?rest_route=\/wp\/v2\/types\/product"}],"replies":[{"embeddable":true,"href":"https:\/\/sammarco.vn\/index.php?rest_route=%2Fwp%2Fv2%2Fcomments&post=511"}],"wp:featuredmedia":[{"embeddable":true,"href":"https:\/\/sammarco.vn\/index.php?rest_route=\/wp\/v2\/media\/512"}],"wp:attachment":[{"href":"https:\/\/sammarco.vn\/index.php?rest_route=%2Fwp%2Fv2%2Fmedia&parent=511"}],"curies":[{"name":"wp","href":"https:\/\/api.w.org\/{rel}","templated":true}]}}