{"id":507,"date":"2020-11-25T02:59:44","date_gmt":"2020-11-25T02:59:44","guid":{"rendered":"http:\/\/ruouvang.demoweb.fun\/?post_type=product&#038;p=507"},"modified":"2020-11-30T07:29:57","modified_gmt":"2020-11-30T07:29:57","slug":"ruou-chivas-regal-18yo-gold-40-700cl","status":"publish","type":"product","link":"https:\/\/sammarco.vn\/?product=ruou-chivas-regal-18yo-gold-40-700cl","title":{"rendered":"R\u01b0\u1ee3u Chivas Regal 18YO Gold 40%- 700cl (6c\/th\u00f9ng)"},"content":{"rendered":"<p>R\u01b0\u1ee3u Chivas 18 l\u00e0 d\u00f2ng s\u1ea3n ph\u1ea9m r\u01b0\u1ee3u\u00a0<strong>Scotch Whisky<\/strong>\u00a0c\u00f3 m\u1eb7t t\u1eeb r\u1ea5t l\u00e2u t\u1ea1i Vi\u1ec7t Nam. \u0110\u00e2y c\u0169ng l\u00e0 m\u1ed9t trong c\u00e1c d\u00f2ng s\u1ea3n ph\u1ea9m r\u01b0\u1ee3u c\u00f3 doanh s\u1ed1 b\u00e1n ch\u1ea1y t\u1ea1i Vi\u1ec7t Nam cho \u0111\u1ebfn th\u1eddi \u0111i\u1ec3m hi\u1ec7n nay. B\u1ea3n th\u00e2n r\u01b0\u1ee3u Chivas 18 c\u0169ng \u0111\u01b0\u1ee3c chia ra l\u00e0m hai d\u00f2ng v\u1edbi hai m\u1ee9c gi\u00e1 ri\u00eang bi\u1ec7t sau \u0111\u00e2y.<\/p>\n<p>D\u00f9 l\u00e0 s\u1ea3n ph\u1ea9m t\u1ea7m trung nh\u01b0ng r\u1ea5t \u0111\u01b0\u1ee3c \u0111\u1ea7u t\u01b0 n\u00ean lo\u1ea1i r\u01b0\u1ee3u n\u00e0y c\u00f3 ch\u1ea5t l\u01b0\u1ee3ng cao, m\u1eabu m\u00e3 s\u1ea3n ph\u1ea9m sang tr\u1ecdng. Lo\u1ea1i r\u01b0\u1ee3u n\u00e0y ch\u00ednh l\u00e0 s\u1ef1 l\u1ef1a ch\u1ecdn v\u00e0 pha tr\u1ed9n m\u1ed9t c\u00e1ch t\u1ec9 m\u1ec9 v\u00e0 chuy\u00ean nghi\u1ec7p nh\u1ea5t.<\/p>\n<p>Chivas 18 Gold Signature \u0111\u1ea1i di\u1ec7n cho tham v\u1ecdng t\u1ea1o n\u00ean m\u1ed9t\u00a0d\u00f2ng\u00a0<strong>whisky\u00a0tuy\u1ec7t \u0111\u1ec9nh<\/strong>. N\u00f3 \u0111\u1ed3ng th\u1eddi c\u0169ng l\u00e0 m\u1ed9t v\u00ed d\u1ee5 \u0111i\u1ec3n h\u00ecnh cho ni\u1ec1m \u0111am m\u00ea whisky \u0111\u1ea7y tinh tu\u00fd.<\/p>\n<p>&nbsp;<\/p>\n","protected":false},"excerpt":{"rendered":"<p>M\u00e3 s\u1ea3n ph\u1ea9m: CHIV05<\/p>\n<p>Xu\u1ea5t x\u1ee9:Scotland<\/p>\n<p>N\u1ed3ng \u0111\u1ed9: 40 \u0111\u1ed9<\/p>\n<p>Th\u1ec3 t\u00edch: 700 ml<\/p>\n","protected":false},"featured_media":510,"comment_status":"open","ping_status":"closed","template":"","meta":[],"_links":{"self":[{"href":"https:\/\/sammarco.vn\/index.php?rest_route=\/wp\/v2\/product\/507"}],"collection":[{"href":"https:\/\/sammarco.vn\/index.php?rest_route=\/wp\/v2\/product"}],"about":[{"href":"https:\/\/sammarco.vn\/index.php?rest_route=\/wp\/v2\/types\/product"}],"replies":[{"embeddable":true,"href":"https:\/\/sammarco.vn\/index.php?rest_route=%2Fwp%2Fv2%2Fcomments&post=507"}],"wp:featuredmedia":[{"embeddable":true,"href":"https:\/\/sammarco.vn\/index.php?rest_route=\/wp\/v2\/media\/510"}],"wp:attachment":[{"href":"https:\/\/sammarco.vn\/index.php?rest_route=%2Fwp%2Fv2%2Fmedia&parent=507"}],"curies":[{"name":"wp","href":"https:\/\/api.w.org\/{rel}","templated":true}]}}