{"id":505,"date":"2020-11-25T02:47:18","date_gmt":"2020-11-25T02:47:18","guid":{"rendered":"http:\/\/ruouvang.demoweb.fun\/?post_type=product&#038;p=505"},"modified":"2020-11-30T07:30:55","modified_gmt":"2020-11-30T07:30:55","slug":"ruou-chivas-regal-xv-40-700cl","status":"publish","type":"product","link":"https:\/\/sammarco.vn\/?product=ruou-chivas-regal-xv-40-700cl","title":{"rendered":"R\u01b0\u1ee3u Chivas Regal XV 40%- 700cl (6c\/th\u00f9ng)"},"content":{"rendered":"<p>Chivas Regal 15 N\u0103m l\u00e0 r\u01b0\u1ee3u whisky pha tr\u1ed9n, tr\u00e1i c\u00e2y sang tr\u1ecdng v\u00e0 ng\u1ecdt ng\u00e0o nh\u1edd s\u1ef1 l\u1ef1a ch\u1ecdn th\u00f9ng \u1ee7 c\u1ea9n th\u1eadn, bao g\u1ed3m m\u1ed9t s\u1ed1 lo\u1ea1i r\u01b0\u1ee3u whisky \u0111\u00e3 \u0111\u01b0\u1ee3c tr\u01b0\u1edfng th\u00e0nh trong c\u00e1c th\u00f9ng r\u01b0\u1ee3u \u1ee7 Grande Champagne Cognac.<\/p>\n","protected":false},"excerpt":{"rendered":"<p>Xu\u1ea5t x\u1ee9:Scotland<\/p>\n<p>N\u1ed2NG \u0110\u1ed8: 40 \u0111\u1ed9<\/p>\n<p>TH\u1ec2 T\u00cdCH: 700 ml<\/p>\n","protected":false},"featured_media":506,"comment_status":"open","ping_status":"closed","template":"","meta":[],"_links":{"self":[{"href":"https:\/\/sammarco.vn\/index.php?rest_route=\/wp\/v2\/product\/505"}],"collection":[{"href":"https:\/\/sammarco.vn\/index.php?rest_route=\/wp\/v2\/product"}],"about":[{"href":"https:\/\/sammarco.vn\/index.php?rest_route=\/wp\/v2\/types\/product"}],"replies":[{"embeddable":true,"href":"https:\/\/sammarco.vn\/index.php?rest_route=%2Fwp%2Fv2%2Fcomments&post=505"}],"wp:featuredmedia":[{"embeddable":true,"href":"https:\/\/sammarco.vn\/index.php?rest_route=\/wp\/v2\/media\/506"}],"wp:attachment":[{"href":"https:\/\/sammarco.vn\/index.php?rest_route=%2Fwp%2Fv2%2Fmedia&parent=505"}],"curies":[{"name":"wp","href":"https:\/\/api.w.org\/{rel}","templated":true}]}}