{"id":502,"date":"2020-11-25T02:40:38","date_gmt":"2020-11-25T02:40:38","guid":{"rendered":"http:\/\/ruouvang.demoweb.fun\/?post_type=product&#038;p=502"},"modified":"2020-11-30T07:30:10","modified_gmt":"2020-11-30T07:30:10","slug":"ruou-chivas-regal-12yo-hop-qua-40-700cl","status":"publish","type":"product","link":"https:\/\/sammarco.vn\/?product=ruou-chivas-regal-12yo-hop-qua-40-700cl","title":{"rendered":"R\u01b0\u1ee3u Chivas Regal 12YO H\u1ed9p qu\u00e0 40%- 700cl (6c\/th\u00f9ng)"},"content":{"rendered":"<p>Chivas l\u00e0 m\u1ed9t th\u01b0\u01a1ng hi\u1ec7u r\u01b0\u1ee3u l\u00e2u \u0111\u1eddi v\u1edbi nh\u1eefng d\u00f2ng r\u01b0\u1ee3u ch\u1ea5t l\u01b0\u1ee3ng r\u1ea5t \u0111\u01b0\u1ee3c \u01b0a chu\u1ed9ng nh\u01b0 Chivas 12, 18, 25\u2026 H\u00e3y c\u00f9ng Winemart t\u00ecm hi\u1ec3u v\u1ec1 r\u01b0\u1ee3u Chivas 12 lo\u1ea1i r\u01b0\u1ee3u \u0111\u01b0\u1ee3c y\u00eau th\u00edch nh\u1ea5t trong b\u00e0i vi\u1ebft d\u01b0\u1edbi \u0111\u00e2y.<\/p>\n<h2>Theo d\u00f2ng l\u1ecbch s\u1eed kh\u00e1m ph\u00e1 d\u00f2ng r\u01b0\u1ee3u Chivas<\/h2>\n<p>Nh\u00e0 m\u00e1y ch\u01b0ng c\u1ea5t c\u1ee7a Chivas n\u1eb1m \u1edf v\u00f9ng ch\u01b0ng c\u1ea5t r\u01b0\u1ee3u n\u1ed5i ti\u1ebfng Moray v\u00f9ng Speyside, Scotland. V\u1edbi b\u1ec1 d\u00e0y l\u1ecbch s\u1eed ph\u00e1t tri\u1ec3n t\u1eeb n\u0103m 1786, Chivas \u0111\u00e3 t\u1ea1o ra nh\u1eefng s\u1ea3n ph\u1ea9m tuy\u1ec7t v\u1eddi khi\u1ebfn c\u1ea3 th\u1ebf gi\u1edbi ng\u01b0\u1ee1ng m\u1ed9.<\/p>\n<p>Ng\u00e0y nay, r\u01b0\u1ee3u Chivas Regal 12 l\u00e0 lo\u1ea1i r\u01b0\u1ee3u Blended Scotch Whisky r\u1ea5t \u0111\u01b0\u1ee3c y\u00eau th\u00edch \u1edf th\u1ecb tr\u01b0\u1eddng Ch\u00e2u \u00c2u v\u00e0 Ch\u00e2u \u00c1. \u1ede Vi\u1ec7t Nam, r\u01b0\u1ee3u \u0111\u01b0\u1ee3c ph\u00e2n ph\u1ed1i tr\u1ef1c ti\u1ebfp b\u1edfi c\u00f4ng ty Pernod Ricard. Ngo\u00e0i ra, r\u01b0\u1ee3u c\u0169ng \u0111\u01b0\u1ee3c x\u00e1ch tay t\u1eeb Singapore.<\/p>\n<p>Chivas Regal 12 b\u00e1n r\u1ea5t ch\u1ea1y khi\u1ebfn cho nhi\u1ec1u ng\u01b0\u1eddi mu\u1ed1n thu \u0111\u01b0\u1ee3c nhi\u1ec1u l\u1ee3i nhu\u1eadn \u0111\u00e3 l\u00e0m r\u01b0\u1ee3u gi\u1ea3 b\u00e1n ra th\u1ecb tr\u01b0\u1eddng. Ch\u00ednh \u0111i\u1ec1u n\u00e0y khi\u1ebfn cho th\u1ecb tr\u01b0\u1eddng r\u01b0\u1ee3u m\u1ea1nh \u0111\u00e3 t\u1eebng \u201cn\u00e1o lo\u1ea1n\u201d. \u0110\u1ea7u n\u0103m 2016, h\u00e3ng Chivas bu\u1ed9c ph\u1ea3i tung ra m\u1eabu m\u00e3 m\u1edbi \u0111\u1ec3 ch\u1ed1ng l\u1ea1i h\u00e0ng gi\u1ea3. C\u00f4ng ngh\u1ec7 cao \u0111\u01b0\u1ee3c \u1ee9ng d\u1ee5ng v\u00e0o thi\u1ebft k\u1ebf th\u00e2n chai c\u0169ng nh\u01b0 n\u1eafp chai \u0111\u1ec3 b\u1ea3o \u0111\u1ea3m kh\u00e1ch h\u00e0ng c\u00f3 th\u1ec3 ph\u00e2n bi\u1ec7t h\u00e0ng th\u1eadt gi\u1ea3.<\/p>\n<p>R\u01b0\u1ee3u Chivas 12 th\u00edch h\u1ee3p \u0111\u01b0\u1ee3c d\u00f9ng \u0111\u1ec3 u\u1ed1ng trong c\u00e1c b\u1eefa ti\u1ec7c h\u1ecdp m\u1eb7t b\u1ea1n b\u00e8, ng\u01b0\u1eddi th\u00e2n trong gia \u0111\u00ecnh. Ngo\u00e0i ra, b\u1ea1n c\u00f3 th\u1ec3 t\u1eb7ng h\u1ed9p qu\u00e0 r\u01b0\u1ee3u Chivas Regal 12 cho c\u1ea5p tr\u00ean ho\u1eb7c \u0111\u1ed1i t\u00e1c.<\/p>\n<h2>H\u01b0\u01a1ng v\u1ecb \u0111\u1eb7c tr\u01b0ng c\u1ee7a r\u01b0\u1ee3u Chivas Regal 12<\/h2>\n<p>R\u01b0\u1ee3u Chivas Regal 12 l\u00e0 c\u00e1i t\u00ean c\u00f3 l\u1ebd \u0111\u00e3 qu\u00e1 quen thu\u1ed9c v\u00e0o ng\u01b0\u1eddi vi\u1ec7t Nam. H\u01b0\u01a1ng v\u1ecb \u0111\u1eadm \u0111\u00e0, m\u01b0\u1ee3t m\u00e0 c\u1ee7a Chivas 12 ch\u1eafc ch\u1eafn s\u1ebd l\u00e0m xao xuy\u1ebfn nh\u1eefng ng\u01b0\u1eddi th\u01b0\u1edfng th\u1ee9c.<\/p>\n<p>M\u00e0u S\u1eafc: m\u00e0u h\u1ed5 ph\u00e1ch \u0111\u1eadm \u0111\u00e0<\/p>\n<p>M\u00f9i: m\u00f9i c\u1ee7a c\u00e1c lo\u1ea1i th\u1ea3o m\u1ed9c, m\u00f9i ng\u1ecdt ng\u1ecdt c\u1ee7a m\u1eadt ong v\u00e0 tr\u00e1i c\u00e2y ch\u00edn<\/p>\n<p>V\u1ecb: v\u1ecb t\u00e1o ch\u00edn, vani v\u00e0 v\u1ecb ng\u1ecdt ng\u1ecdt c\u1ee7a m\u1eadt ong v\u00e0 v\u1ecb b\u00f9i b\u00f9i c\u1ee7a h\u1ea1t d\u1ebb<\/p>\n<h2>C\u00e1ch th\u01b0\u1edfng th\u1ee9c r\u01b0\u1ee3u Chivas Regal 12<\/h2>\n<p>Ch\u1ea5t r\u01b0\u1ee3u Chivas Regal 12 l\u00e0 s\u1ef1 k\u1ebft h\u1ee3p h\u00e0i h\u00f2a gi\u1eefa truy\u1ec1n th\u1ed1ng v\u00e0 hi\u1ec7n \u0111\u1ea1i, v\u1eady ph\u1ea3i th\u01b0\u1edfng th\u1ee9c nh\u01b0 th\u1ebf n\u00e0o \u0111\u1ec3 c\u1ea3m nh\u1eadn \u0111\u01b0\u1ee3c tr\u1ecdn v\u1eb9n h\u01b0\u01a1ng v\u1ecb c\u1ed5 \u0111i\u1ec3n n\u00e0y? D\u01b0\u1edbi \u0111\u00e2y l\u00e0 m\u1ed9t s\u1ed1 c\u00e1ch th\u01b0\u1edfng th\u1ee9c r\u01b0\u1ee3u Chivas \u0111\u01b0\u1ee3c c\u00e1c qu\u00fd \u00f4ng y\u00eau th\u00edch.<\/p>\n<p>U\u1ed1ng theo ki\u1ec3u truy\u1ec1n th\u1ed1ng: r\u00f3t r\u01b0\u1ee3u ra ly r\u1ed3i th\u01b0\u1edfng th\u1ee9c nguy\u00ean ch\u1ea5t, c\u1ea3m nh\u1eadn h\u01b0\u01a1ng v\u1ecb c\u1ed5 \u0111i\u1ec3n trong ch\u1ea5t r\u01b0\u1ee3u.<\/p>\n<p>Th\u00eam m\u1ed9t \u00edt n\u01b0\u1edbc: c\u00e1ch u\u1ed1ng n\u00e0y kh\u00e1 \u0111\u1ed9c \u0111\u00e1o, v\u00e0i gi\u1ecdt n\u01b0\u1edbc h\u00f2a v\u1edbi r\u01b0\u1ee3u gi\u00fap lan t\u1ecfa h\u01b0\u01a1ng v\u1ecb nhanh h\u01a1n. Nh\u1ea5p t\u1eebng ng\u1ee5m v\u00e0 nh\u1ea5m nh\u00e1p c\u1ea3m nh\u1eadn h\u01b0\u01a1ng v\u1ecb.<\/p>\n<p>U\u1ed1ng v\u1edbi \u0111\u00e1: C\u00e1c qu\u00fd \u00f4ng y\u00eau th\u00edch s\u1ef1 m\u1ea1nh m\u1ebd v\u00e0 l\u1ea1nh gi\u00e1 th\u01b0\u1eddng u\u1ed1ng ki\u1ec3u n\u00e0y. Cho \u0111\u00e1 v\u00e0o ly tr\u01b0\u1edbc r\u1ed3i sau \u0111\u00f3 r\u00f3t r\u01b0\u1ee3u ch\u1ea3y t\u1eeb t\u1eeb qua nh\u1eefng vi\u00ean \u0111\u00e1. L\u1eafc ly \u0111\u1ec1 r\u01b0\u1ee3u v\u00e0 n\u01b0\u1edbc \u0111\u00e1 h\u00f2a quy\u1ec7n v\u00e0 th\u01b0\u1edfng th\u1ee9c.<\/p>\n<p>Tr\u00ean \u0111\u00e2y ch\u1ec9 l\u00e0 m\u1ed9t s\u1ed1 c\u00e1ch th\u01b0\u1edfng th\u1ee9c r\u01b0\u1ee3u Chivas ph\u1ed5 bi\u1ebfn. Ngo\u00e0i ra, b\u1ea1n c\u00f3 th\u1ec3 th\u01b0\u1edfng th\u1ee9c r\u01b0\u1ee3u Chivas Regal 12 k\u1ebft h\u1ee3p v\u1edbi lo\u1ea1i th\u1ee9c u\u1ed1ng kh\u00e1c \u0111\u1ec3 t\u1ea1o th\u00e0nh lo\u1ea1i cocktail tuy\u1ec7t v\u1eddi.<\/p>\n","protected":false},"excerpt":{"rendered":"<p>M\u00c3 S\u1ea2N PH\u1ea8M: CHIV02<\/p>\n<p>TH\u01af\u01a0NG HI\u1ec6U \/ C\u00d4NG TY: Chivas<\/p>\n<p>K\u00cdCH TH\u01af\u1edaC: 700ml<\/p>\n<p>PHONG C\u00c1CH: R\u01b0\u1ee3u whisky Scotch pha tr\u1ed9n<\/p>\n<p>QU\u1ed0C GIA: Scotland<\/p>\n","protected":false},"featured_media":504,"comment_status":"open","ping_status":"closed","template":"","meta":[],"_links":{"self":[{"href":"https:\/\/sammarco.vn\/index.php?rest_route=\/wp\/v2\/product\/502"}],"collection":[{"href":"https:\/\/sammarco.vn\/index.php?rest_route=\/wp\/v2\/product"}],"about":[{"href":"https:\/\/sammarco.vn\/index.php?rest_route=\/wp\/v2\/types\/product"}],"replies":[{"embeddable":true,"href":"https:\/\/sammarco.vn\/index.php?rest_route=%2Fwp%2Fv2%2Fcomments&post=502"}],"wp:featuredmedia":[{"embeddable":true,"href":"https:\/\/sammarco.vn\/index.php?rest_route=\/wp\/v2\/media\/504"}],"wp:attachment":[{"href":"https:\/\/sammarco.vn\/index.php?rest_route=%2Fwp%2Fv2%2Fmedia&parent=502"}],"curies":[{"name":"wp","href":"https:\/\/api.w.org\/{rel}","templated":true}]}}