{"id":499,"date":"2020-11-25T02:33:19","date_gmt":"2020-11-25T02:33:19","guid":{"rendered":"http:\/\/ruouvang.demoweb.fun\/?post_type=product&#038;p=499"},"modified":"2020-11-25T02:34:31","modified_gmt":"2020-11-25T02:34:31","slug":"ruou-whisky-chivas-regal-12-700ml-40","status":"publish","type":"product","link":"https:\/\/sammarco.vn\/?product=ruou-whisky-chivas-regal-12-700ml-40","title":{"rendered":"R\u01b0\u1ee3u Whisky Chivas Regal 12 (700ml) 40%"},"content":{"rendered":"<p>Whisky ph\u1ed1i tr\u1ed9n t\u1eeb c\u00e1c lo\u1ea1i ng\u0169 c\u1ed1c t\u1ed1t nh\u1ea5t<br \/>\nH\u01b0\u01a1ng v\u1ecb r\u1ea5t tinh t\u1ebf v\u00e0 sang tr\u1ecdng c\u1ee7a m\u1eadt ong, vani v\u00e0 t\u00e1o ch\u00edn<br \/>\nN\u1ed3ng \u0111\u1ed9: 40%<\/p>\n<p><strong>R\u01b0\u1ee3u Whisky Chivas Regal 12 700ml 40%<\/strong>\u00a0l\u00e0 lo\u1ea1i r\u01b0\u1ee3u Whisky pha tr\u1ed9n c\u1ee7a Scotland (Blen Scotch Whisky).<\/p>\n<p>\u0110\u00e2y l\u00e0 m\u1ed9t lo\u1ea1i \u0111\u1ed3 u\u1ed1ng c\u00f3 ch\u1ee9a C\u1ed3n, \u0111\u01b0\u1ee3c s\u1ea3n xu\u1ea5t t\u1eeb Ng\u0169 c\u1ed1c (Grain Whisky) v\u00e0 M\u1ea1ch nha (Malt Whisky) b\u1eb1ng c\u00e1ch l\u00ean men v\u00e0 ch\u01b0ng c\u1ea5t , sau \u0111\u00f3 \u0111\u01b0\u1ee3c \u1ee7 trong nh\u1eefng th\u00f9ng g\u1ed7 s\u1ed3i v\u1edbi m\u1ed9t kho\u1ea3ng th\u1eddi gian t\u1ed1i thi\u1ec3u l\u00e0 3 n\u0103m.<\/p>\n<p>T\u1ea1i h\u00e3ng r\u01b0\u1ee3u Chivas Brothers , t\u1ea5t c\u1ea3 c\u00e1c lo\u1ea1i Whisky \u0111\u01b0\u1ee3c l\u1ef1a ch\u1ecdn \u0111\u1ec1u \u0111\u01b0\u1ee3c \u1ee7 trong nh\u1eefng th\u00f9ng g\u1ed7 S\u1ed3i \u00edt nh\u1ea5t 12 n\u0103m tu\u1ed5i.<\/p>\n","protected":false},"excerpt":{"rendered":"<p>M\u00e3 s\u1ea3n ph\u1ea9m: CHIV01<\/p>\n<p>Th\u01b0\u01a1ng hi\u1ec7u Chivas Regal<\/p>\n<p>Xu\u1ea5t x\u1ee9 th\u01b0\u01a1ng hi\u1ec7u Scotland<\/p>\n<p>Xu\u1ea5t x\u1ee9 Scotland<\/p>\n<p>H\u01b0\u1edbng d\u1eabn s\u1eed d\u1ee5ng D\u00f9ng tr\u1ef1c ti\u1ebfp ho\u1eb7c pha ch\u1ebf coctail<\/p>\n<p>Dung t\u00edch 700ml \/chaiTr\u1ecdng l\u01b0\u1ee3ng 1kg<\/p>\n","protected":false},"featured_media":501,"comment_status":"open","ping_status":"closed","template":"","meta":[],"_links":{"self":[{"href":"https:\/\/sammarco.vn\/index.php?rest_route=\/wp\/v2\/product\/499"}],"collection":[{"href":"https:\/\/sammarco.vn\/index.php?rest_route=\/wp\/v2\/product"}],"about":[{"href":"https:\/\/sammarco.vn\/index.php?rest_route=\/wp\/v2\/types\/product"}],"replies":[{"embeddable":true,"href":"https:\/\/sammarco.vn\/index.php?rest_route=%2Fwp%2Fv2%2Fcomments&post=499"}],"wp:featuredmedia":[{"embeddable":true,"href":"https:\/\/sammarco.vn\/index.php?rest_route=\/wp\/v2\/media\/501"}],"wp:attachment":[{"href":"https:\/\/sammarco.vn\/index.php?rest_route=%2Fwp%2Fv2%2Fmedia&parent=499"}],"curies":[{"name":"wp","href":"https:\/\/api.w.org\/{rel}","templated":true}]}}