{"id":494,"date":"2020-11-24T07:38:57","date_gmt":"2020-11-24T07:38:57","guid":{"rendered":"http:\/\/ruouvang.demoweb.fun\/?post_type=product&#038;p=494"},"modified":"2020-11-30T07:39:54","modified_gmt":"2020-11-30T07:39:54","slug":"ruou-johnnie-walker-red-uk-hop-thiec-f20-40-750cl","status":"publish","type":"product","link":"https:\/\/sammarco.vn\/?product=ruou-johnnie-walker-red-uk-hop-thiec-f20-40-750cl","title":{"rendered":"R\u01b0\u1ee3u Johnnie Walker Red Uk h\u1ed9p thi\u1ebfc F20 40%- 750cl (12c\/th\u00f9ng)"},"content":{"rendered":"<p>R\u01b0\u1ee3u Johnnie Walker\u00a0Red\u00a0Label h\u1ed9p thi\u1ebft l\u00e0 d\u00f2ng whisky tr\u1ebb nh\u1ea5t c\u1ee7a nh\u00e0 Johnnie walker, ra m\u1eaft l\u1ea7n \u0111\u1ea7u ti\u00ean n\u0103m 1909 (Johnnie Walker Red Label \u0111\u01b0\u1ee3c bi\u1ebft \u0111\u1ebfn \u0111\u1ea7u ti\u00ean v\u1edbi t\u00ean Extra Special Old Highland Whisky, sau \u0111\u00f3 \u0111\u01b0\u1ee3c \u0111\u1ed5i th\u00e0nh Red label v\u00e0o n\u0103m 1909) \u0111\u1ec3 t\u1ea1o c\u1ea3m h\u1ee9ng cho m\u1ed9t th\u1ebf h\u1ec7 kh\u00e1ch h\u00e0ng m\u1edbi.\u00a0Johnnie Walker\u00a0Red Label\u00a0tuy l\u00e0 d\u00f2ng tr\u1ebb trung nh\u01b0ng\u00a0\u0111\u01b0\u1ee3c k\u1ebft h\u1ee3p t\u1eeb 35 lo\u1ea1i grain v\u00e0 malt whisky th\u01b0\u1ee3ng h\u1ea1ng t\u1ea1o cho ng\u01b0\u1eddi d\u00f9ng \u00edt nhi\u1ec1u th\u00fa v\u1ecb d\u01b0\u1edbi b\u00e0n tay t\u00e0i hoa c\u1ee7a nh\u00e0 pha ch\u1ebf Jim Beveridge.<\/p>\n<p>&nbsp;<\/p>\n","protected":false},"excerpt":{"rendered":"<p>M\u00e3 s\u1ea3n ph\u1ea9m: JOHN10<\/p>\n<p>Th\u01b0\u01a1ng hi\u1ec7u:Johnnie Walker<\/p>\n<p>Dung t\u00edch:750ml<\/p>\n<p>N\u1ed3ng \u0111\u1ed9:40%<\/p>\n","protected":false},"featured_media":495,"comment_status":"open","ping_status":"closed","template":"","meta":[],"_links":{"self":[{"href":"https:\/\/sammarco.vn\/index.php?rest_route=\/wp\/v2\/product\/494"}],"collection":[{"href":"https:\/\/sammarco.vn\/index.php?rest_route=\/wp\/v2\/product"}],"about":[{"href":"https:\/\/sammarco.vn\/index.php?rest_route=\/wp\/v2\/types\/product"}],"replies":[{"embeddable":true,"href":"https:\/\/sammarco.vn\/index.php?rest_route=%2Fwp%2Fv2%2Fcomments&post=494"}],"wp:featuredmedia":[{"embeddable":true,"href":"https:\/\/sammarco.vn\/index.php?rest_route=\/wp\/v2\/media\/495"}],"wp:attachment":[{"href":"https:\/\/sammarco.vn\/index.php?rest_route=%2Fwp%2Fv2%2Fmedia&parent=494"}],"curies":[{"name":"wp","href":"https:\/\/api.w.org\/{rel}","templated":true}]}}