{"id":484,"date":"2020-11-26T04:31:09","date_gmt":"2020-11-26T04:31:09","guid":{"rendered":"http:\/\/ruouvang.demoweb.fun\/?post_type=product&#038;p=484"},"modified":"2020-11-30T07:39:20","modified_gmt":"2020-11-30T07:39:20","slug":"ruou-johnnie-walker-blue-label-40-750cl-hop-don","status":"publish","type":"product","link":"https:\/\/sammarco.vn\/?product=ruou-johnnie-walker-blue-label-40-750cl-hop-don","title":{"rendered":"R\u01b0\u1ee3u Johnnie Walker Blue Label 40% 750cl ( H\u1ed9p \u0111\u01a1n) (6c\/th\u00f9ng)"},"content":{"rendered":"<div>\n<p><strong>M\u00e0u<\/strong>: v\u00e0ng h\u1ed5 ph\u00e1ch.<\/p>\n<p><strong>M\u00f9i<\/strong>: h\u01b0\u01a1ng th\u01a1m h\u00e0i h\u00f2a v\u00e0 c\u1ef1c k\u1ef3 c\u00e2n b\u1eb1ng, tho\u1ea3ng h\u01b0\u01a1ng kh\u00f3i v\u00e0 h\u01b0\u01a1ng th\u01a1m s\u00e2u l\u1eafng c\u1ee7a r\u01b0\u1ee3u sherry, nho kh\u00f4 v\u00e0 qu\u1ea3 h\u1ea1ch.<\/p>\n<p><strong>V\u1ecb<\/strong>: h\u01b0\u01a1ng v\u1ecb n\u1ed3ng n\u00e0o, s\u00e2u l\u1eafng, m\u1ea1nh li\u1ec7t c\u1ee7a s\u00f4c\u00f4la \u0111en, gia v\u1ecb, b\u00e1nh Dundee tho\u1ea3ng h\u01b0\u01a1ng g\u1ed7 s\u1ed3i v\u00e0 kh\u00f3i. D\u01b0 v\u1ecb c\u00e2n b\u1eb1ng, k\u00e9o d\u00e0i v\u1edbi h\u01b0\u01a1ng t\u1ea3o bi\u1ec3n Islay, h\u01b0\u01a1ng g\u1ed7 s\u1ed3i v\u01b0\u1eddn nho v\u00e0 h\u01b0\u01a1ng kh\u00f3i.<\/p>\n<\/div>\n<div id=\"productdescription\">\n<p class=\"p-content\">R\u01b0\u1ee3u\u00a0Johnnie Walker Blue Label\u00a0l\u00e0 d\u00f2ng s\u1ea3n ph\u1ea9m hi\u1ebfm nh\u1ea5t. Lo\u1ea1i whisky n\u00e0y kh\u00f4ng d\u00e0nh cho nh\u1eefng ng\u01b0\u1eddi m\u1edbi b\u1eaft \u0111\u1ea7u th\u01b0\u1edfng th\u1ee9c whisky b\u1edfi\u00a0Blue Label\u00a0mang \u0111\u1ebfn nhi\u1ec1u th\u1eed th\u00e1ch v\u1edbi h\u01b0\u01a1ng v\u1ecb \u0111\u1eb7c bi\u1ec7t nh\u01b0 th\u1ec3 m\u1ed9t qu\u00e0 t\u1eb7ng v\u00f4 gi\u00e1 cho cu\u1ed9c s\u1ed1ng.<\/p>\n<p class=\"p-content\">\u0110\u01b0\u1ee3c t\u1ea1o n\u00ean t\u1eeb nh\u1eefng lo\u1ea1i whisky hi\u1ebfm c\u00f3 v\u00e0 \u0111\u1eaft ti\u1ec1n nh\u1ea5t th\u1ebf gi\u1edbi,\u00a0Blue Label\u00a0mang nh\u1eefng \u0111\u1eb7c t\u00ednh v\u00e0 h\u01b0\u01a1ng v\u1ecb kh\u00e1c bi\u1ec7t v\u00e0 n\u1ed5i b\u1eadt, l\u00e0 m\u1ed9t s\u1ea3n ph\u1ea9m ti\u00eau bi\u1ec3u c\u1ee7a th\u1ebf k\u1ef7 19, x\u1ee9ng \u0111\u00e1ng v\u1edbi k\u1ef3 c\u00f4ng m\u00e0 John Walker v\u00e0 con trai \u00f4ng l\u00e0 Alexander \u0111\u00e3 ph\u00e1t tri\u1ec3n \u0111\u1ec3 ph\u1ee5c v\u1ee5 cho nh\u1eefng kh\u00e1ch h\u00e0ng qu\u00fd tr\u1ecdng.<\/p>\n<p><img decoding=\"async\" loading=\"lazy\" class=\"aligncenter wp-image-486 size-full\" src=\"http:\/\/ruouvang.demoweb.fun\/wp-content\/uploads\/2020\/11\/1-2.jpg\" alt=\"\" width=\"400\" height=\"299\" \/><\/p>\n<p class=\"p-content\">R\u01b0\u1ee3u Johnnie Walker Blue\u00a0v\u1edbi h\u01b0\u01a1ng v\u1ecb m\u1ea1nh m\u1ebd hi\u1ebfm c\u00f3 mang \u0111\u1ebfn cho ng\u01b0\u1eddi th\u01b0\u1edfng th\u1ee9c nh\u1eefng tr\u1ea3i nghi\u1ec7m m\u00e3nh li\u1ec7t. M\u1ed7i th\u00e0nh ph\u1ea9m \u0111\u01b0\u1ee3c xem nh\u01b0 m\u1ed9t m\u00f3n qu\u00e0 qu\u00fd b\u00e1u v\u1edbi nh\u1eefng s\u1ed1 hi\u1ec7u ri\u00eang bi\u1ec7t.<\/p>\n<p class=\"p-content\"><strong>C\u00e1ch th\u01b0\u1edfng th\u1ee9c<\/strong><\/p>\n<p class=\"p-content\">M\u1ed9t c\u00e1ch tuy\u1ec7t v\u1eddi nh\u01b0ng \u0111\u01a1n gi\u1ea3n \u0111\u1ec3 th\u01b0\u1edfng th\u1ee9c\u00a0Blue Label\u00a0l\u00e0 d\u00f9ng nguy\u00ean ch\u1ea5t trong, ho\u1eb7c d\u00f9ng v\u1edbi n\u01b0\u1edbc kho\u00e1ng c\u00f3 th\u00eam \u00edt \u0111\u00e1. Khi \u0111\u00f3, d\u00f9ng n\u01b0\u1edbc kho\u00e1ng v\u1edbi \u0111\u00e1 tr\u01b0\u1edbc, sau \u0111\u00f3 d\u00f9ng t\u1eeb t\u1eeb m\u1ed9t \u00edt n\u01b0\u1edbc v\u1edbi m\u1ed9t \u00edt r\u01b0\u1ee3u v\u00e0 t\u1eadn h\u01b0\u1edfng c\u1ea3m gi\u00e1c kho\u00e1i l\u1ea1c.<\/p>\n<p><img decoding=\"async\" loading=\"lazy\" class=\"aligncenter wp-image-487\" src=\"http:\/\/ruouvang.demoweb.fun\/wp-content\/uploads\/2020\/11\/2-2.jpg\" alt=\"\" width=\"400\" height=\"267\" \/><\/p>\n<p class=\"p-content\">\n<\/div>\n","protected":false},"excerpt":{"rendered":"<p>M\u00e3 s\u1ea3n ph\u1ea9m: JOHN07<\/p>\n<p>Xu\u1ea5t x\u1ee9: Scotland<\/p>\n<p>&nbsp;<\/p>\n","protected":false},"featured_media":485,"comment_status":"open","ping_status":"closed","template":"","meta":[],"_links":{"self":[{"href":"https:\/\/sammarco.vn\/index.php?rest_route=\/wp\/v2\/product\/484"}],"collection":[{"href":"https:\/\/sammarco.vn\/index.php?rest_route=\/wp\/v2\/product"}],"about":[{"href":"https:\/\/sammarco.vn\/index.php?rest_route=\/wp\/v2\/types\/product"}],"replies":[{"embeddable":true,"href":"https:\/\/sammarco.vn\/index.php?rest_route=%2Fwp%2Fv2%2Fcomments&post=484"}],"wp:featuredmedia":[{"embeddable":true,"href":"https:\/\/sammarco.vn\/index.php?rest_route=\/wp\/v2\/media\/485"}],"wp:attachment":[{"href":"https:\/\/sammarco.vn\/index.php?rest_route=%2Fwp%2Fv2%2Fmedia&parent=484"}],"curies":[{"name":"wp","href":"https:\/\/api.w.org\/{rel}","templated":true}]}}