{"id":478,"date":"2020-11-24T06:55:01","date_gmt":"2020-11-24T06:55:01","guid":{"rendered":"http:\/\/ruouvang.demoweb.fun\/?post_type=product&#038;p=478"},"modified":"2020-11-30T07:40:46","modified_gmt":"2020-11-30T07:40:46","slug":"ruou-johnnie-walker-gold-limited-40-75cl","status":"publish","type":"product","link":"https:\/\/sammarco.vn\/?product=ruou-johnnie-walker-gold-limited-40-75cl","title":{"rendered":"R\u01b0\u1ee3u Johnnie Walker Gold Limited  40% 75cl (12c\/th\u00f9ng)"},"content":{"rendered":"<p>Johnnie Walker Gold Label Reserve Limited Edition\u00a0l\u00e0 phi\u00ean b\u1ea3n\u0111\u1eb7c bi\u1ec7t c\u1ee7a Johnnie Walker Gold Label Reserve v\u1edbi ph\u1ea7n th\u00e2n\u00a0chai m\u1ea1 v\u00e0ng \u1ea5n t\u01b0\u1ee3ng, g\u1eafn li\u1ec1n v\u1edbi \u0111\u1ecbnh ngh\u0129a V\u00e0ng Son Ph\u00faQu\u00fd c\u1ee7a ng\u01b0\u1eddi Vi\u1ec7t Nam, s\u1ebd l\u00e0 s\u1ea3n ph\u1ea9m th\u00edch h\u1ee3p cho nh\u1eefng\u00a0d\u1ecbp \u0103n m\u1eebng \u0111\u1eb7c bi\u1ec7t v\u00e0 bi\u1ebfu t\u1eb7ng.<\/p>\n<p><img decoding=\"async\" loading=\"lazy\" class=\"aligncenter wp-image-479 size-full\" src=\"http:\/\/ruouvang.demoweb.fun\/wp-content\/uploads\/2020\/11\/Gold-Label-Reserve-limited-edition-bottle.jpg\" alt=\"\" width=\"1500\" height=\"694\" srcset=\"https:\/\/sammarco.vn\/wp-content\/uploads\/2020\/11\/Gold-Label-Reserve-limited-edition-bottle.jpg 1500w, https:\/\/sammarco.vn\/wp-content\/uploads\/2020\/11\/Gold-Label-Reserve-limited-edition-bottle-800x370.jpg 800w, https:\/\/sammarco.vn\/wp-content\/uploads\/2020\/11\/Gold-Label-Reserve-limited-edition-bottle-1400x648.jpg 1400w, https:\/\/sammarco.vn\/wp-content\/uploads\/2020\/11\/Gold-Label-Reserve-limited-edition-bottle-768x355.jpg 768w, https:\/\/sammarco.vn\/wp-content\/uploads\/2020\/11\/Gold-Label-Reserve-limited-edition-bottle-600x278.jpg 600w\" sizes=\"(max-width: 1500px) 100vw, 1500px\" \/><\/p>\n<p>C\u00f2n lo\u1ea1i\u00a0johnnie walker private collection\u00a0h\u00e0ng m\u1edbi s\u1ed1 l\u01b0\u1ee3ng c\u0169ng c\u00f3 h\u1ea1n m\u1eabu m\u00e3 \u0111\u1eb9p m\u00f9i v\u1ecb \u0111\u1eb7c s\u1eafc th\u1ea5m l\u00e2u. R\u1ea5t th\u00edch h\u1ee3p cho b\u1eeda t\u1ed1i tuy\u1ec7t v\u1eddi.<\/p>\n","protected":false},"excerpt":{"rendered":"<p><b>N\u1ed3ng \u0111\u1ed9:<\/b>\u00a040%<\/p>\n<p><b>Dung t\u00edch:<\/b>\u00a075Cl<\/p>\n<p><b>Xu\u1ea5t x\u1ee9:<\/b>\u00a0Scotland<\/p>\n","protected":false},"featured_media":480,"comment_status":"open","ping_status":"closed","template":"","meta":[],"_links":{"self":[{"href":"https:\/\/sammarco.vn\/index.php?rest_route=\/wp\/v2\/product\/478"}],"collection":[{"href":"https:\/\/sammarco.vn\/index.php?rest_route=\/wp\/v2\/product"}],"about":[{"href":"https:\/\/sammarco.vn\/index.php?rest_route=\/wp\/v2\/types\/product"}],"replies":[{"embeddable":true,"href":"https:\/\/sammarco.vn\/index.php?rest_route=%2Fwp%2Fv2%2Fcomments&post=478"}],"wp:featuredmedia":[{"embeddable":true,"href":"https:\/\/sammarco.vn\/index.php?rest_route=\/wp\/v2\/media\/480"}],"wp:attachment":[{"href":"https:\/\/sammarco.vn\/index.php?rest_route=%2Fwp%2Fv2%2Fmedia&parent=478"}],"curies":[{"name":"wp","href":"https:\/\/api.w.org\/{rel}","templated":true}]}}