{"id":474,"date":"2020-11-26T11:10:06","date_gmt":"2020-11-26T11:10:06","guid":{"rendered":"http:\/\/ruouvang.demoweb.fun\/?post_type=product&#038;p=474"},"modified":"2020-11-30T07:37:43","modified_gmt":"2020-11-30T07:37:43","slug":"ruou-johnnie-walker-gold-reserve-40-750cl","status":"publish","type":"product","link":"https:\/\/sammarco.vn\/?product=ruou-johnnie-walker-gold-reserve-40-750cl","title":{"rendered":"R\u01b0\u1ee3u Johnnie Walker Gold Reserve 40% 750cl (12c\/th\u00f9ng)"},"content":{"rendered":"<p>Phi\u00ean b\u1ea3n \u0111\u1eb7c bi\u1ec7t r\u01b0\u1ee3u Johnnie Walker Gold Label Reserve Limited Edition v\u1edbi m\u00e0u v\u00e0ng sang tr\u1ecdng \u0111\u01b0\u1ee3c v\u00ed nh\u01b0 m\u00f3n qu\u00e0 v\u00e0ng son ph\u00fa qu\u00fd v\u00e0o nh\u1eefng ng\u00e0y t\u1ebft c\u1ee7a ng\u01b0\u1eddi Vi\u1ec7t Nam. H\u00e3y c\u00f9ng t\u00ecm hi\u1ec3u v\u1ec1 lo\u1ea1i r\u01b0\u1ee3u n\u00e0y trong b\u00e0i vi\u1ebft d\u01b0\u1edbi \u0111\u00e2y.<\/p>\n<h2>R\u01b0\u1ee3u Johnnie Walker Gold Label Reserve Limited Edition<\/h2>\n<p>Lo\u1ea1i r\u01b0\u1ee3u Johnnie Walker Gold Label Reserve Limited Edition l\u00e0 phi\u00ean b\u1ea3n \u0111\u1eb7c bi\u1ec7t \u0111\u01b0\u1ee3c thi\u1ebft k\u1ebf v\u1edbi v\u1ecf chai m\u00e0u nh\u0169 v\u00e0ng. \u0110\u1ea7u n\u0103m 2019 r\u01b0\u1ee3u \u0111\u01b0\u1ee3c nh\u1eadp kh\u1ea9u v\u00e0 ph\u00e2n ph\u1ed1i tr\u1ef1c ti\u1ebfp t\u1ea1i Vi\u1ec7t Nam b\u1edfi Diageo, th\u00f4ng qua c\u00e1c showroom v\u00e0 \u0111\u1ea1i l\u00fd b\u00e1n r\u01b0\u1ee3u.<\/p>\n<p>R\u01b0\u1ee3u Johnnie Walker Gold Label phi\u00ean b\u1ea3n gi\u1edbi h\u1ea1n \u0111\u01b0\u1ee3c pha tr\u1ed9n b\u1edfi nhi\u1ec1u lo\u1ea1i Whisky qu\u00fd hi\u1ebfm l\u00e2u n\u0103m. C\u00e1c lo\u1ea1i r\u01b0\u1ee3u pha tr\u1ed9n c\u0169ng \u0111\u01b0\u1ee3c l\u1ef1a ch\u1ecdn k\u1ef9 l\u01b0\u1ee1ng trong kho t\u00e0ng r\u01b0\u1ee3u qu\u00fd c\u1ea5t gi\u1eef nhi\u1ec1u n\u0103m c\u1ee7a h\u00e3ng Johnnie Walker. \u0110\u01b0\u1ee3c pha ch\u1ebf m\u1ed9t c\u00e1ch kh\u00e9o l\u00e9o v\u00e0 \u0111\u01b0\u1ee3c \u1ee7 18 n\u0103m tr\u01b0\u1edbc khi \u0111\u00f3ng chai b\u1edfi b\u1eadc th\u1ea5y pha ch\u1ebf c\u1ee7a Johnnie Wlaker.<\/p>\n<p>L\u00e0 phi\u00ean b\u1ea3n \u0111\u1eb7c bi\u1ec7t, r\u01b0\u1ee3u , Johnnie Walker Gold Label Reserve Limited Edition \u0111\u01b0\u1ee3c \u0111\u00f3ng can d\u1ea5u v\u00e0ng b\u1ea3o ch\u1ee9ng ch\u1ea5t l\u01b0\u1ee3ng l\u00ean m\u1ed7i chai r\u01b0\u1ee3u xu\u1ea5t x\u01b0\u1edfng.<\/p>\n<p>S\u1ef1 tinh t\u1ebf c\u1ee7a chai r\u01b0\u1ee3u Johnnie Walker m\u00e0u v\u00e0ng phi\u1ec3n b\u1ea3n gi\u1edbi h\u1ea1n c\u00f3 th\u1ec3 mang l\u1ea1i cho ng\u01b0\u1eddi th\u01b0\u1edfng th\u1ee9c ch\u1ec9 c\u00f3 tr\u00ean r\u1ea5t \u00edt c\u00e1c lo\u1ea1i Whisky hi\u1ec7n nay. H\u01b0\u01a1ng v\u1ecb tao nh\u00e3, n\u1ed5i b\u1eadt l\u00e0 m\u1eadt ong r\u1eebng v\u00e0 tr\u00e1i c\u00e2y mang l\u1ea1i c\u1ea3m h\u1ee9ng v\u00e0 ni\u1ec1m vui th\u00edch b\u1ea5t t\u1eadn cho ng\u01b0\u1eddi th\u01b0\u1edfng th\u1ee9c.<\/p>\n<p>M\u00f3n qu\u00e0 t\u1ebft Johnnie Walker Gold Label Reserve Limited Edition l\u00e0 m\u00f3n qu\u00e0 \u00fd ngh\u0129a \u0111\u00ea t\u1eb7ng ng\u01b0\u1eddi th\u00e2n, \u0111\u1ed1i t\u00e1c v\u1edbi l\u1eddi ch\u00fac An Khang Th\u1ecbnh V\u01b0\u1ee3ng.<\/p>\n<h2>H\u01b0\u01a1ng v\u1ecb c\u1ee7a r\u01b0\u1ee3u Johnnie Walker Gold Label Reserve Limited<\/h2>\n<p>Dung t\u00edch: 750 ml<\/p>\n<p>N\u1ed3ng \u0111\u1ed9: 40 %<\/p>\n<p>M\u00e0u r\u01b0\u1ee3u: V\u00e0ng h\u1ed5 ph\u00e1ch<\/p>\n<p>M\u00f9i : h\u01b0\u01a1ng M\u1eadt ong ng\u1ecdt l\u1ecbm, H\u01b0\u01a1ng v\u1ecb Tr\u00e1i c\u00e2y nh\u1eb9 nh\u00e0ng k\u1ebft h\u1ee3p h\u01b0\u01a1ng th\u01a1m n\u1ed3ng \u1ea5m m\u1ea1nh m\u1ebd c\u1ee7a g\u1ed7 S\u1ed3i thi tho\u1ea3ng h\u01b0\u01a1ng kh\u00f3i.<\/p>\n<p>V\u1ecb : H\u01b0\u01a1ng v\u1ecb \u00eam d\u1ecbu c\u1ee7a Kem, thanh nh\u00e3 c\u1ee7a Qu\u1ea3 h\u1ea1ch v\u00e0 l\u1eafng \u0111\u1ecdng v\u1edbi v\u1ecb M\u1eadt, \u00eam \u00e1i l\u00e0m say \u0111\u1eafm l\u00f2ng ng\u01b0\u1eddi<\/p>\n<h2>C\u00e1ch th\u01b0\u1edfng th\u1ee9c r\u01b0\u1ee3u Johnnie Walker Gold Label Reserve Limited Edition<\/h2>\n<p>D\u00f9ng tr\u1ef1c ti\u1ebfp: u\u1ed1ng r\u01b0\u1ee3u tr\u1ef1c ti\u1ebfp sau khi m\u1edf n\u1eafp chai<\/p>\n<p>Th\u00eam \u00edt n\u01b0\u1edbc: v\u00e0i gi\u1ecdt n\u01b0\u1edbc \u0111\u1ec3 r\u01b0\u1ee3u bung t\u1ecfa h\u01b0\u01a1ng v\u1ecb<\/p>\n<p>Th\u00eam \u00edt \u0111\u00e1: h\u01b0\u01a1ng v\u1ecb r\u01b0\u1ee3u s\u1ebd m\u1ea1nh m\u1ebd h\u01a1n khi u\u1ed1ng chung v\u1edbi \u0111\u00e1.<\/p>\n<p>Ngo\u00e0i ra, r\u01b0\u1ee3u Johnnie Walker Gold Label Limited Edition c\u00f2n c\u00f3 th\u1ec3 pha ch\u1ebf c\u00e1c lo\u1ea1i cocktail ngon tuy\u1ec7t v\u1eddi. Ch\u1ec9 c\u1ea7n v\u00e0i b\u01b0\u1edbc \u0111\u01a1n gi\u1ea3n l\u00e0 b\u1ea1n \u0111\u00e3 c\u00f3 ngay m\u1ed9t ly Johnnie Walker Gold Label Reserve Limited \u0111\u1ec3 th\u01b0\u1edfng th\u1ee9c r\u1ed3i. \u0110\u1eebng qu\u00ean u\u1ed1ng r\u01b0\u1ee3u ph\u1ea3i u\u1ed1ng c\u00f9ng ng\u01b0\u1eddi th\u00e2n v\u00e0 b\u1ea1n tri k\u1ec9 nh\u00e9. Nh\u01b0 v\u1eady s\u1ebd gi\u00fap t\u00ecnh c\u1ea3m v\u00e0 m\u1ed1i quan h\u1ec7 c\u1ee7a b\u1ea1n g\u1eafn b\u00f3 h\u01a1n.<\/p>\n","protected":false},"excerpt":{"rendered":"<p>M\u00e3 s\u1ea3n ph\u1ea9m: JOHN04<\/p>\n<p>Dung t\u00edch: 750 ml<\/p>\n<p>N\u1ed3ng \u0111\u1ed9: 40 %<\/p>\n<p>M\u00e0u r\u01b0\u1ee3u: V\u00e0ng h\u1ed5 ph\u00e1ch<\/p>\n","protected":false},"featured_media":475,"comment_status":"open","ping_status":"closed","template":"","meta":[],"_links":{"self":[{"href":"https:\/\/sammarco.vn\/index.php?rest_route=\/wp\/v2\/product\/474"}],"collection":[{"href":"https:\/\/sammarco.vn\/index.php?rest_route=\/wp\/v2\/product"}],"about":[{"href":"https:\/\/sammarco.vn\/index.php?rest_route=\/wp\/v2\/types\/product"}],"replies":[{"embeddable":true,"href":"https:\/\/sammarco.vn\/index.php?rest_route=%2Fwp%2Fv2%2Fcomments&post=474"}],"wp:featuredmedia":[{"embeddable":true,"href":"https:\/\/sammarco.vn\/index.php?rest_route=\/wp\/v2\/media\/475"}],"wp:attachment":[{"href":"https:\/\/sammarco.vn\/index.php?rest_route=%2Fwp%2Fv2%2Fmedia&parent=474"}],"curies":[{"name":"wp","href":"https:\/\/api.w.org\/{rel}","templated":true}]}}