{"id":467,"date":"2020-11-24T02:46:19","date_gmt":"2020-11-24T02:46:19","guid":{"rendered":"http:\/\/ruouvang.demoweb.fun\/?post_type=product&#038;p=467"},"modified":"2020-11-24T02:54:53","modified_gmt":"2020-11-24T02:54:53","slug":"ruou-johnnie-black-label-40-3-lit","status":"publish","type":"product","link":"https:\/\/sammarco.vn\/?product=ruou-johnnie-black-label-40-3-lit","title":{"rendered":"R\u01b0\u1ee3u Johnnie Black Label 40%- 3 L\u00edt"},"content":{"rendered":"<p><strong>R\u01af\u1ee2U JOHNNIE WALKER BLACK LABEL 3 L\u00cdT :<\/strong><\/p>\n<p>&#8211; M\u1ed9t th\u01b0\u01a1ng hi\u1ec7u \u0111\u00e3 t\u1eebng \u0111o\u1ea1t nhi\u1ec1u gi\u1ea3i th\u01b0\u1edfng danh gi\u00e1 tr\u00ean Th\u1ebf gi\u1edbi t\u1eeb nh\u1eefng n\u0103m 1860 cho \u0111\u1ebfn h\u00f4m nay , m\u1ed9t s\u1ea3n ph\u1ea9m \u0111\u01b0\u1ee3c c\u00e1c chuy\u00ean gia v\u1ec1 \u0111\u1ed3 u\u1ed1ng c\u00f4ng nh\u1eadn l\u00e0 chu\u1ea9n m\u1ef1c c\u1ee7a d\u00f2ng Whisky cao c\u1ea5p , m\u1ed9t bi\u1ec3u t\u01b0\u1ee3ng c\u1ee7a nh\u1eefng g\u00ec \u0111\u1ec9nh nh\u1ea5t c\u1ee7a Scotch Whisky _ \u0110\u00f3 ch\u00ednh l\u00e0 Black Label , v\u1edbi h\u01b0\u01a1ng v\u1ecb s\u00e2u l\u1eafng v\u00e0 ph\u1ee9c c\u1ea3m , m\u1ed9t d\u00f2ng s\u1ea3n ph\u1ea9m sang tr\u1ecdng bi\u1ec3u tr\u01b0ng cho s\u1ee9c m\u1ea1nh v\u00e0 s\u1ef1 tao nh\u00e3 v\u1edbi nh\u1eefng \u0111\u1eb7c t\u00ednh ho\u00e0n to\u00e0n ri\u00eang bi\u1ec7t<\/p>\n<p><strong>&#8211; R\u01b0\u1ee3u Johhnnie Walker Black Label dung t\u00edch 3 L\u00edt<\/strong>\u00a0l\u00e0 k\u1ebft qu\u1ea3 c\u1ee7a s\u1ef1 k\u1ebft h\u1ee3p k\u1ef3 di\u1ec7u c\u1ee7a 40 lo\u1ea1i r\u01b0\u1ee3u Whisky nguy\u00ean li\u1ec7u kh\u00e1c nhau \u0111\u01b0\u1ee3c ch\u01b0ng c\u1ea5t t\u1eeb nhi\u1ec1u v\u00f9ng kh\u1eafp \u0111\u1ea5t n\u01b0\u1edbc Scotland , m\u1ed7i lo\u1ea1i \u0111\u1ec1u mang \u0111\u1eadm n\u00e9t \u0111\u1ed9c \u0111\u00e1o v\u00e0 c\u00e1 t\u00ednh cho Black Label _ M\u1ed9t th\u1ee9c u\u1ed1ng ho\u00e0n to\u00e0n x\u1ee9ng \u0111\u00e1ng cho nh\u1eefng cu\u1ed9c tr\u00f2 chuy\u1ec7n th\u00fa v\u1ecb b\u00ean nh\u1eefng ng\u01b0\u1eddi b\u1ea1n tuy\u1ec7t v\u1eddi<\/p>\n<p>&#8211; Black Label tinh t\u1ebf v\u00e0 \u0111\u1eadm \u0111\u00e0 , nh\u1eefng h\u01b0\u01a1ng v\u1ecb h\u00f2a quy\u1ec7n mang \u0111\u1ebfn nh\u1eefng c\u1ea3m gi\u00e1c v\u01b0\u1ee3t xa c\u1ea3 s\u1ef1 mong \u0111\u1ee3i<\/p>\n<p>&#8211; Johnnie Walker \u0110en s\u1ebd l\u00e0 m\u00f3n qu\u00e0 tuy\u1ec7t v\u1eddi cho nh\u1eefng ai mu\u1ed1n th\u1eaft ch\u1eb7t t\u00ecnh th\u00e2n _ H\u00e3y \u0111\u1ec3 Black Label thay l\u1eddi ch\u00fac tr\u00e2n th\u00e0nh nh\u1ea5t nh\u00e2n d\u1ecbp n\u0103m m\u1edbi g\u1eedi t\u1edbi ng\u01b0\u1eddi th\u00e2n , b\u1ea1n b\u00e8 v\u00e0 \u0111\u1ed3ng nghi\u1ec7p \u0111\u00e3 c\u00f9ng b\u1ea1n t\u1ea1o d\u1ef1ng nh\u1eefng th\u00e0nh c\u00f4ng<\/p>\n<p><strong>\u1eb6C \u0110I\u1ec2M C\u1ee6A JOHNNIE WALKER BLACK LABEL 3 L\u00cdT :<\/strong><\/p>\n<p><strong>T\u00ean s\u1ea3n ph\u1ea9m :<\/strong>\u00a0Johnnie Walker Black Label 3 L\u00edt<\/p>\n<p><strong>Dung t\u00edch :<\/strong>\u00a03 L\u00edt<\/p>\n<p><strong>N\u1ed3ng \u0111\u1ed9 :<\/strong>\u00a040 %<\/p>\n<p><strong>M\u1ea7u s\u1eafc :<\/strong>\u00a0V\u00e0ng h\u1ed5 ph\u00e1ch<\/p>\n<p><strong>Quy c\u00e1ch :<\/strong>\u00a03 Chai\/ Th\u00f9ng<\/p>\n<p><strong>Ngu\u1ed3n g\u1ed1c xu\u1ea5t x\u1ee9 :<\/strong>\u00a0H\u00e0ng do Diageo l\u00e0 ch\u1ee7 s\u1edf h\u1eefu c\u1ee7a th\u01b0\u1ee3ng hi\u1ec7u Johnnie Walker nh\u1eadp kh\u1ea9u v\u00e0 ph\u00e2n ph\u1ed1i<\/p>\n<p><strong>M\u00f9i :<\/strong>\u00a0M\u00f9i h\u01b0\u01a1ng c\u1ee7a Kh\u00f3i cay , h\u00f2a tr\u1ed9n v\u1edbi m\u00f9i Nho kh\u00f4 ng\u1ecdt ng\u00e0o , m\u00f9i th\u01a1m c\u1ee7a Cam ch\u00edn<\/p>\n<p><strong>V\u1ecb :<\/strong>\u00a0V\u1ecb k\u00edch th\u00edch , ng\u1ecdt d\u1ecbu t\u1ef1 nhi\u00ean , n\u1ed3ng n\u00e0n c\u1ee7a M\u1ea1ch nha , ng\u0169 c\u1ed1c v\u00e0 Vanilia . D\u01b0 v\u1ecb \u1ea5p \u00e1p , k\u00e9o d\u00e0i v\u00e0 \u0111\u00e1ng nh\u1edb<\/p>\n<p><strong>C\u00e1ch th\u01b0\u1edfng th\u1ee9c :<\/strong>\u00a0C\u00e1ch c\u1ed5 \u0111i\u1ec3n \u0111\u1ec3 th\u01b0\u1edfng th\u1ee9c Black Label l\u00e0 d\u00f9ng v\u1edbi nhi\u1ec1u \u0111\u00e1 gi\u00fap lan t\u1ecfa nhi\u1ec1u h\u01b0\u01a1ng th\u01a1m kh\u00e1c nhau . Black Label c\u0169ng c\u00f3 th\u1ec3 \u0111\u01b0\u1ee3c d\u00f9ng nguy\u00ean ch\u1ea5t ho\u1eb7c pha chung v\u1edbi r\u01b0\u1ee3u G\u1eebng<\/p>\n","protected":false},"excerpt":{"rendered":"<p class=\"product_desc\">Dung T\u00edch:\u00a03 L\u00edt , 3 Chai\/ Th\u00f9ng<\/p>\n<p class=\"product_desc\">N\u1ed3ng \u0110\u1ed9:\u00a040 % , H\u00e0ng do Diageo Vi\u1ec7t Nam nh\u1eadp kh\u1ea9u<\/p>\n","protected":false},"featured_media":469,"comment_status":"open","ping_status":"closed","template":"","meta":[],"_links":{"self":[{"href":"https:\/\/sammarco.vn\/index.php?rest_route=\/wp\/v2\/product\/467"}],"collection":[{"href":"https:\/\/sammarco.vn\/index.php?rest_route=\/wp\/v2\/product"}],"about":[{"href":"https:\/\/sammarco.vn\/index.php?rest_route=\/wp\/v2\/types\/product"}],"replies":[{"embeddable":true,"href":"https:\/\/sammarco.vn\/index.php?rest_route=%2Fwp%2Fv2%2Fcomments&post=467"}],"wp:featuredmedia":[{"embeddable":true,"href":"https:\/\/sammarco.vn\/index.php?rest_route=\/wp\/v2\/media\/469"}],"wp:attachment":[{"href":"https:\/\/sammarco.vn\/index.php?rest_route=%2Fwp%2Fv2%2Fmedia&parent=467"}],"curies":[{"name":"wp","href":"https:\/\/api.w.org\/{rel}","templated":true}]}}