{"id":364,"date":"2020-11-23T02:41:43","date_gmt":"2020-11-23T02:41:43","guid":{"rendered":"http:\/\/ruouvang.demoweb.fun\/?post_type=product&#038;p=364"},"modified":"2020-11-30T07:27:45","modified_gmt":"2020-11-30T07:27:45","slug":"ruou-ballantines-21yo-40-700cl","status":"publish","type":"product","link":"https:\/\/sammarco.vn\/?product=ruou-ballantines-21yo-40-700cl","title":{"rendered":"R\u01b0\u1ee3u Ballantine&#8217;s 21YO 40%- 700cl (6c\/th\u00f9ng)"},"content":{"rendered":"<p>\u0110i\u1ec3m kh\u00e1c bi\u1ec7t c\u1ee7a R\u01b0\u1ee3u Ballantines 21 \u2013 H\u00e0ng x\u00e1ch tay Ch\u00e2u \u00c2u l\u00e0 c\u00f3\u00a0<strong>s\u1ed1 Seri<\/strong>\u00a0c\u1ee7a chai r\u01b0\u1ee3u tr\u00ean \u0111\u1ea7u chai v\u00e0 Nh\u00e3n ch\u00ednh tr\u00ean th\u00e2n chai r\u01b0\u1ee3u kh\u00f4ng c\u00f3 d\u00f2ng ch\u1eef \u201c<strong><em>Singapo Duty Not Paid<\/em><\/strong>\u201c. Ballantines 21 n\u0103m , phi\u00ean b\u1ea3n m\u1edbi ra m\u1eaft trong m\u1ed9t h\u1ed9p Carton m\u1ea7u tr\u1eafng , N\u1eafp r\u1eddi m\u1edf ra t\u1eeb ph\u00eda tr\u00ean , Y\u1ebfu t\u1ed1 \u00e9p V\u00e0ng kim lo\u1ea1i th\u00eam v\u00e0o c\u1ea3m gi\u00e1c sang tr\u1ecdng v\u00e0 tinh t\u1ebf.<\/p>\n<p><img decoding=\"async\" loading=\"lazy\" class=\"aligncenter wp-image-463 size-full\" src=\"http:\/\/ruouvang.demoweb.fun\/wp-content\/uploads\/2020\/11\/Ruou-ballantines-21-1-768x568-1.jpg\" alt=\"\" width=\"768\" height=\"568\" srcset=\"https:\/\/sammarco.vn\/wp-content\/uploads\/2020\/11\/Ruou-ballantines-21-1-768x568-1.jpg 768w, https:\/\/sammarco.vn\/wp-content\/uploads\/2020\/11\/Ruou-ballantines-21-1-768x568-1-541x400.jpg 541w, https:\/\/sammarco.vn\/wp-content\/uploads\/2020\/11\/Ruou-ballantines-21-1-768x568-1-600x444.jpg 600w\" sizes=\"(max-width: 768px) 100vw, 768px\" \/><\/p>\n<p><img decoding=\"async\" loading=\"lazy\" class=\"aligncenter wp-image-464 size-full\" src=\"http:\/\/ruouvang.demoweb.fun\/wp-content\/uploads\/2020\/11\/Ruou-ballantines-21-3-768x568-1.jpg\" alt=\"\" width=\"768\" height=\"568\" srcset=\"https:\/\/sammarco.vn\/wp-content\/uploads\/2020\/11\/Ruou-ballantines-21-3-768x568-1.jpg 768w, https:\/\/sammarco.vn\/wp-content\/uploads\/2020\/11\/Ruou-ballantines-21-3-768x568-1-541x400.jpg 541w, https:\/\/sammarco.vn\/wp-content\/uploads\/2020\/11\/Ruou-ballantines-21-3-768x568-1-600x444.jpg 600w\" sizes=\"(max-width: 768px) 100vw, 768px\" \/><\/p>\n<p>Tho\u00e1t kh\u1ecfi t\u00f4ng xanh lam c\u1ed5 \u0111i\u1ec3n truy\u1ec1n th\u1ed1ng v\u1ed1n \u0111\u01b0\u1ee3c coi l\u00e0 \u0111\u1eb7c tr\u01b0ng c\u1ee7a Th\u01b0\u01a1ng hi\u1ec7u Ballantines , v\u1ebb ngo\u00e0i n\u1ed5i b\u1eadt m\u1edbi s\u1ebd \u0111\u1ea3m b\u1ea3o t\u00ednh thu h\u00fat t\u1ed1i \u0111a nh\u1eefng \u00e1nh nh\u00ecn \u0111\u1ea7u ti\u00ean tr\u00ean k\u1ec7 tr\u01b0ng b\u00e0y cho Ballantines 21 n\u0103m .\u00a0<strong>Gi\u00e1 r\u01b0\u1ee3u Ballantine\u2019s 21<\/strong>\u00a0\u00a0l\u00e0 \u00a01.700.000 VN\u0110 t\u1ea1i thegioiwhisky.com<\/p>\n<p><strong>R\u01b0\u1ee3u Ballantine\u2019s 21<\/strong>\u00a0\u0111\u00e3 ghi d\u1ea5u trong l\u00f2ng Ng\u01b0\u1eddi ti\u00eau d\u00f9ng Vi\u1ec7t Nam t\u1eeb nhi\u1ec1u n\u0103m nay v\u00e0 l\u00e0 m\u1ed9t trong nh\u1eefng l\u1ef1a ch\u1ecdn h\u00e0ng \u0111\u1ea7u c\u1ee7a ng\u01b0\u1eddi s\u00e0nh r\u01b0\u1ee3u t\u1ea1i Vi\u1ec7t nam. R\u01b0\u1ee3u Ballantine\u2019s 21 th\u00edch h\u1ee3p s\u1eed d\u1ee5ng trong nh\u1eefng B\u1eefa ti\u1ec7c sang tr\u1ecdng, c\u00e1c Cu\u1ed9c vui sum h\u1ecdp b\u1ea1n b\u00e8, l\u00e0m Qu\u00e0 bi\u1ebfu cho Ng\u01b0\u1eddi th\u00e2n ho\u1eb7c c\u00e1c \u0110\u1ed1i t\u00e1c l\u00e0m \u0103n<\/p>\n<p>B\u1ea1n s\u1ebd c\u00f3 nh\u1eefng h\u1ee9a h\u1eb9n tr\u1ea3i nghi\u1ec7m v\u1ec1 r\u01b0\u1ee3u Whisky v\u00f4 c\u00f9ng th\u00fa v\u1ecb khi \u0111\u00e3 m\u1ed9t l\u1ea7n th\u01b0\u1edfng th\u1ee9c d\u00f2ng s\u1ea3n ph\u1ea9m cao c\u1ea5p n\u00e0y.<\/p>\n<p>V\u1edbi h\u00ecnh d\u00e1ng chai tr\u00f2n c\u1ed5 \u0111i\u1ec3n \u0111\u1eb7c tr\u01b0ng c\u1ee7a nh\u00e3n h\u00e0ng Ballantine\u2019s n\u1ed5i ti\u1ebfng xu\u1ea5t x\u1ee9 t\u1eeb Scotland. Nh\u01b0ng s\u1ef1 kh\u00e1c bi\u1ec7t c\u1ee7a\u00a0<strong>Ballantine\u2019s 21<\/strong>\u00a0n\u1eb1m \u1edf h\u01b0\u01a1ng v\u1ecb kh\u00f3i \u0111\u1ecdng l\u1ea1i r\u1ea5t l\u00e2u tr\u00ean \u0111\u1ea7u l\u01b0\u1ee1i h\u00f2a tr\u1ed9n v\u1ecb cay d\u1eef d\u1ed9i h\u01a1n c\u00f9ng s\u1ef1 th\u00f4m n\u1ed3ng c\u1ee7a g\u1ed7 S\u1ed3i c\u1ed5 th\u1ee5. Ballantine\u2019s c\u00f3 c\u00e1i v\u1ecb ng\u1ecdt m\u00e0 kh\u00f4ng ph\u1ea3i v\u1ecb ng\u1ecdt c\u1ee7a \u0111\u01b0\u1eddng hay m\u00eda, m\u00e0 l\u00e0\u00a0mang trong m\u00ecnh v\u1ecb ng\u1ecdt tr\u00e1i c\u00e2y t\u1ef1 nhi\u00ean, \u0111\u00e2y c\u0169ng ch\u00ednh l\u00e0 b\u00ed quy\u1ebft c\u1ee7a gia \u0111\u00ecnh nh\u00e0 Ballantine\u2019s.<\/p>\n<p>Ballantine\u2019s 21 n\u0103m v\u1edbi h\u01b0\u01a1ng v\u1ecb nguy\u00ean ch\u1ea5t, thanh l\u1ecbch, n\u00f3 s\u1ebd khi\u1ebfn nh\u1eefng ai c\u00f3 phong c\u00e1ch s\u1ed1ng hi\u1ec7n \u0111\u1ea1i ph\u1ea3i h\u00e0i l\u00f2ng. T\u1eebng gi\u1ecdt r\u01b0\u1ee3u m\u00e0u v\u00e0ng mang h\u01b0\u01a1ng v\u1ecb ho\u00e0n h\u1ea3o kh\u00f4ng ch\u00fat khi\u1ebfm khuy\u1ebft Ballantine\u2019s 21 n\u0103m ch\u00ednh l\u00e0 th\u00e0nh qu\u1ea3 c\u1ee7a c\u1ea3 m\u1ed9t qu\u00e1 tr\u00ecnh pha tr\u1ed9n \u0111\u1ea7y ph\u1ee9c t\u1ea1p t\u1eeb m\u1ea1ch nha v\u00e0 ng\u0169 c\u1ed1c, t\u1eebng nguy\u00ean li\u1ec7u \u0111\u01b0\u1ee3c l\u1ef1a ch\u1ecdn k\u1ef9 l\u01b0\u1ee1ng, t\u1ea5t c\u1ea3 \u0111\u1ec1u \u0111\u01b0\u1ee3c \u1ee7 trong th\u1eddi gian r\u1ea5t l\u00e2u. Hai m\u00f9i h\u01b0\u01a1ng \u0111\u1eb7c tr\u01b0ng c\u1ee7a m\u1ea1ch nha x\u1ee9 Miltonduff v\u00e0 Glenburgie mang \u0111\u1ebfn cho Ballantine\u2019s 21 n\u0103m v\u1ecb chocolate, t\u00e1o \u0111\u1ecf v\u00e0 vannilla \u0111\u1eb7c bi\u1ec7t. \u00a0H\u01b0\u01a1ng v\u1ecb hi\u1ec7n \u0111\u1ea1i\u00a0v\u00e0\u00a0h\u00ecnh d\u00e1ng c\u1ed5 \u0111i\u1ec3n c\u1ee7a\u00a0<strong>chai r\u01b0\u1ee3u Ballantine\u2019s<\/strong>\u00a0ph\u00f9 h\u1ee3p cho t\u1ea5t c\u1ea3 kh\u00e1ch h\u00e0ng \u00a0d\u00f9 l\u00e0 kh\u00f3 t\u00ednh.<\/p>\n<p>Ballantine\u2019s 21 n\u0103m s\u1ef1 pha tr\u1ed9n m\u1ed9t c\u00e1ch s\u00e0nh \u0111i\u1ec7u v\u00e0 ho\u00e0n to\u00e0n x\u1ee9ng \u0111\u00e1ng \u0111\u1ec3 th\u01b0\u1edfng th\u1ee9c. B\u1ea1n c\u00f3 th\u1ec3 d\u00f9ng nguy\u00ean ch\u1ea5t ho\u1eb7c th\u00eam v\u00e0o \u0111\u00f3 v\u00e0i vi\u00ean \u0111\u00e1 Ballantine\u2019s s\u1ebd khi\u1ebfn b\u1ea1n c\u00f3 m\u1ed9t bu\u1ed5i t\u1ed1i ho\u00e0n to\u00e0n tho\u1ea3i m\u00e1i, th\u01b0 gi\u00e3n v\u00e0 vui v\u1ebb.<\/p>\n","protected":false},"excerpt":{"rendered":"<p>\u2013 Dung t\u00edch : 700 ml<br \/>\n\u2013 N\u1ed3ng \u0111\u1ed9 : 40 %<br \/>\n\u2013 Quy c\u00e1ch : 12 Chai \/\u00a0Th\u00f9ng<br \/>\n\u2013 Xu\u1ea5t x\u1ee9 t\u1ea1i Scotland<\/p>\n","protected":false},"featured_media":365,"comment_status":"open","ping_status":"closed","template":"","meta":[],"_links":{"self":[{"href":"https:\/\/sammarco.vn\/index.php?rest_route=\/wp\/v2\/product\/364"}],"collection":[{"href":"https:\/\/sammarco.vn\/index.php?rest_route=\/wp\/v2\/product"}],"about":[{"href":"https:\/\/sammarco.vn\/index.php?rest_route=\/wp\/v2\/types\/product"}],"replies":[{"embeddable":true,"href":"https:\/\/sammarco.vn\/index.php?rest_route=%2Fwp%2Fv2%2Fcomments&post=364"}],"wp:featuredmedia":[{"embeddable":true,"href":"https:\/\/sammarco.vn\/index.php?rest_route=\/wp\/v2\/media\/365"}],"wp:attachment":[{"href":"https:\/\/sammarco.vn\/index.php?rest_route=%2Fwp%2Fv2%2Fmedia&parent=364"}],"curies":[{"name":"wp","href":"https:\/\/api.w.org\/{rel}","templated":true}]}}