{"id":361,"date":"2020-11-23T02:37:39","date_gmt":"2020-11-23T02:37:39","guid":{"rendered":"http:\/\/ruouvang.demoweb.fun\/?post_type=product&#038;p=361"},"modified":"2020-11-24T01:28:05","modified_gmt":"2020-11-24T01:28:05","slug":"ruou-ballantines-17yo-40-700cl","status":"publish","type":"product","link":"https:\/\/sammarco.vn\/?product=ruou-ballantines-17yo-40-700cl","title":{"rendered":"R\u01b0\u1ee3u Ballantine&#8217;s 17YO 40%- 700cl"},"content":{"rendered":"<p><strong>Ballantine&#8217;s 17 YO<\/strong>\u00a0l\u00e0 m\u1ed9t trong nh\u1eefng s\u1ea3n ph\u1ea9m cao c\u1ea5p c\u1ee7a d\u00f2ng\u00a0<strong>whisky<\/strong>\u00a0<strong>Ballantine&#8217;s<\/strong>. \u0110\u00e2y l\u00e0 s\u1ea3n ph\u1ea9m \u0111\u01b0\u1ee3c k\u1ebft h\u1ee3p m\u1ed9t c\u00e1ch t\u1ec9 m\u1ec9 c\u1ee7a nhi\u1ec1u lo\u1ea1i\u00a0<strong>whisk<\/strong><strong>y<\/strong>\u00a0m\u1ea1ch nha v\u00e0 ng\u0169 c\u1ed1c \u0111\u01b0\u1ee3c l\u1ea5y t\u1eeb c\u00e1c v\u00f9ng n\u1ed5i ti\u1ebfng v\u00e0 \u0111\u01b0\u1ee3c \u1ee7 trong th\u00f9ng g\u1ed7 s\u1ed3i, \u0111\u01b0\u1ee3c ch\u01b0ng c\u1ea5t nhi\u1ec1u n\u0103m m\u1edbi cho ra \u0111\u01b0\u1ee3c d\u00f2ng\u00a0<strong>whisky<\/strong>\u00a0th\u01b0\u1ee3ng h\u1ea1ng n\u00e0y. V\u1edbi c\u00f4ng th\u1ee9c pha tr\u1ed9n lu\u00f4n \u0111\u01b0\u1ee3c c\u1ea5t gi\u1eef v\u00e0 ch\u1ec9 truy\u1ec1n l\u1ea1i t\u1eeb c\u00e1c chuy\u00ean gia pha ch\u1ebf (Master Of Blender) cho ng\u01b0\u1eddi k\u1ebf nghi\u1ec7p. N\u00ean\u00a0Ballantines 17 YO\u00a0th\u1ec3 hi\u1ec7n \u0111\u01b0\u1ee3c t\u1ea5t c\u1ea3 nh\u1eefng h\u01b0\u01a1ng v\u1ecb \u0111\u1eadm ch\u1ea5t Scotland. \u0110\u00e2y \u0111\u01b0\u1ee3c xem l\u00e0 m\u1ed9t trong nh\u1eefng d\u00f2ng\u00a0<strong>whisky<\/strong>\u00a0c\u1ed5 \u0111i\u1ec3n v\u00e0 cao c\u1ea5p c\u1ee7a th\u1ebf gi\u1edbi.<\/p>\n<p>M\u00e0u s\u1eafc v\u00e0ng h\u1ed5 ph\u00e1ch l\u1ea5p l\u00e1nh \u0111\u1eb7c tr\u01b0ng c\u1ee7a d\u00f2ng\u00a0<strong>Ballantine&#8217;s<\/strong>\u00a0v\u00e0 h\u01b0\u01a1ng v\u1ecb kh\u00f3 qu\u00ean c\u1ee7a m\u1ed9t s\u1ea3n ph\u1ea9m\u00a0<strong>whisky<\/strong>\u00a0cao c\u1ea5p c\u1ee7a th\u1ebf gi\u1edbi s\u1ebd \u0111em l\u1ea1i cho ng\u01b0\u1eddi th\u01b0\u1edfng th\u1ee9c nh\u1eefng tr\u1ea3i nghi\u1ec7m kh\u00f3 qu\u00ean<\/p>\n<p>*\u00a0\u00a0<strong>M\u00e0u R\u01b0\u1ee3u :<\/strong>\u00a0V\u00e0ng h\u1ed5 ph\u00e1ch.<\/p>\n<p>*<strong>\u00a0 M\u0169i\u00a0<\/strong>: H\u01b0\u01a1ng s\u00e2u , c\u00e2n b\u1eb1ng , tinh t\u1ebf c\u1ee7a g\u1ed7 s\u1ed3i , kh\u00f3i nh\u1eb9 v\u00e0 vani.<\/p>\n<p>*\u00a0\u00a0<strong>V\u00f2m mi\u1ec7ng\u00a0<\/strong>: H\u01b0\u01a1ng v\u1ecb tr\u00f2n \u0111\u1ea7y , \u0111a chi\u1ec1u , r\u1ef1c r\u1ee1 v\u1edbi v\u1ecb ng\u1ecdt c\u1ee7a m\u1eadt ong c\u00f9ng h\u01b0\u01a1ng v\u1ecb kem vani xen c\u00f9ng h\u01b0\u01a1ng g\u1ed7 s\u1ed3i v\u00e0 kh\u00f3i than b\u00f9n \u0111\u1ed1t. H\u01b0\u01a1ng kem m\u01b0\u1ee3t m\u00e0 h\u00e0i h\u00f2a v\u1edbi v\u1ecb ng\u1ecdt d\u1ecbu c\u1ee7a g\u1ed7 s\u1ed3i ,<\/p>\n<p>*\u00a0\u00a0<strong>K\u1ebft th\u00fac :<\/strong>\u00a0K\u00e9o d\u00e0i v\u1edbi h\u01b0\u01a1ng kh\u00f3i nh\u1eb9 , vani , v\u00e0 k\u1ebft th\u00fac v\u1edbi h\u01b0\u01a1ng v\u1ecb m\u1eb7n m\u00e0 c\u1ee7a mu\u1ed1i.<\/p>\n<div>*<strong>\u00a0 C\u00e1ch d\u00f9ng:<\/strong>\u00a0Cho\u00a0<strong>Ballantine&#8217;s<\/strong>\u00a0v\u00e0o ly ng\u1eafn b\u1ecf v\u00e0i vi\u00ean \u0111\u00e1<\/div>\n","protected":false},"excerpt":{"rendered":"<p>M\u00e3 s\u1ea3n ph\u1ea9m: BALL04<\/p>\n<p>Xu\u1ea5t x\u1ee9:\u00a0<strong>Scotland<\/strong><\/p>\n<p>N\u1ed3ng \u0111\u1ed9 (% vol):\u00a0<strong>40<\/strong><\/p>\n<p>Th\u1ec3 t\u00edch (ml):\u00a0<strong>700<\/strong><\/p>\n<p>K\u00edch th\u01b0\u1edbc<\/p>\n<div class=\"clearfix\"><\/div>\n<div id=\"order-box\"><\/div>\n","protected":false},"featured_media":362,"comment_status":"open","ping_status":"closed","template":"","meta":[],"_links":{"self":[{"href":"https:\/\/sammarco.vn\/index.php?rest_route=\/wp\/v2\/product\/361"}],"collection":[{"href":"https:\/\/sammarco.vn\/index.php?rest_route=\/wp\/v2\/product"}],"about":[{"href":"https:\/\/sammarco.vn\/index.php?rest_route=\/wp\/v2\/types\/product"}],"replies":[{"embeddable":true,"href":"https:\/\/sammarco.vn\/index.php?rest_route=%2Fwp%2Fv2%2Fcomments&post=361"}],"wp:featuredmedia":[{"embeddable":true,"href":"https:\/\/sammarco.vn\/index.php?rest_route=\/wp\/v2\/media\/362"}],"wp:attachment":[{"href":"https:\/\/sammarco.vn\/index.php?rest_route=%2Fwp%2Fv2%2Fmedia&parent=361"}],"curies":[{"name":"wp","href":"https:\/\/api.w.org\/{rel}","templated":true}]}}